{"id":10648,"date":"2024-04-27T10:45:40","date_gmt":"2024-04-27T08:45:40","guid":{"rendered":"https:\/\/www.xaption.de\/?page_id=10648"},"modified":"2026-05-02T19:42:18","modified_gmt":"2026-05-02T17:42:18","slug":"xrechnung","status":"publish","type":"page","link":"https:\/\/www.xaption.de\/en\/xrechnung\/","title":{"rendered":"XRechnung - E-Invoices in SAP"},"content":{"rendered":"<div class=\"vc_row wpb_row vc_row-fluid\"><div class=\"wpb_column vc_column_container vc_col-sm-6\"><div class=\"vc_column-inner\"><div class=\"wpb_wrapper\">\n\t<div  class=\"wpb_single_image wpb_content_element vc_align_center\">\n\t\t\n\t\t<figure class=\"wpb_wrapper vc_figure\">\n\t\t\t<div class=\"vc_single_image-wrapper   vc_box_border_grey\"><img loading=\"lazy\" decoding=\"async\" width=\"309\" height=\"517\" src=\"https:\/\/www.xaption.de\/wp-content\/uploads\/XRechnung_box_309x517-1.png\" class=\"vc_single_image-img attachment-full\" alt=\"\" srcset=\"https:\/\/www.xaption.de\/wp-content\/uploads\/XRechnung_box_309x517-1.png 309w, https:\/\/www.xaption.de\/wp-content\/uploads\/XRechnung_box_309x517-1-179x300.png 179w, https:\/\/www.xaption.de\/wp-content\/uploads\/XRechnung_box_309x517-1-7x12.png 7w, https:\/\/www.xaption.de\/wp-content\/uploads\/XRechnung_box_309x517-1-75x125.png 75w\" sizes=\"auto, (max-width: 309px) 100vw, 309px\" \/><\/div>\n\t\t<\/figure>\n\t<\/div>\n<\/div><\/div><\/div><div class=\"wpb_column vc_column_container vc_col-sm-6\"><div class=\"vc_column-inner\"><div class=\"wpb_wrapper\">\n\t<div class=\"wpb_text_column wpb_content_element\" >\n\t\t<div class=\"wpb_wrapper\">\n\t\t\t<h3 class=\"product_title entry-title\">XRechnung - Create E-Invoices right from SAP<\/h3>\n<div class=\"woocommerce-product-details__short-description\">\n<p><span class=\"text-lg\"><b>Features<\/b><\/span><\/p>\n<ul>\n<li><span class=\"text-lg\">Automatic creation of electronic invoices right from SAP<\/span><\/li>\n<li><span class=\"text-lg\">Integrated with standard billing process<\/span><\/li>\n<li><span class=\"text-lg\">Format CIUS Extension XRechnung (EN 16931)<\/span><\/li>\n<li><span class=\"text-lg\">Legal certainty under the Growth Opportunities Act<\/span><\/li>\n<li><span class=\"text-lg\">Invoice receipt with automatic pre-entry of incoming invoice documents (MIRO)<\/span><\/li>\n<li><span class=\"text-lg\">Automatic storage of the PDF invoice and the XML file via archive link<\/span><\/li>\n<\/ul>\n<p><span class=\"text-lg\"><strong>Category:<\/strong> <a href=\"\/en\/finanz-und-rechnungswesen\/\" rel=\"tag\">Billing, Finance<\/a><\/span><\/p>\n<p><span class=\"text-lg\"><strong>Need for action<\/strong> <a href=\"https:\/\/erechnungspflicht2026.de\/en\" rel=\"tag\">E-Invoicing Mandatory in 2026<\/a><\/span><\/p>\n<\/div>\n\n\t\t<\/div>\n\t<\/div>\n<div class=\"es-resp\">\t<div class=\"visible-xl\" style=\"height: 64px;\"><\/div>\t<div class=\"hidden-xl hidden-md hidden-sm hidden-ms hidden-xs\" style=\"height: 64px;\"><\/div>\t<div class=\"visible-md\" style=\"height: 64px;\"><\/div>\t<div class=\"visible-sm\" style=\"height: 64px;\"><\/div>\t<div class=\"visible-ms\" style=\"height: 32px;\"><\/div>\t<div class=\"visible-xs\" style=\"height: 32px;\"><\/div><\/div><\/div><\/div><\/div><\/div><div class=\"vc_row wpb_row vc_row-fluid\"><div class=\"wpb_column vc_column_container vc_col-sm-12\"><div class=\"vc_column-inner\"><div class=\"wpb_wrapper\"><div class=\"vc_tta-container\" data-vc-action=\"collapse\"><div class=\"vc_general vc_tta vc_tta-tabs vc_tta-color-grey vc_tta-style-classic vc_tta-shape-rounded vc_tta-spacing-1 vc_tta-tabs-position-top vc_tta-controls-align-left\"><div class=\"vc_tta-tabs-container\"><ul class=\"vc_tta-tabs-list\"><li class=\"vc_tta-tab vc_active\" data-vc-tab><a href=\"#1591703114358-6a015a35-474e\" data-vc-tabs data-vc-container=\".vc_tta\"><span class=\"vc_tta-title-text\">Description<\/span><\/a><\/li><\/ul><\/div><div class=\"vc_tta-panels-container\"><div class=\"vc_tta-panels\"><div class=\"vc_tta-panel vc_active\" id=\"1591703114358-6a015a35-474e\" data-vc-content=\".vc_tta-panel-body\"><div class=\"vc_tta-panel-heading\"><h4 class=\"vc_tta-panel-title\"><a href=\"#1591703114358-6a015a35-474e\" data-vc-accordion data-vc-container=\".vc_tta-container\"><span class=\"vc_tta-title-text\">Description<\/span><\/a><\/h4><\/div><div class=\"vc_tta-panel-body\">\n\t<div class=\"wpb_text_column wpb_content_element\" >\n\t\t<div class=\"wpb_wrapper\">\n\t\t\t<p><span class=\"text-lg\"><b>An SAP add-on for the automatic generation of e-invoices in CIUS XRechnung format <span class=\"Apple-converted-space\">\u00a0<\/span><\/b><\/span><\/p>\n<p class=\"p1\"><span class=\"text-lg\">WIth the <b>Growth Opportunities Act<\/b>, which was promulgated in the Federal Law Gazette on 27.03.2024, electronic invoices (<b>E-Rechnungen<\/b>) will in future be issued in a structured electronic format that complies with the European invoicing standard <b>EN16931<\/b> and enables electronic processing.<\/span><\/p>\n<p class=\"p1\"><span class=\"text-lg\">The <b>Directive 2014\/55\/EU<\/b> provides a framework, but leaves member states their own leeway for the legal, organizational and technical design of the introduction of electronic invoicing. Provided that the design of national standards does not contradict the requirements of the European directive and standard, each member state may develop its own standards. Electronic invoices that conform to the standards of a member state and therefore conform to the CEN standard can be received and processed throughout Europe without any problems - the standard is intended to ensure the interoperability of the systems. The national version of the CEN will also <b>Core Invoice Usage Specification<\/b> (<b>CIUS<\/b>). In Germany, the national CIUS is the <strong>standard XRechnung<\/strong>.<\/span><\/p>\n<p class=\"p1\"><span class=\"text-lg\">According to article 27 <a href=\"https:\/\/de.wikipedia.org\/wiki\/Wachstumschancengesetz%22%20%5Co%20%22Wachstumschancengesetz\">of the Growth Opportunities Act<\/a> zur \u00c4nderung des Umsatzsteuergesetzes (UStG) erf\u00fcllt somit <strong>CIUS XRechnung<\/strong> die gesetzlichen Anforderungen an eine \u201eelektronische Rechnung\u201c.<\/span><\/p>\n<p class=\"p1\"><span class=\"text-lg\">Since <b>January, 1st 2025<\/b> the e-invoicing obligation between companies will be gradually introduced in Germany. In concrete terms, this means that electronic invoices will become mandatory in Germany for companies of all sizes and sectors - invoices issued exclusively as PDFs will no longer be permitted!<\/span><\/p>\n<p class=\"p1\"><span class=\"text-lg\">The transitional provision (Section 27 (39) UStG) only concerns the issuing of invoices.<\/span><\/p>\n<p class=\"p1\"><strong><span class=\"text-lg\">However, if the supplier has issued an e-invoice, the invoice recipient must receive and accept it in any case.<\/span><\/strong><\/p>\n<p class=\"p1\"><span class=\"text-lg\"><b>Xaption XRechnung<\/b> is a software solution<\/span><\/p>\n<ul class=\"ul1\">\n<li class=\"li1\"><span class=\"text-lg\">For generating e-invoices in CIUS XRechnung format (XML file)<\/span><\/li>\n<li class=\"li1\"><span class=\"text-lg\">To manage and process incoming e-invoices<\/span><\/li>\n<\/ul>\n<p class=\"p1\"><span class=\"text-lg\">However, the cost factor of mandatory e-invoicing can also be a <strong>gain for the operational structure and process organization<\/strong>, as a fully integrated software solution can make the process of invoicing and, above all, checking and processing incoming invoices more ergonomic and faster.<\/span><\/p>\n<p class=\"p1\"><span class=\"text-lg\">Xaption XRechnung consists of 2 product versions, both of which can be purchased and used separately and independently of each other:<\/span><\/p>\n<ul class=\"ul1\">\n<li class=\"li1\"><span class=\"text-lg\"><b>Xaption XRechnung &#8211; Outbound<\/b><\/span><\/li>\n<li class=\"li1\"><span class=\"text-lg\"><b>Xaption XRechnung &#8211; Inbound<\/b><\/span><\/li>\n<\/ul>\n\n\t\t<\/div>\n\t<\/div>\n<\/div><\/div><\/div><\/div><\/div><\/div><div class=\"vc_row wpb_row vc_inner vc_row-fluid\"><div class=\"wpb_column vc_column_container vc_col-sm-6\"><div class=\"vc_column-inner\"><div class=\"wpb_wrapper\">\n\t<div  class=\"wpb_single_image wpb_content_element vc_align_left\">\n\t\t\n\t\t<figure class=\"wpb_wrapper vc_figure\">\n\t\t\t<div class=\"vc_single_image-wrapper   vc_box_border_grey\"><img loading=\"lazy\" decoding=\"async\" width=\"1600\" height=\"1067\" src=\"https:\/\/www.xaption.de\/wp-content\/uploads\/E-Rechnung.jpg\" class=\"vc_single_image-img attachment-full\" alt=\"\" srcset=\"https:\/\/www.xaption.de\/wp-content\/uploads\/E-Rechnung.jpg 1600w, https:\/\/www.xaption.de\/wp-content\/uploads\/E-Rechnung-300x200.jpg 300w, https:\/\/www.xaption.de\/wp-content\/uploads\/E-Rechnung-1024x683.jpg 1024w, https:\/\/www.xaption.de\/wp-content\/uploads\/E-Rechnung-768x512.jpg 768w, https:\/\/www.xaption.de\/wp-content\/uploads\/E-Rechnung-1536x1024.jpg 1536w, https:\/\/www.xaption.de\/wp-content\/uploads\/E-Rechnung-18x12.jpg 18w, https:\/\/www.xaption.de\/wp-content\/uploads\/E-Rechnung-340x227.jpg 340w, https:\/\/www.xaption.de\/wp-content\/uploads\/E-Rechnung-600x400.jpg 600w, https:\/\/www.xaption.de\/wp-content\/uploads\/E-Rechnung-128x84.jpg 128w, https:\/\/www.xaption.de\/wp-content\/uploads\/E-Rechnung-125x83.jpg 125w\" sizes=\"auto, (max-width: 1600px) 100vw, 1600px\" \/><\/div>\n\t\t<\/figure>\n\t<\/div>\n<\/div><\/div><\/div><div class=\"wpb_column vc_column_container vc_col-sm-6\"><div class=\"vc_column-inner\"><div class=\"wpb_wrapper\">\n\t<div class=\"wpb_text_column wpb_content_element\" >\n\t\t<div class=\"wpb_wrapper\">\n\t\t\t<p class=\"p1\"><span class=\"text-lg\">The <strong>Xaption XRechnung<\/strong>:<\/span><\/p>\n<ul>\n<li><span class=\"text-lg\">Automatically generates emails with a corresponding text (multilingual customizable) in the billing process<\/span><\/li>\n<li><span class=\"text-lg\">The generated e-mails contain the readable invoice as a PDF and an XML attachment with the CIUS XRechnung.<\/span><\/li>\n<li><span class=\"text-lg\">When an invoice is received, the invoice is automatically pre-recorded and the attachments (XML + PDF) are assigned to the pre-recorded financial document and transferred to the invoice via <strong>SAP-Archive-Link<\/strong> filed.<\/span><\/li>\n<li><span class=\"text-lg\">The reference number(s) can be used to automatically determine the underlying orders and make them available for comparison.<\/span><\/li>\n<li><span class=\"text-lg\">In an ergonomic cockpit application, the XRechnungen received are compared with the orders and compared automatically.<\/span><\/li>\n<li><span class=\"text-lg\">Release proposals are generated directly if there is a 100% match.<\/span><\/li>\n<li><span class=\"text-lg\">A traffic light logic shows the degree of agreement.<\/span><\/li>\n<li><span class=\"text-lg\">Upon release, the parked document is posted as an incoming invoice, while the attachments are retained.<\/span><\/li>\n<\/ul>\n\n\t\t<\/div>\n\t<\/div>\n<\/div><\/div><\/div><\/div><div class=\"vc_row wpb_row vc_inner vc_row-fluid\"><div class=\"wpb_column vc_column_container vc_col-sm-12\"><div class=\"vc_column-inner\"><div class=\"wpb_wrapper\">\n\t<div class=\"wpb_text_column wpb_content_element\" >\n\t\t<div class=\"wpb_wrapper\">\n\t\t\t<p class=\"p1\"><span class=\"text-lg\">In this way, the <strong>semi-automated invoice verification is performed directly in SAP at low cost and without connecting external services.<\/strong><\/span><\/p>\n<p class=\"p1\"><span class=\"text-lg\">The topic of <strong>data security and data protection<\/strong> is therefore managed internally within SAP with no additional risk factors.<\/span><\/p>\n\n\t\t<\/div>\n\t<\/div>\n<\/div><\/div><\/div><\/div><\/div><\/div><\/div><\/div><div class=\"vc_row wpb_row vc_row-fluid\"><div class=\"wpb_column vc_column_container vc_col-sm-12\"><div class=\"vc_column-inner\"><div class=\"wpb_wrapper\"><div class=\"es-resp\">\t<div class=\"visible-xl\" style=\"height: 64px;\"><\/div>\t<div class=\"hidden-xl hidden-md hidden-sm hidden-ms hidden-xs\" style=\"height: 64px;\"><\/div>\t<div class=\"visible-md\" style=\"height: 64px;\"><\/div>\t<div class=\"visible-sm\" style=\"height: 64px;\"><\/div>\t<div class=\"visible-ms\" style=\"height: 32px;\"><\/div>\t<div class=\"visible-xs\" style=\"height: 32px;\"><\/div><\/div><div class=\"btn-wrap align-center\"><a href=\"mailto:info@xaption.de\"  class=\"btn  btn-default color-hover-default align-center\" id=\"like_sc_button_2061087551\">Send request or arrange a free web demo<\/a><\/div><div class=\"es-resp\">\t<div class=\"visible-xl\" style=\"height: 64px;\"><\/div>\t<div class=\"hidden-xl hidden-md hidden-sm hidden-ms hidden-xs\" style=\"height: 64px;\"><\/div>\t<div class=\"visible-md\" style=\"height: 64px;\"><\/div>\t<div class=\"visible-sm\" style=\"height: 64px;\"><\/div>\t<div class=\"visible-ms\" style=\"height: 32px;\"><\/div>\t<div class=\"visible-xs\" style=\"height: 32px;\"><\/div><\/div><div class=\"btn-wrap align-center\"><a href=\"\/en\/faq-xrechnung\/\"  class=\"btn  btn-default color-hover-default align-center\" id=\"like_sc_button_1816996185\">FAQ - XRechnung<\/a><\/div><\/div><\/div><\/div><\/div><div class=\"vc_row wpb_row vc_row-fluid\"><div class=\"wpb_column vc_column_container vc_col-sm-12\"><div class=\"vc_column-inner\"><div class=\"wpb_wrapper\"><div class=\"heading  default align-center color-black subcolor-main transform-default icon-type-default heading-tag-h3\" id=\"like_sc_header_1273483619\"><h3 class=\"header ltx-sr-id-like_sc_header_1273483619444124083 ltx-sr ltx-sr-effect-fade_in ltx-sr-el-block ltx-sr-delay-0 ltx-sr-duration-1000 ltx-sr-sequences-0\">More SAP add-ons<\/h3><\/div><div class=\"es-resp\">\t<div class=\"visible-xl\" style=\"height: 64px;\"><\/div>\t<div class=\"hidden-xl hidden-md hidden-sm hidden-ms hidden-xs\" style=\"height: 64px;\"><\/div>\t<div class=\"visible-md\" style=\"height: 64px;\"><\/div>\t<div class=\"visible-sm\" style=\"height: 64px;\"><\/div>\t<div class=\"visible-ms\" style=\"height: 32px;\"><\/div>\t<div class=\"visible-xs\" style=\"height: 32px;\"><\/div><\/div><\/div><\/div><\/div><\/div><div class=\"vc_row wpb_row vc_row-fluid\"><div class=\"wpb_column vc_column_container vc_col-sm-4\"><div class=\"vc_column-inner\"><div class=\"wpb_wrapper\">\n\t<div  class=\"wpb_single_image wpb_content_element vc_align_center  wpb_animate_when_almost_visible wpb_appear appear\">\n\t\t\n\t\t<figure class=\"wpb_wrapper vc_figure\">\n\t\t\t<a href=\"\/en\/xmcc-nachrichten-cockpit\/\" target=\"_self\" class=\"vc_single_image-wrapper   vc_box_border_grey\"><img loading=\"lazy\" decoding=\"async\" width=\"297\" height=\"497\" src=\"https:\/\/www.xaption.de\/wp-content\/uploads\/XMCC_box_309x517-e1591361843850.png\" class=\"vc_single_image-img attachment-full\" alt=\"\" srcset=\"https:\/\/www.xaption.de\/wp-content\/uploads\/XMCC_box_309x517-e1591361843850.png 297w, https:\/\/www.xaption.de\/wp-content\/uploads\/XMCC_box_309x517-e1591361843850-179x300.png 179w, https:\/\/www.xaption.de\/wp-content\/uploads\/XMCC_box_309x517-e1591361843850-75x125.png 75w\" sizes=\"auto, (max-width: 297px) 100vw, 297px\" \/><\/a>\n\t\t<\/figure>\n\t<\/div>\n<div class=\"heading  default align-center color-black subcolor-main transform-default icon-type-default heading-tag-h5\" id=\"like_sc_header_341013306\"><a href=\"\/en\/xmcc-nachrichten-cockpit\/\"><h5 class=\"header ltx-sr-id-like_sc_header_3410133061747806021 ltx-sr ltx-sr-effect-fade_in ltx-sr-el-block ltx-sr-delay-0 ltx-sr-duration-1000 ltx-sr-sequences-0\">XMCC - Messages Cockpit<\/h5><\/a><\/div><\/div><\/div><\/div><div class=\"wpb_column vc_column_container vc_col-sm-4\"><div class=\"vc_column-inner\"><div class=\"wpb_wrapper\">\n\t<div  class=\"wpb_single_image wpb_content_element vc_align_center  wpb_animate_when_almost_visible wpb_appear appear\">\n\t\t\n\t\t<figure class=\"wpb_wrapper vc_figure\">\n\t\t\t<a href=\"\/en\/xprc-produktions-cockpit\/\" target=\"_self\" class=\"vc_single_image-wrapper   vc_box_border_grey\"><img loading=\"lazy\" decoding=\"async\" width=\"297\" height=\"497\" src=\"https:\/\/www.xaption.de\/wp-content\/uploads\/XPRC_box_309x519-e1591359586247.png\" class=\"vc_single_image-img attachment-full\" alt=\"\" srcset=\"https:\/\/www.xaption.de\/wp-content\/uploads\/XPRC_box_309x519-e1591359586247.png 297w, https:\/\/www.xaption.de\/wp-content\/uploads\/XPRC_box_309x519-e1591359586247-179x300.png 179w, https:\/\/www.xaption.de\/wp-content\/uploads\/XPRC_box_309x519-e1591359586247-75x125.png 75w\" sizes=\"auto, (max-width: 297px) 100vw, 297px\" \/><\/a>\n\t\t<\/figure>\n\t<\/div>\n<div class=\"heading  default align-center color-black subcolor-main transform-default icon-type-default heading-tag-h5\" id=\"like_sc_header_172177654\"><a href=\"\/en\/xprc-produktions-cockpit\/\"><h5 class=\"header ltx-sr-id-like_sc_header_172177654275272418 ltx-sr ltx-sr-effect-fade_in ltx-sr-el-block ltx-sr-delay-0 ltx-sr-duration-1000 ltx-sr-sequences-0\">XPRC - Production Cockpit<\/h5><\/a><\/div><\/div><\/div><\/div><div class=\"wpb_column vc_column_container vc_col-sm-4\"><div class=\"vc_column-inner\"><div class=\"wpb_wrapper\">\n\t<div  class=\"wpb_single_image wpb_content_element vc_align_center  wpb_animate_when_almost_visible wpb_appear appear\">\n\t\t\n\t\t<figure class=\"wpb_wrapper vc_figure\">\n\t\t\t<a href=\"\/en\/xipp-interner-bestellprozess\/\" target=\"_self\" class=\"vc_single_image-wrapper   vc_box_border_grey\"><img loading=\"lazy\" decoding=\"async\" width=\"297\" height=\"497\" src=\"https:\/\/www.xaption.de\/wp-content\/uploads\/XIPP_box_309x517-e1591361540527.png\" class=\"vc_single_image-img attachment-full\" alt=\"\" srcset=\"https:\/\/www.xaption.de\/wp-content\/uploads\/XIPP_box_309x517-e1591361540527.png 297w, https:\/\/www.xaption.de\/wp-content\/uploads\/XIPP_box_309x517-e1591361540527-179x300.png 179w, https:\/\/www.xaption.de\/wp-content\/uploads\/XIPP_box_309x517-e1591361540527-75x125.png 75w\" sizes=\"auto, (max-width: 297px) 100vw, 297px\" \/><\/a>\n\t\t<\/figure>\n\t<\/div>\n<div class=\"heading  default align-center color-black subcolor-main transform-default icon-type-default heading-tag-h5\" id=\"like_sc_header_1932447628\"><a href=\"\/en\/xipp-interner-bestellprozess\/\"><h5 class=\"header ltx-sr-id-like_sc_header_19324476281874051476 ltx-sr ltx-sr-effect-fade_in ltx-sr-el-block ltx-sr-delay-0 ltx-sr-duration-1000 ltx-sr-sequences-0\">XIPP - Internal Order Process<\/h5><\/a><\/div><\/div><\/div><\/div><\/div>","protected":false},"excerpt":{"rendered":"XRechnung \u2013 E-Rechnungen direkt aus SAP Leistungsmerkmale Automatische Erzeugung elektronischer Rechnungen direkt aus SAP Integriert in den Standard-Fakturierungsprozess Format CIUS Extension XRechnung (EN 16931) Rechtssicherheit nach dem Wachstumschancengesetz Rechnungseingang mit automatischer Vorerfassung von Eingangsrechnungsbelegen (MIRO) Automatische Ablage der PDF-Rechnung und der XML-Datei \u00fcber Archive-Link Kategorie: Fakturierung, Finanz- und Rechnungswesen Handlungsbedarf: E-Rechnungspflicht in 2026 BeschreibungBeschreibung Ein SAP-AddOn zur maschinellen Erzeugung von E-Rechnungen im CIUS XRechnung-Format \u00a0 Mit dem Wachstumschancengesetz, welches am 27.03.2024 im Bundesgesetzblatt verk\u00fcndet wurde, m\u00fcssen elektronische Rechnungen (E-Rechnungen) k\u00fcnftig in einem strukturierten elektronischen Format ausgestellt werden, das dem europ\u00e4ischen Rechnungsstandard EN16931 entspricht und die elektronische Verarbeitung erm\u00f6glicht. Die Richtlinie 2014\/55\/EU gibt einen Rahmen vor, l\u00e4sst Mitgliedsstaaten jedoch eigene Spielr\u00e4ume f\u00fcr die rechtliche, organisatorische und technische Ausgestaltung bei Einf\u00fchrung der elektronischen Rechnung. Unter der Voraussetzung, dass die Ausgestaltung nationaler Standards nicht den Vorgaben der europ\u00e4ischen Richtlinie und Norm widerspricht, darf jeder Mitgliedstaat eigene Standards entwickeln. Elektronische Rechnungen, die konform zu [...]","protected":false},"author":1,"featured_media":0,"parent":0,"menu_order":3,"comment_status":"closed","ping_status":"closed","template":"","meta":{"footnotes":""},"class_list":["post-10648","page","type-page","status-publish","hentry"],"aioseo_notices":[],"_links":{"self":[{"href":"https:\/\/www.xaption.de\/en\/wp-json\/wp\/v2\/pages\/10648","targetHints":{"allow":["GET"]}}],"collection":[{"href":"https:\/\/www.xaption.de\/en\/wp-json\/wp\/v2\/pages"}],"about":[{"href":"https:\/\/www.xaption.de\/en\/wp-json\/wp\/v2\/types\/page"}],"author":[{"embeddable":true,"href":"https:\/\/www.xaption.de\/en\/wp-json\/wp\/v2\/users\/1"}],"replies":[{"embeddable":true,"href":"https:\/\/www.xaption.de\/en\/wp-json\/wp\/v2\/comments?post=10648"}],"version-history":[{"count":11,"href":"https:\/\/www.xaption.de\/en\/wp-json\/wp\/v2\/pages\/10648\/revisions"}],"predecessor-version":[{"id":10768,"href":"https:\/\/www.xaption.de\/en\/wp-json\/wp\/v2\/pages\/10648\/revisions\/10768"}],"wp:attachment":[{"href":"https:\/\/www.xaption.de\/en\/wp-json\/wp\/v2\/media?parent=10648"}],"curies":[{"name":"wp","href":"https:\/\/api.w.org\/{rel}","templated":true}]}}