{"id":6157,"date":"2018-10-02T23:48:05","date_gmt":"2018-10-02T23:48:05","guid":{"rendered":"http:\/\/test.xaption.de\/?page_id=6157"},"modified":"2020-07-15T16:48:59","modified_gmt":"2020-07-15T14:48:59","slug":"about-us","status":"publish","type":"page","link":"https:\/\/www.xaption.de\/en\/about-us\/","title":{"rendered":"Company"},"content":{"rendered":"<section class=\"vc_section text-align-center-md-sm-ms\"><div class=\"vc_row wpb_row vc_row-fluid\"><div class=\"wpb_column vc_column_container vc_col-sm-6 vc_col-lg-6 text-align-center-md-sm-ms\"><div class=\"vc_column-inner\"><div class=\"wpb_wrapper\"><div class=\"es-resp\">\t<div class=\"visible-xl\" style=\"height: 64px;\"><\/div>\t<div class=\"hidden-xl hidden-md hidden-sm hidden-ms hidden-xs\" style=\"height: 64px;\"><\/div>\t<div class=\"visible-md\" style=\"height: 64px;\"><\/div>\t<div class=\"visible-sm\" style=\"height: 64px;\"><\/div>\t<div class=\"visible-ms\" style=\"height: 32px;\"><\/div>\t<div class=\"visible-xs\" style=\"height: 32px;\"><\/div><\/div><div class=\"heading  default align-left color-black subcolor-main transform-default icon-type-hidden heading-tag-h2\" id=\"like_sc_header_792137115\"><h2 class=\"header ltx-sr-id-like_sc_header_792137115605895960 ltx-sr ltx-sr-effect-fade_in ltx-sr-el-block ltx-sr-delay-0 ltx-sr-duration-1000 ltx-sr-sequences-0\">About the company<\/h2><\/div><div class=\"es-resp\">\t<div class=\"visible-xl\" style=\"height: 64px;\"><\/div>\t<div class=\"hidden-xl hidden-md hidden-sm hidden-ms hidden-xs\" style=\"height: 64px;\"><\/div>\t<div class=\"visible-md\" style=\"height: 64px;\"><\/div>\t<div class=\"visible-sm\" style=\"height: 64px;\"><\/div>\t<div class=\"visible-ms\" style=\"height: 32px;\"><\/div>\t<div class=\"visible-xs\" style=\"height: 32px;\"><\/div><\/div><div class=\"ltx-content-width col-align-left\" id=\"like_sc_content_width_778884147\" style=\"max-width: 620px\"><div class=\"ltx-wrapper\">\n\t<div class=\"wpb_text_column wpb_content_element\">\n\t\t<div class=\"wpb_wrapper\">\n\t\t\t<p><span class=\"text-lg\">Xaption GmbH is an SAP service provider founded in 2003 by Elmar Schlecker &amp; Frank Wolf.<\/span><\/p>\n<p><span class=\"text-lg\">Our approach is pragmatic and solution-oriented and we are known for a very prompt implementation.<\/span><\/p>\n\n\t\t<\/div>\n\t<\/div>\n<\/div><\/div><div class=\"es-resp\">\t<div class=\"visible-xl\" style=\"height: 64px;\"><\/div>\t<div class=\"hidden-xl hidden-md hidden-sm hidden-ms hidden-xs\" style=\"height: 64px;\"><\/div>\t<div class=\"visible-md\" style=\"height: 64px;\"><\/div>\t<div class=\"visible-sm\" style=\"height: 64px;\"><\/div>\t<div class=\"visible-ms\" style=\"height: 32px;\"><\/div>\t<div class=\"visible-xs\" style=\"height: 32px;\"><\/div><\/div><\/div><\/div><\/div><div class=\"wpb_column vc_column_container vc_col-sm-6\"><div class=\"vc_column-inner\"><div class=\"wpb_wrapper\"><div class=\"es-resp\">\t<div class=\"visible-xl\" style=\"height: 64px;\"><\/div>\t<div class=\"hidden-xl hidden-md hidden-sm hidden-ms hidden-xs\" style=\"height: 64px;\"><\/div>\t<div class=\"visible-md\" style=\"height: 64px;\"><\/div>\t<div class=\"visible-sm\" style=\"height: 64px;\"><\/div>\t<div class=\"visible-ms\" style=\"height: 32px;\"><\/div>\t<div class=\"visible-xs\" style=\"height: 32px;\"><\/div><\/div><div class=\"es-resp\">\t<div class=\"visible-xl\" style=\"height: 64px;\"><\/div>\t<div class=\"hidden-xl hidden-md hidden-sm hidden-ms hidden-xs\" style=\"height: 64px;\"><\/div>\t<div class=\"visible-md\" style=\"height: 64px;\"><\/div>\t<div class=\"visible-sm\" style=\"height: 64px;\"><\/div>\t<div class=\"visible-ms\" style=\"height: 32px;\"><\/div>\t<div class=\"visible-xs\" style=\"height: 32px;\"><\/div><\/div>\n\t<div class=\"wpb_video_widget wpb_content_element vc_clearfix   vc_video-aspect-ratio-169 vc_video-el-width-100 vc_video-align-center\" >\n\t\t<div class=\"wpb_wrapper\">\n\t\t\t\n\t\t\t<div class=\"wpb_video_wrapper\"><iframe loading=\"lazy\" title=\"Xaption GmbH -- SAP Software Partner (Unternehmensfilm)\" width=\"500\" height=\"281\" src=\"https:\/\/www.youtube.com\/embed\/ycjCIN44C3I?feature=oembed\" frameborder=\"0\" allow=\"accelerometer; autoplay; clipboard-write; encrypted-media; gyroscope; picture-in-picture; web-share\" referrerpolicy=\"strict-origin-when-cross-origin\" allowfullscreen><\/iframe><\/div>\n\t\t<\/div>\n\t<\/div>\n<div class=\"es-resp\">\t<div class=\"visible-xl\" style=\"height: 64px;\"><\/div>\t<div class=\"hidden-xl hidden-md hidden-sm hidden-ms hidden-xs\" style=\"height: 64px;\"><\/div>\t<div class=\"visible-md\" style=\"height: 64px;\"><\/div>\t<div class=\"visible-sm\" style=\"height: 64px;\"><\/div>\t<div class=\"visible-ms\" style=\"height: 32px;\"><\/div>\t<div class=\"visible-xs\" style=\"height: 32px;\"><\/div><\/div><\/div><\/div><\/div><\/div><\/section><section data-vc-full-width=\"true\" data-vc-full-width-init=\"false\" class=\"vc_section vc_custom_1588854046811 bg-color-gray text-align-center-md-sm-ms\"><div class=\"vc_row wpb_row vc_row-fluid\"><div class=\"wpb_column vc_column_container vc_col-sm-12\"><div class=\"vc_column-inner\"><div class=\"wpb_wrapper\"><div class=\"es-resp\">\t<div class=\"visible-xl\" style=\"height: 64px;\"><\/div>\t<div class=\"hidden-xl hidden-md hidden-sm hidden-ms hidden-xs\" style=\"height: 64px;\"><\/div>\t<div class=\"visible-md\" style=\"height: 64px;\"><\/div>\t<div class=\"visible-sm\" style=\"height: 64px;\"><\/div>\t<div class=\"visible-ms\" style=\"height: 32px;\"><\/div>\t<div class=\"visible-xs\" style=\"height: 32px;\"><\/div><\/div>\n\t<div class=\"wpb_text_column wpb_content_element\" >\n\t\t<div class=\"wpb_wrapper\">\n\t\t\t<p><span class=\"text-lg\">Xaption (\u025bks\u025bp\u0161\u0259n) is both name and program of our company.\u00a0X from \"eXtreme programming\" stands for pragmatic and solution-oriented prototyping.<\/span><\/p>\n<p><span class=\"text-lg\">Xap means \"extended SAP\", which means an enhancement of SAP with regard to customer-specific solutions. Our own SAP system is therefore also called XAP.<\/span><\/p>\n<p><span class=\"text-lg\">aption stands for \"Adaption\", i.e. adapting SAP to additional components, which we understand as add-ons and develop and sell as products.\u00a0If you build these language elements together to a word, Xaption comes out of it.<\/span><\/p>\n<p><span class=\"text-lg\">Based on the English word \"Exception\", we would like to make clear our exceptional position compared to our competitors, because we are usually faster and better, in any case more pragmatic, but certainly always different.<\/span><\/p>\n\n\t\t<\/div>\n\t<\/div>\n<\/div><\/div><\/div><\/div><\/section><div class=\"vc_row-full-width vc_clearfix\"><\/div>","protected":false},"excerpt":{"rendered":"\u00dcber uns Die Xaption GmbH ist ein im Jahr 2003 von Elmar Schlecker &amp; Frank Wolf gegr\u00fcndeter SAP-Dienstleister. Unsere Vorgehensweise pragmatisch sowie l\u00f6sungsorientiert und wir sind f\u00fcr eine sehr zeitnahe Umsetzung bekannt. Xaption\u00a0(\u025bks\u025bp\u0161\u0259n)\u00a0ist sowohl Name als auch Programm unserer Firma.\u00a0X\u00a0von \"eXtreme programming\" steht f\u00fcr pragmatisches und l\u00f6sungsorientiertes Prototyping. Xap\u00a0bedeutet \"extended SAP\", das hei\u00dft eine Erweiterung von SAP hinsichtlich kundenindividueller L\u00f6sungen. Unserer eigenes SAP System nennt sich daher auch XAP. aption\u00a0steht f\u00fcr \"Adaption\", also SAP um weitere Komponenten adaptieren, welche wir als Add-ons verstehen und als Produkte entwickeln und vertreiben.\u00a0Baut man diese Sprachelemente zu einem Wort zusammen kommt Xaption dabei heraus. In Anlehnung an das englische\u00a0Wort \"Exception\" m\u00f6chten wir klar unsere Ausnahmestellung gegen\u00fcber Mitbewerbern deutlich machen, weil wir meist schneller und besser, auf jeden Fall pragmatischer, aber sicher immer anders sind.","protected":false},"author":1,"featured_media":0,"parent":0,"menu_order":44,"comment_status":"closed","ping_status":"closed","template":"","meta":{"footnotes":""},"class_list":["post-6157","page","type-page","status-publish","hentry"],"aioseo_notices":[],"_links":{"self":[{"href":"https:\/\/www.xaption.de\/en\/wp-json\/wp\/v2\/pages\/6157","targetHints":{"allow":["GET"]}}],"collection":[{"href":"https:\/\/www.xaption.de\/en\/wp-json\/wp\/v2\/pages"}],"about":[{"href":"https:\/\/www.xaption.de\/en\/wp-json\/wp\/v2\/types\/page"}],"author":[{"embeddable":true,"href":"https:\/\/www.xaption.de\/en\/wp-json\/wp\/v2\/users\/1"}],"replies":[{"embeddable":true,"href":"https:\/\/www.xaption.de\/en\/wp-json\/wp\/v2\/comments?post=6157"}],"version-history":[{"count":60,"href":"https:\/\/www.xaption.de\/en\/wp-json\/wp\/v2\/pages\/6157\/revisions"}],"predecessor-version":[{"id":9585,"href":"https:\/\/www.xaption.de\/en\/wp-json\/wp\/v2\/pages\/6157\/revisions\/9585"}],"wp:attachment":[{"href":"https:\/\/www.xaption.de\/en\/wp-json\/wp\/v2\/media?parent=6157"}],"curies":[{"name":"wp","href":"https:\/\/api.w.org\/{rel}","templated":true}]}}