{"id":7117,"date":"2020-04-21T15:57:43","date_gmt":"2020-04-21T13:57:43","guid":{"rendered":"http:\/\/test.xaption.de\/?page_id=7117"},"modified":"2025-01-03T12:19:39","modified_gmt":"2025-01-03T11:19:39","slug":"xvat-ust-idnr-pruefung","status":"publish","type":"page","link":"https:\/\/www.xaption.de\/en\/xvat-ust-idnr-pruefung\/","title":{"rendered":"XVAT - VAT ID No. Examination"},"content":{"rendered":"<div class=\"vc_row wpb_row vc_row-fluid\"><div class=\"wpb_column vc_column_container vc_col-sm-6\"><div class=\"vc_column-inner\"><div class=\"wpb_wrapper\">\n\t<div  class=\"wpb_single_image wpb_content_element vc_align_center\">\n\t\t\n\t\t<figure class=\"wpb_wrapper vc_figure\">\n\t\t\t<div class=\"vc_single_image-wrapper   vc_box_border_grey\"><img loading=\"lazy\" decoding=\"async\" width=\"309\" height=\"497\" src=\"https:\/\/www.xaption.de\/wp-content\/uploads\/XVAT_box_309x497-1.png\" class=\"vc_single_image-img attachment-full\" alt=\"\" srcset=\"https:\/\/www.xaption.de\/wp-content\/uploads\/XVAT_box_309x497-1.png 309w, https:\/\/www.xaption.de\/wp-content\/uploads\/XVAT_box_309x497-1-187x300.png 187w, https:\/\/www.xaption.de\/wp-content\/uploads\/XVAT_box_309x497-1-78x125.png 78w\" sizes=\"auto, (max-width: 309px) 100vw, 309px\" \/><\/div>\n\t\t<\/figure>\n\t<\/div>\n<\/div><\/div><\/div><div class=\"wpb_column vc_column_container vc_col-sm-6\"><div class=\"vc_column-inner\"><div class=\"wpb_wrapper\">\n\t<div class=\"wpb_text_column wpb_content_element\" >\n\t\t<div class=\"wpb_wrapper\">\n\t\t\t<h3>XVAT - VAT ID No. Examination<\/h3>\n<p><span class=\"text-lg\"><strong>Features\u00a0<\/strong><\/span><\/p>\n<ul>\n<li><span class=\"text-lg\">Release status: from ERP 6.0 up to S\/4HANA<\/span><\/li>\n<li><span class=\"text-lg\">Integrated in<\/span>\n<ul>\n<li style=\"list-style-type: none;\">\n<ul>\n<li><span class=\"text-lg\">Customer partner master data maintenance<\/span><\/li>\n<li><span class=\"text-lg\">Creditors partner master data maintenance<\/span><\/li>\n<li><span class=\"text-lg\">Business partner master data maintenance<\/span><\/li>\n<li><span class=\"text-lg\">Sales document processing<\/span><\/li>\n<li><span class=\"text-lg\">Supply generation<\/span><\/li>\n<li><span class=\"text-lg\">Invoicing<\/span><\/li>\n<li><span class=\"text-lg\">Posting financial documents<\/span><\/li>\n<\/ul>\n<\/li>\n<\/ul>\n<\/li>\n<li><span class=\"text-lg\">RFC enabled<\/span><\/li>\n<li><span class=\"text-lg\">Object oriented programming<\/span><\/li>\n<li><span class=\"text-lg\">Easy to install in any application<\/span><\/li>\n<li>\n<p class=\"Untertitel\"><span class=\"text-lg\">SAP certified software solution<\/span><\/p>\n<\/li>\n<\/ul>\n<p><span class=\"text-lg\"><strong>Category:<\/strong><a href=\"\/en\/finanz-und-rechnungswesen\/\">\u00a0Finance\u00a0<\/a><\/span><\/p>\n\n\t\t<\/div>\n\t<\/div>\n<div class=\"es-resp\">\t<div class=\"visible-xl\" style=\"height: 64px;\"><\/div>\t<div class=\"hidden-xl hidden-md hidden-sm hidden-ms hidden-xs\" style=\"height: 64px;\"><\/div>\t<div class=\"visible-md\" style=\"height: 64px;\"><\/div>\t<div class=\"visible-sm\" style=\"height: 64px;\"><\/div>\t<div class=\"visible-ms\" style=\"height: 32px;\"><\/div>\t<div class=\"visible-xs\" style=\"height: 32px;\"><\/div><\/div><div class=\"btn-wrap\"><a href=\"https:\/\/www.youtube.com\/embed\/QwxVvd0NaiA?autoplay=1\"  class=\"btn  btn-default color-hover-default\" id=\"like_sc_button_260414329\">Video VAT ID No. Exam<\/a><\/div><\/div><\/div><\/div><\/div><div class=\"vc_row wpb_row vc_row-fluid\"><div class=\"wpb_column vc_column_container vc_col-sm-12\"><div class=\"vc_column-inner\"><div class=\"wpb_wrapper\"><div class=\"es-resp\">\t<div class=\"visible-xl\" style=\"height: 64px;\"><\/div>\t<div class=\"hidden-xl hidden-md hidden-sm hidden-ms hidden-xs\" style=\"height: 64px;\"><\/div>\t<div class=\"visible-md\" style=\"height: 64px;\"><\/div>\t<div class=\"visible-sm\" style=\"height: 64px;\"><\/div>\t<div class=\"visible-ms\" style=\"height: 32px;\"><\/div>\t<div class=\"visible-xs\" style=\"height: 32px;\"><\/div><\/div><div class=\"vc_tta-container\" data-vc-action=\"collapse\"><div class=\"vc_general vc_tta vc_tta-tabs vc_tta-color-grey vc_tta-style-classic vc_tta-shape-rounded vc_tta-spacing-1 vc_tta-tabs-position-top vc_tta-controls-align-left\"><div class=\"vc_tta-tabs-container\"><ul class=\"vc_tta-tabs-list\"><li class=\"vc_tta-tab vc_active\" data-vc-tab><a href=\"#1591282350224-7c116592-54cb\" data-vc-tabs data-vc-container=\".vc_tta\"><span class=\"vc_tta-title-text\">Description<\/span><\/a><\/li><\/ul><\/div><div class=\"vc_tta-panels-container\"><div class=\"vc_tta-panels\"><div class=\"vc_tta-panel vc_active\" id=\"1591282350224-7c116592-54cb\" data-vc-content=\".vc_tta-panel-body\"><div class=\"vc_tta-panel-heading\"><h4 class=\"vc_tta-panel-title\"><a href=\"#1591282350224-7c116592-54cb\" data-vc-accordion data-vc-container=\".vc_tta-container\"><span class=\"vc_tta-title-text\">Description<\/span><\/a><\/h4><\/div><div class=\"vc_tta-panel-body\">\n\t<div class=\"wpb_text_column wpb_content_element\" >\n\t\t<div class=\"wpb_wrapper\">\n\t\t\t<p><span class=\"text-lg\">Intra-Community deliveries and services are only exempt from domestic VAT if the VAT ID number of the recipient transmitted with the ZM is valid.\u00a0<\/span><span class=\"text-lg\">By regularly checking the VAT registration numbers of your active business partners, you avoid corresponding problems during tax audits and prevent liability for unpaid VAT on incorrectly issued invoices.<span class=\"Apple-converted-space\">\u00a0<\/span><\/span><\/p>\n\n\t\t<\/div>\n\t<\/div>\n<div class=\"vc_row wpb_row vc_inner vc_row-fluid\"><div class=\"wpb_column vc_column_container vc_col-sm-6\"><div class=\"vc_column-inner\"><div class=\"wpb_wrapper\">\n\t<div class=\"wpb_text_column wpb_content_element\" >\n\t\t<div class=\"wpb_wrapper\">\n\t\t\t<h4><\/h4>\n<p><span class=\"text-lg\"><strong>XVAT check<\/strong><\/span><\/p>\n<ul>\n<li><span class=\"text-lg\">For German company codes (BZSt.)<\/span><\/li>\n<li><span class=\"text-lg\">For Austrian company codes (FinanzOnline)<\/span><\/li>\n<li><span class=\"text-lg\">For company codes from all other EU countries (VIES)<\/span><\/li>\n<li><span class=\"text-lg\">During master data maintenance<\/span><\/li>\n<li><span class=\"text-lg\">In logistics processes (sales, billing, etc.)<\/span><\/li>\n<li><span class=\"text-lg\">upon delivery of goods<\/span><\/li>\n<li><span class=\"text-lg\">for services rendered<\/span><\/li>\n<li><span class=\"text-lg\">for chain and drop shipments<span class=\"Apple-converted-space\">\u00a0<\/span><\/span><\/li>\n<\/ul>\n<p><strong><span class=\"text-lg\">\u00a0<\/span><\/strong><\/p>\n\n\t\t<\/div>\n\t<\/div>\n<\/div><\/div><\/div><div class=\"wpb_column vc_column_container vc_col-sm-6\"><div class=\"vc_column-inner\"><div class=\"wpb_wrapper\">\n\t<div class=\"wpb_text_column wpb_content_element\" >\n\t\t<div class=\"wpb_wrapper\">\n\t\t\t<h4><\/h4>\n<p><span class=\"text-lg\"><strong>XVAT can be configured using numerous control parameters<\/strong><\/span><\/p>\n<p><span class=\"text-lg\">Examples:<\/span><\/p>\n<ul>\n<li><span class=\"text-lg\">Company codes, which company codes should generally participate in the check procedure<\/span><\/li>\n<li><span class=\"text-lg\">Authority service can be set per company code and subject (company code, country to be checked, service)<span class=\"Apple-converted-space\">\u00a0<\/span><\/span><\/li>\n<li><span class=\"text-lg\">SD: participating sales organizations, inspection-relevant partner functions, order types etc.<\/span><\/li>\n<li><span class=\"text-lg\">Authorization object for mass checks<\/span><\/li>\n<li><span class=\"text-lg\">System behaviour with negative test result<\/span><\/li>\n<\/ul>\n\n\t\t<\/div>\n\t<\/div>\n<\/div><\/div><\/div><\/div><\/div><\/div><\/div><\/div><\/div><\/div><div class=\"vc_row wpb_row vc_inner vc_row-fluid\"><div class=\"wpb_column vc_column_container vc_col-sm-12\"><div class=\"vc_column-inner\"><div class=\"wpb_wrapper\"><div class=\"heading  default align-center color-black subcolor-main transform-default icon-type-default heading-tag-h3\" id=\"like_sc_header_650386555\"><h3 class=\"header ltx-sr-id-like_sc_header_650386555702871031 ltx-sr ltx-sr-effect-fade_in ltx-sr-el-block ltx-sr-delay-0 ltx-sr-duration-1000 ltx-sr-sequences-0\">Process<\/h3><\/div>\n\t<div  class=\"wpb_single_image wpb_content_element vc_align_center\">\n\t\t\n\t\t<figure class=\"wpb_wrapper vc_figure\">\n\t\t\t<div class=\"vc_single_image-wrapper   vc_box_border_grey\"><\/div>\n\t\t<\/figure>\n\t<\/div>\n<\/div><\/div><\/div><\/div><div class=\"es-resp\">\t<div class=\"visible-xl\" style=\"height: 64px;\"><\/div>\t<div class=\"hidden-xl hidden-md hidden-sm hidden-ms hidden-xs\" style=\"height: 64px;\"><\/div>\t<div class=\"visible-md\" style=\"height: 64px;\"><\/div>\t<div class=\"visible-sm\" style=\"height: 64px;\"><\/div>\t<div class=\"visible-ms\" style=\"height: 32px;\"><\/div>\t<div class=\"visible-xs\" style=\"height: 32px;\"><\/div><\/div><div class=\"btn-wrap align-center\"><a href=\"mailto:info@xaption.de\"  class=\"btn  btn-default color-hover-default align-center\" id=\"like_sc_button_1131026132\">Send request or arrange a free web demo<\/a><\/div><div class=\"es-resp\">\t<div class=\"visible-xl\" style=\"height: 64px;\"><\/div>\t<div class=\"hidden-xl hidden-md hidden-sm hidden-ms hidden-xs\" style=\"height: 64px;\"><\/div>\t<div class=\"visible-md\" style=\"height: 64px;\"><\/div>\t<div class=\"visible-sm\" style=\"height: 64px;\"><\/div>\t<div class=\"visible-ms\" style=\"height: 32px;\"><\/div>\t<div class=\"visible-xs\" style=\"height: 32px;\"><\/div><\/div><div class=\"btn-wrap align-center\"><a href=\"\/en\/faq-xvat\/\"  class=\"btn  btn-default color-hover-default align-center\" id=\"like_sc_button_1214458779\">FAQ - XVAT<\/a><\/div><\/div><\/div><\/div><\/div><div class=\"vc_row wpb_row vc_row-fluid\"><div class=\"wpb_column vc_column_container vc_col-sm-12\"><div class=\"vc_column-inner\"><div class=\"wpb_wrapper\"><div class=\"heading  default align-center color-black subcolor-main transform-default icon-type-default heading-tag-h3\" id=\"like_sc_header_1546445787\"><h3 class=\"header ltx-sr-id-like_sc_header_1546445787990294241 ltx-sr ltx-sr-effect-fade_in ltx-sr-el-block ltx-sr-delay-0 ltx-sr-duration-1000 ltx-sr-sequences-0\">Other SAP Add-ons<\/h3><\/div><div class=\"es-resp\">\t<div class=\"visible-xl\" style=\"height: 64px;\"><\/div>\t<div class=\"hidden-xl hidden-md hidden-sm hidden-ms hidden-xs\" style=\"height: 64px;\"><\/div>\t<div class=\"visible-md\" style=\"height: 64px;\"><\/div>\t<div class=\"visible-sm\" style=\"height: 64px;\"><\/div>\t<div class=\"visible-ms\" style=\"height: 32px;\"><\/div>\t<div class=\"visible-xs\" style=\"height: 32px;\"><\/div><\/div><\/div><\/div><\/div><\/div><div class=\"vc_row wpb_row vc_row-fluid\"><div class=\"wpb_column vc_column_container vc_col-sm-4\"><div class=\"vc_column-inner\"><div class=\"wpb_wrapper\">\n\t<div  class=\"wpb_single_image wpb_content_element vc_align_center  wpb_animate_when_almost_visible wpb_appear appear\">\n\t\t\n\t\t<figure class=\"wpb_wrapper vc_figure\">\n\t\t\t<a href=\"\/en\/xglb-gelangensbestaetigung\/\" target=\"_self\" class=\"vc_single_image-wrapper   vc_box_border_grey\"><img loading=\"lazy\" decoding=\"async\" width=\"309\" height=\"497\" src=\"https:\/\/www.xaption.de\/wp-content\/uploads\/XGLB_box_309x497-1.png\" class=\"vc_single_image-img attachment-full\" alt=\"\" srcset=\"https:\/\/www.xaption.de\/wp-content\/uploads\/XGLB_box_309x497-1.png 309w, https:\/\/www.xaption.de\/wp-content\/uploads\/XGLB_box_309x497-1-187x300.png 187w, https:\/\/www.xaption.de\/wp-content\/uploads\/XGLB_box_309x497-1-78x125.png 78w\" sizes=\"auto, (max-width: 309px) 100vw, 309px\" \/><\/a>\n\t\t<\/figure>\n\t<\/div>\n<div class=\"heading  default align-center color-black subcolor-main transform-default icon-type-default heading-tag-h5\" id=\"like_sc_header_1699044896\"><a href=\"\/en\/xglb-gelangensbestaetigung\/\"><h5 class=\"header ltx-sr-id-like_sc_header_1699044896393596087 ltx-sr ltx-sr-effect-fade_in ltx-sr-el-block ltx-sr-delay-0 ltx-sr-duration-1000 ltx-sr-sequences-0\">XGLB - Confirmation of Receipt<\/h5><\/a><\/div><\/div><\/div><\/div><div class=\"wpb_column vc_column_container vc_col-sm-4\"><div class=\"vc_column-inner\"><div class=\"wpb_wrapper\">\n\t<div  class=\"wpb_single_image wpb_content_element vc_align_center  wpb_animate_when_almost_visible wpb_appear appear\">\n\t\t\n\t\t<figure class=\"wpb_wrapper vc_figure\">\n\t\t\t<a href=\"\/en\/xcrl-waehrungskurse-in-sap\/\" target=\"_self\" class=\"vc_single_image-wrapper   vc_box_border_grey\"><img loading=\"lazy\" decoding=\"async\" width=\"309\" height=\"497\" src=\"https:\/\/www.xaption.de\/wp-content\/uploads\/XVAT_box_309x497-1.png\" class=\"vc_single_image-img attachment-full\" alt=\"\" srcset=\"https:\/\/www.xaption.de\/wp-content\/uploads\/XVAT_box_309x497-1.png 309w, https:\/\/www.xaption.de\/wp-content\/uploads\/XVAT_box_309x497-1-187x300.png 187w, https:\/\/www.xaption.de\/wp-content\/uploads\/XVAT_box_309x497-1-78x125.png 78w\" sizes=\"auto, (max-width: 309px) 100vw, 309px\" \/><\/a>\n\t\t<\/figure>\n\t<\/div>\n<div class=\"heading  default align-center color-black subcolor-main transform-default icon-type-default heading-tag-h5\" id=\"like_sc_header_188981448\"><a href=\"\/en\/xcrl-waehrungskurse-in-sap\/\"><h5 class=\"header ltx-sr-id-like_sc_header_1889814481178172446 ltx-sr ltx-sr-effect-fade_in ltx-sr-el-block ltx-sr-delay-0 ltx-sr-duration-1000 ltx-sr-sequences-0\">XCRL - Exchange Rates in SAP<\/h5><\/a><\/div><\/div><\/div><\/div><div class=\"wpb_column vc_column_container vc_col-sm-4\"><div class=\"vc_column-inner\"><div class=\"wpb_wrapper\">\n\t<div  class=\"wpb_single_image wpb_content_element vc_align_center  wpb_animate_when_almost_visible wpb_appear appear\">\n\t\t\n\t\t<figure class=\"wpb_wrapper vc_figure\">\n\t\t\t<a href=\"\/en\/xcfa-cash-flow-analyser\/\" target=\"_self\" class=\"vc_single_image-wrapper   vc_box_border_grey\"><img loading=\"lazy\" decoding=\"async\" width=\"297\" height=\"497\" src=\"https:\/\/www.xaption.de\/wp-content\/uploads\/XCFA_box_309x517-e1597067081550.png\" class=\"vc_single_image-img attachment-full\" alt=\"\" srcset=\"https:\/\/www.xaption.de\/wp-content\/uploads\/XCFA_box_309x517-e1597067081550.png 297w, https:\/\/www.xaption.de\/wp-content\/uploads\/XCFA_box_309x517-e1597067081550-179x300.png 179w, https:\/\/www.xaption.de\/wp-content\/uploads\/XCFA_box_309x517-e1597067081550-75x125.png 75w\" sizes=\"auto, (max-width: 297px) 100vw, 297px\" \/><\/a>\n\t\t<\/figure>\n\t<\/div>\n<div class=\"heading  default align-center color-black subcolor-main transform-default icon-type-default heading-tag-h5\" id=\"like_sc_header_233154179\"><a href=\"\/en\/xcfa-cash-flow-analyser\/\"><h5 class=\"header ltx-sr-id-like_sc_header_233154179100764483 ltx-sr ltx-sr-effect-fade_in ltx-sr-el-block ltx-sr-delay-0 ltx-sr-duration-1000 ltx-sr-sequences-0\">XCFA - Cash Flow Analyser<\/h5><\/a><\/div><\/div><\/div><\/div><\/div>","protected":false},"excerpt":{"rendered":"XVAT - USt-IdNr. Pr\u00fcfung Leistungsmerkmale\u00a0 Releasestand: alle SAP-Systeme ab ERP 6.0 bis S\/4HANA Integriert in Debitoren Stammdaten Pflege Kreditoren Stammdaten Pflege Gesch\u00e4ftspartner Stammdaten Pflege Vertriebsbeleg Bearbeitung Lieferungserzeugung Fakturierung Buchung von Finanzbelegen RFC-f\u00e4hig Objektorientierte Programmierung Leicht einbaubar in beliebige Applikationen SAP zertifizierte Software L\u00f6sung Kategorie:\u00a0Finanz- und Rechnungswesen\u00a0 Video USt.-IdNr. Pr\u00fcfung BeschreibungBeschreibung Innergemeinschaftliche Lieferungen und Dienstleistungen sind nur dann von der inl\u00e4ndischen Umsatzsteuer befreit, wenn die mit der ZM \u00fcbermittelte USt-IdNr. des Empf\u00e4ngers g\u00fcltig ist.\u00a0Durch eine regelm\u00e4\u00dfigePr\u00fcfung der USt-IdNr. Ihrer aktiven Gesch\u00e4ftspartner vermeiden Sie entsprechende Probleme bei der Steuerpr\u00fcfung und verhindern eine Haftung f\u00fcr nicht abgef\u00fchrte Umsatzsteuer auf falsch ausgestellten Rechnungen.\u00a0 XVAT pr\u00fcft F\u00fcr deutsche Buchungskreise (BZSt.) F\u00fcr \u00f6sterreichische Buchungskreise (FinanzOnline) F\u00fcr Buchungskreise aus allen anderen EU-Staaten (VIES) Bei der Stammdatenpflege In logistischen Prozessen (Verkauf, Fakturierung, etc.) bei Warenlieferungen bei Dienstleistungserbringung bei Reihen-und Streckengesch\u00e4ften\u00a0 \u00a0 XVAT ist mittels zahlreicher Steuerparameter konfigurierbar Beispiele: Buchungskreise, welche Buchungskreise sollen generell am Pr\u00fcfverfahren teilnehmen Beh\u00f6rdendienst pro [...]","protected":false},"author":1,"featured_media":8665,"parent":0,"menu_order":23,"comment_status":"closed","ping_status":"closed","template":"","meta":{"footnotes":""},"class_list":["post-7117","page","type-page","status-publish","has-post-thumbnail","hentry"],"aioseo_notices":[],"_links":{"self":[{"href":"https:\/\/www.xaption.de\/en\/wp-json\/wp\/v2\/pages\/7117","targetHints":{"allow":["GET"]}}],"collection":[{"href":"https:\/\/www.xaption.de\/en\/wp-json\/wp\/v2\/pages"}],"about":[{"href":"https:\/\/www.xaption.de\/en\/wp-json\/wp\/v2\/types\/page"}],"author":[{"embeddable":true,"href":"https:\/\/www.xaption.de\/en\/wp-json\/wp\/v2\/users\/1"}],"replies":[{"embeddable":true,"href":"https:\/\/www.xaption.de\/en\/wp-json\/wp\/v2\/comments?post=7117"}],"version-history":[{"count":70,"href":"https:\/\/www.xaption.de\/en\/wp-json\/wp\/v2\/pages\/7117\/revisions"}],"predecessor-version":[{"id":10721,"href":"https:\/\/www.xaption.de\/en\/wp-json\/wp\/v2\/pages\/7117\/revisions\/10721"}],"wp:featuredmedia":[{"embeddable":true,"href":"https:\/\/www.xaption.de\/en\/wp-json\/wp\/v2\/media\/8665"}],"wp:attachment":[{"href":"https:\/\/www.xaption.de\/en\/wp-json\/wp\/v2\/media?parent=7117"}],"curies":[{"name":"wp","href":"https:\/\/api.w.org\/{rel}","templated":true}]}}