{"id":7133,"date":"2020-04-21T16:53:02","date_gmt":"2020-04-21T14:53:02","guid":{"rendered":"http:\/\/test.xaption.de\/?page_id=7133"},"modified":"2026-05-03T16:45:33","modified_gmt":"2026-05-03T14:45:33","slug":"xglb-gelangensbestaetigung","status":"publish","type":"page","link":"https:\/\/www.xaption.de\/en\/xglb-gelangensbestaetigung\/","title":{"rendered":"XGLB \u2013 Entry Certificate"},"content":{"rendered":"<div class=\"vc_row wpb_row vc_row-fluid\"><div class=\"wpb_column vc_column_container vc_col-sm-6\"><div class=\"vc_column-inner\"><div class=\"wpb_wrapper\">\n\t<div  class=\"wpb_single_image wpb_content_element vc_align_center\">\n\t\t\n\t\t<figure class=\"wpb_wrapper vc_figure\">\n\t\t\t<div class=\"vc_single_image-wrapper   vc_box_border_grey\"><img loading=\"lazy\" decoding=\"async\" width=\"309\" height=\"497\" src=\"https:\/\/www.xaption.de\/wp-content\/uploads\/XGLB_box_309x497-1.png\" class=\"vc_single_image-img attachment-full\" alt=\"\" srcset=\"https:\/\/www.xaption.de\/wp-content\/uploads\/XGLB_box_309x497-1.png 309w, https:\/\/www.xaption.de\/wp-content\/uploads\/XGLB_box_309x497-1-187x300.png 187w, https:\/\/www.xaption.de\/wp-content\/uploads\/XGLB_box_309x497-1-78x125.png 78w\" sizes=\"auto, (max-width: 309px) 100vw, 309px\" \/><\/div>\n\t\t<\/figure>\n\t<\/div>\n<\/div><\/div><\/div><div class=\"wpb_column vc_column_container vc_col-sm-6\"><div class=\"vc_column-inner\"><div class=\"wpb_wrapper\">\n\t<div class=\"wpb_text_column wpb_content_element\" >\n\t\t<div class=\"wpb_wrapper\">\n\t\t\t<h3 class=\"product_title entry-title\">XGLB \u2013 Entry Certificate<\/h3>\n<div class=\"woocommerce-product-details__short-description\">\n<p><span class=\"text-lg\"><strong>Features\u00a0<\/strong><\/span><\/p>\n<ul>\n<li><span class=\"text-lg\">Legal certainty for VAT-free EU goods deliveries<\/span><\/li>\n<li><span class=\"text-lg\">Confirmation of receipt and carrier's certificate<\/span><\/li>\n<li><span class=\"text-lg\">Optional creation of periodic collective documents or individual documents<\/span><\/li>\n<li><span class=\"text-lg\">Status Tracking<\/span><\/li>\n<li><span class=\"text-lg\">Document storage<\/span><\/li>\n<li><span class=\"text-lg\">Reminder procedure<\/span><\/li>\n<li><span class=\"text-lg\">Extensive system settings for optimal integration<\/span><\/li>\n<li><span class=\"text-lg\">SAP certified software solution<\/span><\/li>\n<\/ul>\n<p><span class=\"text-lg\"><strong>Category:<\/strong><a href=\"\/en\/finanz-und-rechnungswesen\/\">\u00a0Finance\u00a0<\/a><\/span><\/p>\n<p>Download PDF: <a href=\"https:\/\/www.xaption.de\/wp-content\/uploads\/XGLB-howtouse.pdf\">XGLB howtouse<\/a><\/p>\n<\/div>\n\n\t\t<\/div>\n\t<\/div>\n<div class=\"es-resp\">\t<div class=\"visible-xl\" style=\"height: 64px;\"><\/div>\t<div class=\"hidden-xl hidden-md hidden-sm hidden-ms hidden-xs\" style=\"height: 64px;\"><\/div>\t<div class=\"visible-md\" style=\"height: 64px;\"><\/div>\t<div class=\"visible-sm\" style=\"height: 64px;\"><\/div>\t<div class=\"visible-ms\" style=\"height: 32px;\"><\/div>\t<div class=\"visible-xs\" style=\"height: 32px;\"><\/div><\/div><div class=\"btn-wrap\"><a href=\"https:\/\/www.youtube.com\/watch?v=N59U632qAJs\"  class=\"btn  btn-default color-hover-default\" id=\"like_sc_button_2086992684\">Video: Entry Certificate<\/a><\/div><\/div><\/div><\/div><\/div><div class=\"vc_row wpb_row vc_row-fluid\"><div class=\"wpb_column vc_column_container vc_col-sm-6\"><div class=\"vc_column-inner\"><div class=\"wpb_wrapper\">\n\t<div class=\"wpb_text_column wpb_content_element  wpb_animate_when_almost_visible wpb_bounceInRight bounceInRight\" >\n\t\t<div class=\"wpb_wrapper\">\n\t\t\t<h3 class=\"product_title entry-title\">SAP no longer plans to support interactive PDF technology<\/h3>\n<div class=\"woocommerce-product-details__short-description\">\n<p><span class=\"text-lg\"><strong>XGLB-Web: The solution for optimal user ergonomics and process reliability\u00a0<\/strong><\/span><\/p>\n<ul>\n<li>SAP has announced that support for the Adobe Document Service (ADS) for the NetWeaver Java Stack will end in late 2027 (with extended support through 2030), forcing many customers to seek an alternative, as the cloud solution (<a href=\"https:\/\/www.google.com\/search?q=SAP+Forms+Service+on+BTP&amp;oq=sap+abk%C3%BCndigung+ads&amp;gs_lcrp=EgZjaHJvbWUyBggAEEUYOTIHCAEQIRigATIHCAIQIRigAdIBCjEwNzc2ajBqMTWoAgiwAgHxBYpgbeHtmvHW&amp;sourceid=chrome&amp;ie=UTF-8&amp;mstk=AUtExfBCs8cZNwuNU9KXsyaH0SHcJ1S_2ryQQn46ZSeDkCnhRv2ha6snSMuNHji_WGN7iK4BCGw6BDMjhlV7NB09MawWRlpOmAzU7Pevfnp4Umg2QRizD6C_Tjn6GDt2tQzNrkg&amp;csui=3&amp;ved=2ahUKEwj62KSc7L-RAxXdRvEDHevzHhYQgK4QegQIARAC\">SAP Forms Service on BTP<\/a>) does not always meet performance requirements. However, in response to protests from customers and DSAG, SAP has confirmed that even after 2027, a\u00a0<strong>local ADS version <\/strong>will be available, based on the HANA platform (XSA), but the exact costs and support details for this new on-premises solution are still unclear. The transition is forcing companies to rethink their form strategy, with migrating to S\/4HANA Java or using the new ADS on HANA being the main options to avoid falling into the paid Extended Support category.<\/li>\n<li>XGLB-Web circumvents this uncertainty on SAP's part by allowing the customer or carrier to provide confirmation directly in the browser.<\/li>\n<li>In addition, you\u2019ll save on the high licensing costs for Adobe Document Services (ADS).<\/li>\n<\/ul>\n<\/div>\n\n\t\t<\/div>\n\t<\/div>\n<\/div><\/div><\/div><div class=\"wpb_column vc_column_container vc_col-sm-6\"><div class=\"vc_column-inner\"><div class=\"wpb_wrapper\">\n\t<div  class=\"wpb_single_image wpb_content_element vc_align_center\">\n\t\t\n\t\t<figure class=\"wpb_wrapper vc_figure\">\n\t\t\t<div class=\"vc_single_image-wrapper   vc_box_border_grey\"><img loading=\"lazy\" decoding=\"async\" width=\"1654\" height=\"1868\" src=\"https:\/\/www.xaption.de\/wp-content\/uploads\/XGLB-Web.jpg\" class=\"vc_single_image-img attachment-full\" alt=\"\" srcset=\"https:\/\/www.xaption.de\/wp-content\/uploads\/XGLB-Web.jpg 1654w, https:\/\/www.xaption.de\/wp-content\/uploads\/XGLB-Web-266x300.jpg 266w, https:\/\/www.xaption.de\/wp-content\/uploads\/XGLB-Web-907x1024.jpg 907w, https:\/\/www.xaption.de\/wp-content\/uploads\/XGLB-Web-768x867.jpg 768w, https:\/\/www.xaption.de\/wp-content\/uploads\/XGLB-Web-1360x1536.jpg 1360w, https:\/\/www.xaption.de\/wp-content\/uploads\/XGLB-Web-11x12.jpg 11w, https:\/\/www.xaption.de\/wp-content\/uploads\/XGLB-Web-340x384.jpg 340w, https:\/\/www.xaption.de\/wp-content\/uploads\/XGLB-Web-600x678.jpg 600w, https:\/\/www.xaption.de\/wp-content\/uploads\/XGLB-Web-111x125.jpg 111w\" sizes=\"auto, (max-width: 1654px) 100vw, 1654px\" \/><\/div>\n\t\t<\/figure>\n\t<\/div>\n<\/div><\/div><\/div><\/div><div class=\"vc_row wpb_row vc_row-fluid\"><div class=\"wpb_column vc_column_container vc_col-sm-12\"><div class=\"vc_column-inner\"><div class=\"wpb_wrapper\"><div class=\"vc_tta-container\" data-vc-action=\"collapse\"><div class=\"vc_general vc_tta vc_tta-tabs vc_tta-color-grey vc_tta-style-classic vc_tta-shape-rounded vc_tta-spacing-1 vc_tta-tabs-position-top vc_tta-controls-align-left\"><div class=\"vc_tta-tabs-container\"><ul class=\"vc_tta-tabs-list\"><li class=\"vc_tta-tab vc_active\" data-vc-tab><a href=\"#1591298961594-bf04b885-9260\" data-vc-tabs data-vc-container=\".vc_tta\"><span class=\"vc_tta-title-text\">Description<\/span><\/a><\/li><\/ul><\/div><div class=\"vc_tta-panels-container\"><div class=\"vc_tta-panels\"><div class=\"vc_tta-panel vc_active\" id=\"1591298961594-bf04b885-9260\" data-vc-content=\".vc_tta-panel-body\"><div class=\"vc_tta-panel-heading\"><h4 class=\"vc_tta-panel-title\"><a href=\"#1591298961594-bf04b885-9260\" data-vc-accordion data-vc-container=\".vc_tta-container\"><span class=\"vc_tta-title-text\">Description<\/span><\/a><\/h4><\/div><div class=\"vc_tta-panel-body\">\n\t<div class=\"wpb_text_column wpb_content_element\" >\n\t\t<div class=\"wpb_wrapper\">\n\t\t\t<p><strong><span class=\"text-lg\">Complete processing of the entry certificate as a confirmation of receipt and forwarding agent certificate<\/span><\/strong><\/p>\n<p><span class=\"text-lg\">A document must be available for intra-Community supplies of goods exempted from domestic VAT. This document must prove that the goods have actually reached their destination - the confirmation of arrival.\u00a0<\/span><span class=\"text-lg\">The confirmation of receipt is a document that must be issued by the foreign buyer of the goods or the delivering forwarding agent and serves as proof in the supplier's possession.\u00a0<\/span><\/p>\n\n\t\t<\/div>\n\t<\/div>\n<div class=\"vc_row wpb_row vc_inner vc_row-fluid\"><div class=\"wpb_column vc_column_container vc_col-sm-6\"><div class=\"vc_column-inner\"><div class=\"wpb_wrapper\">\n\t<div class=\"wpb_text_column wpb_content_element\" >\n\t\t<div class=\"wpb_wrapper\">\n\t\t\t<p><strong><span class=\"text-lg\">Legal Requirements<\/span><\/strong><\/p>\n<p><span class=\"text-lg\">The domestic legislator obliges:<\/span><\/p>\n<ul>\n<li><span class=\"text-lg\">the foreign buyer or forwarder to cooperate<\/span><\/li>\n<li><span class=\"text-lg\">the domestic consignor for presentation of the proof<\/span><\/li>\n<\/ul>\n<p><span class=\"text-lg\">Confirmation of receipt must be:\u00a0<\/span><\/p>\n<ul>\n<li><span class=\"text-lg\">show the contents specified by the government tax office<\/span><\/li>\n<li><span class=\"text-lg\">be available in English, French or German<\/span><\/li>\n<li><span class=\"text-lg\">be signed by the buyer <\/span><\/li>\n<li><span class=\"text-lg\">has to be originated from the domain of the buyer<\/span><\/li>\n<\/ul>\n\n\t\t<\/div>\n\t<\/div>\n<\/div><\/div><\/div><div class=\"wpb_column vc_column_container vc_col-sm-6\"><div class=\"vc_column-inner\"><div class=\"wpb_wrapper\">\n\t<div class=\"wpb_text_column wpb_content_element\" >\n\t\t<div class=\"wpb_wrapper\">\n\t\t\t<p><strong><span class=\"text-lg\">Solution in SAP<\/span><\/strong><\/p>\n<p><span class=\"text-lg\">XGLB <b>generate\u00a0<\/b>The confirmation of receipt \/ forwarding agent certificate as proof of receipt in SAP<\/span><\/p>\n<ul>\n<li><span class=\"text-lg\">as interactive PDF form for fully automated processing<\/span><\/li>\n<li><span class=\"text-lg\">NEW: Available as an interactive web form for optimal user experience<\/span><\/li>\n<li><span class=\"text-lg\"><span class=\"text-lg\">as print form for print, fax, email (PDF)<\/span><\/span><\/li>\n<li><span class=\"text-lg\"><strong>manages<\/strong> the outgoing and incoming statements of receipts using status management in a log database in SAP<\/span><\/li>\n<li><span class=\"text-lg\"><b>reminds\u00a0<\/b>overdue proof of arrival automatically or interactively<\/span><\/li>\n<li><span class=\"text-lg\"><b>archived\u00a0<\/b>archived received proofs of arrival<\/span><\/li>\n<li><span class=\"text-lg\"><b>extends\u00a0<\/b>the SD document flow<\/span><\/li>\n<\/ul>\n\n\t\t<\/div>\n\t<\/div>\n<\/div><\/div><\/div><\/div><\/div><\/div><\/div><\/div><\/div><\/div><div class=\"es-resp\">\t<div class=\"visible-xl\" style=\"height: 64px;\"><\/div>\t<div class=\"hidden-xl hidden-md hidden-sm hidden-ms hidden-xs\" style=\"height: 64px;\"><\/div>\t<div class=\"visible-md\" style=\"height: 64px;\"><\/div>\t<div class=\"visible-sm\" style=\"height: 64px;\"><\/div>\t<div class=\"visible-ms\" style=\"height: 32px;\"><\/div>\t<div class=\"visible-xs\" style=\"height: 32px;\"><\/div><\/div><div class=\"btn-wrap align-center\"><a href=\"mailto:info@xaption.de\"  class=\"btn  btn-default color-hover-default align-center\" id=\"like_sc_button_1775884051\">Send request or arrange a free web demo<\/a><\/div><div class=\"es-resp\">\t<div class=\"visible-xl\" style=\"height: 64px;\"><\/div>\t<div class=\"hidden-xl hidden-md hidden-sm hidden-ms hidden-xs\" style=\"height: 64px;\"><\/div>\t<div class=\"visible-md\" style=\"height: 64px;\"><\/div>\t<div class=\"visible-sm\" style=\"height: 64px;\"><\/div>\t<div class=\"visible-ms\" style=\"height: 32px;\"><\/div>\t<div class=\"visible-xs\" style=\"height: 32px;\"><\/div><\/div><div class=\"btn-wrap align-center\"><a href=\"\/en\/faq-xglb\/\"  class=\"btn  btn-default color-hover-default align-center\" id=\"like_sc_button_1963586360\">FAQ - XGLB<\/a><\/div><\/div><\/div><\/div><\/div><div class=\"vc_row wpb_row vc_row-fluid\"><div class=\"wpb_column vc_column_container vc_col-sm-12\"><div class=\"vc_column-inner\"><div class=\"wpb_wrapper\"><div class=\"heading  default align-center color-black subcolor-main transform-default icon-type-default heading-tag-h3\" id=\"like_sc_header_1167090796\"><h3 class=\"header ltx-sr-id-like_sc_header_11670907961725349426 ltx-sr ltx-sr-effect-fade_in ltx-sr-el-block ltx-sr-delay-0 ltx-sr-duration-1000 ltx-sr-sequences-0\">Other SAP Add-ons<\/h3><\/div><\/div><\/div><\/div><\/div><div class=\"vc_row wpb_row vc_row-fluid\"><div class=\"wpb_column vc_column_container vc_col-sm-4\"><div class=\"vc_column-inner\"><div class=\"wpb_wrapper\">\n\t<div  class=\"wpb_single_image wpb_content_element vc_align_center  wpb_animate_when_almost_visible wpb_appear appear\">\n\t\t\n\t\t<figure class=\"wpb_wrapper vc_figure\">\n\t\t\t<a href=\"\/en\/xvat-ust-idnr-pruefung\/\" target=\"_self\" class=\"vc_single_image-wrapper   vc_box_border_grey\"><img loading=\"lazy\" decoding=\"async\" width=\"309\" height=\"497\" src=\"https:\/\/www.xaption.de\/wp-content\/uploads\/XVAT_box_309x497-1.png\" class=\"vc_single_image-img attachment-full\" alt=\"\" srcset=\"https:\/\/www.xaption.de\/wp-content\/uploads\/XVAT_box_309x497-1.png 309w, https:\/\/www.xaption.de\/wp-content\/uploads\/XVAT_box_309x497-1-187x300.png 187w, https:\/\/www.xaption.de\/wp-content\/uploads\/XVAT_box_309x497-1-78x125.png 78w\" sizes=\"auto, (max-width: 309px) 100vw, 309px\" \/><\/a>\n\t\t<\/figure>\n\t<\/div>\n<div class=\"heading  default align-center color-black subcolor-main transform-default icon-type-default heading-tag-h5\" id=\"like_sc_header_1322226203\"><a href=\"\/en\/xvat-ust-idnr-pruefung\/\"><h5 class=\"header ltx-sr-id-like_sc_header_1322226203768923175 ltx-sr ltx-sr-effect-fade_in ltx-sr-el-block ltx-sr-delay-0 ltx-sr-duration-1000 ltx-sr-sequences-0\">XVAT - VAT ID No. Check<\/h5><\/a><\/div><\/div><\/div><\/div><div class=\"wpb_column vc_column_container vc_col-sm-4\"><div class=\"vc_column-inner\"><div class=\"wpb_wrapper\">\n\t<div  class=\"wpb_single_image wpb_content_element vc_align_center  wpb_animate_when_almost_visible wpb_appear appear\">\n\t\t\n\t\t<figure class=\"wpb_wrapper vc_figure\">\n\t\t\t<a href=\"\/en\/xcrl-waehrungskurse-in-sap\/\" target=\"_self\" class=\"vc_single_image-wrapper   vc_box_border_grey\"><img loading=\"lazy\" decoding=\"async\" width=\"309\" height=\"497\" src=\"https:\/\/www.xaption.de\/wp-content\/uploads\/XVAT_box_309x497-1.png\" class=\"vc_single_image-img attachment-full\" alt=\"\" srcset=\"https:\/\/www.xaption.de\/wp-content\/uploads\/XVAT_box_309x497-1.png 309w, https:\/\/www.xaption.de\/wp-content\/uploads\/XVAT_box_309x497-1-187x300.png 187w, https:\/\/www.xaption.de\/wp-content\/uploads\/XVAT_box_309x497-1-78x125.png 78w\" sizes=\"auto, (max-width: 309px) 100vw, 309px\" \/><\/a>\n\t\t<\/figure>\n\t<\/div>\n<div class=\"heading  default align-center color-black subcolor-main transform-default icon-type-default heading-tag-h5\" id=\"like_sc_header_908245472\"><a href=\"\/en\/xclr-waehrungskurse-in-sap\/\"><h5 class=\"header ltx-sr-id-like_sc_header_908245472801900177 ltx-sr ltx-sr-effect-fade_in ltx-sr-el-block ltx-sr-delay-0 ltx-sr-duration-1000 ltx-sr-sequences-0\">XCRL - Exchange Rates in SAP<\/h5><\/a><\/div><\/div><\/div><\/div><div class=\"wpb_column vc_column_container vc_col-sm-4\"><div class=\"vc_column-inner\"><div class=\"wpb_wrapper\">\n\t<div  class=\"wpb_single_image wpb_content_element vc_align_center  wpb_animate_when_almost_visible wpb_appear appear\">\n\t\t\n\t\t<figure class=\"wpb_wrapper vc_figure\">\n\t\t\t<a href=\"\/en\/xcfa-cash-flow-analyse\/\" target=\"_self\" class=\"vc_single_image-wrapper   vc_box_border_grey\"><img loading=\"lazy\" decoding=\"async\" width=\"297\" height=\"497\" src=\"https:\/\/www.xaption.de\/wp-content\/uploads\/XCFA_box_309x517-e1597067081550.png\" class=\"vc_single_image-img attachment-full\" alt=\"\" srcset=\"https:\/\/www.xaption.de\/wp-content\/uploads\/XCFA_box_309x517-e1597067081550.png 297w, https:\/\/www.xaption.de\/wp-content\/uploads\/XCFA_box_309x517-e1597067081550-179x300.png 179w, https:\/\/www.xaption.de\/wp-content\/uploads\/XCFA_box_309x517-e1597067081550-75x125.png 75w\" sizes=\"auto, (max-width: 297px) 100vw, 297px\" \/><\/a>\n\t\t<\/figure>\n\t<\/div>\n<div class=\"heading  default align-center color-black subcolor-main transform-default icon-type-default heading-tag-h5\" id=\"like_sc_header_662647805\"><a href=\"\/en\/xcfa-cash-flow-analyse\/\"><h5 class=\"header ltx-sr-id-like_sc_header_66264780560681445 ltx-sr ltx-sr-effect-fade_in ltx-sr-el-block ltx-sr-delay-0 ltx-sr-duration-1000 ltx-sr-sequences-0\">XCFA \u2013 Cash Flow Analyze<\/h5><\/a><\/div><\/div><\/div><\/div><\/div>","protected":false},"excerpt":{"rendered":"XGLB \u2013 Gelangensbest\u00e4tigung Leistungsmerkmale\u00a0 Rechtssicherheit f\u00fcr umsatzsteuerfreie EU-Warenlieferungen Gelangensbest\u00e4tigung und Spediteurbescheinigung Wahlweise Erstellung periodischer Sammelbelege oder Einzelbeleg Statusverfolgung Dokumentenablage Erinnerungsverfahren Umfangreiche Systemeinstellung zur optimalen Integration SAP zertifizierte Software L\u00f6sung Kategorie:\u00a0Finanz- und Rechnungswesen\u00a0 Download PDF: XGLB howtouse Video Gelangensbest\u00e4tigung SAP m\u00f6chte die Technologie der interaktiven PDFs nicht mehr unterst\u00fctzen XGLB-Web: Die L\u00f6sung f\u00fcr beste Benutzerergonomie und Prozesssicherheit\u00a0 SAP hat das Wartungsende f\u00fcr den Adobe Document Service (ADS) f\u00fcr den Netweaver Java Stack auf Ende 2027 (erweiterte Wartung bis 2030) angek\u00fcndigt, was viele Kunden zwang, eine Alternative zu suchen, da die Cloud-L\u00f6sung (SAP Forms Service on BTP) nicht immer die Performance-Anforderungen erf\u00fcllt. Aufgrund des Protests der Kunden und der DSAG hat SAP jedoch best\u00e4tigt, dass es auch nach 2027 eine\u00a0lokale ADS-Version geben wird, die auf der HANA-Plattform (XSA) basiert, aber die genauen Kosten und Support-Details f\u00fcr diese neue On-Premise-L\u00f6sung sind noch unklar. Die Umstellung zwingt Unternehmen, ihre Formularstrategie zu \u00fcberdenken, wobei eine [...]","protected":false},"author":1,"featured_media":10493,"parent":0,"menu_order":21,"comment_status":"closed","ping_status":"closed","template":"","meta":{"footnotes":""},"class_list":["post-7133","page","type-page","status-publish","has-post-thumbnail","hentry"],"aioseo_notices":[],"_links":{"self":[{"href":"https:\/\/www.xaption.de\/en\/wp-json\/wp\/v2\/pages\/7133","targetHints":{"allow":["GET"]}}],"collection":[{"href":"https:\/\/www.xaption.de\/en\/wp-json\/wp\/v2\/pages"}],"about":[{"href":"https:\/\/www.xaption.de\/en\/wp-json\/wp\/v2\/types\/page"}],"author":[{"embeddable":true,"href":"https:\/\/www.xaption.de\/en\/wp-json\/wp\/v2\/users\/1"}],"replies":[{"embeddable":true,"href":"https:\/\/www.xaption.de\/en\/wp-json\/wp\/v2\/comments?post=7133"}],"version-history":[{"count":37,"href":"https:\/\/www.xaption.de\/en\/wp-json\/wp\/v2\/pages\/7133\/revisions"}],"predecessor-version":[{"id":10776,"href":"https:\/\/www.xaption.de\/en\/wp-json\/wp\/v2\/pages\/7133\/revisions\/10776"}],"wp:featuredmedia":[{"embeddable":true,"href":"https:\/\/www.xaption.de\/en\/wp-json\/wp\/v2\/media\/10493"}],"wp:attachment":[{"href":"https:\/\/www.xaption.de\/en\/wp-json\/wp\/v2\/media?parent=7133"}],"curies":[{"name":"wp","href":"https:\/\/api.w.org\/{rel}","templated":true}]}}