{"id":7136,"date":"2020-04-21T16:53:02","date_gmt":"2020-04-21T14:53:02","guid":{"rendered":"http:\/\/test.xaption.de\/?page_id=7136"},"modified":"2020-11-04T16:02:47","modified_gmt":"2020-11-04T15:02:47","slug":"xprc-produktions-cockpit","status":"publish","type":"page","link":"https:\/\/www.xaption.de\/en\/xprc-produktions-cockpit\/","title":{"rendered":"XPRC - Production Cockpit"},"content":{"rendered":"<div class=\"vc_row wpb_row vc_row-fluid\"><div class=\"wpb_column vc_column_container vc_col-sm-6\"><div class=\"vc_column-inner\"><div class=\"wpb_wrapper\">\n\t<div  class=\"wpb_single_image wpb_content_element vc_align_center\">\n\t\t\n\t\t<figure class=\"wpb_wrapper vc_figure\">\n\t\t\t<div class=\"vc_single_image-wrapper   vc_box_border_grey\"><img loading=\"lazy\" decoding=\"async\" width=\"297\" height=\"497\" src=\"https:\/\/www.xaption.de\/wp-content\/uploads\/XPRC_box_309x519-e1591359586247.png\" class=\"vc_single_image-img attachment-full\" alt=\"\" srcset=\"https:\/\/www.xaption.de\/wp-content\/uploads\/XPRC_box_309x519-e1591359586247.png 297w, https:\/\/www.xaption.de\/wp-content\/uploads\/XPRC_box_309x519-e1591359586247-179x300.png 179w, https:\/\/www.xaption.de\/wp-content\/uploads\/XPRC_box_309x519-e1591359586247-75x125.png 75w\" sizes=\"auto, (max-width: 297px) 100vw, 297px\" \/><\/div>\n\t\t<\/figure>\n\t<\/div>\n<\/div><\/div><\/div><div class=\"wpb_column vc_column_container vc_col-sm-6\"><div class=\"vc_column-inner\"><div class=\"wpb_wrapper\">\n\t<div class=\"wpb_text_column wpb_content_element\" >\n\t\t<div class=\"wpb_wrapper\">\n\t\t\t<h3 class=\"product_title entry-title\">XPRC - Production Cockpit<\/h3>\n<div class=\"woocommerce-product-details__short-description\">\n<p><span class=\"text-lg\"><strong>Features\u00a0<\/strong><\/span><\/p>\n<ul>\n<li><span class=\"text-lg\">Access via sales orders, requirement plans or planned\/production orders<\/span><\/li>\n<li><span class=\"text-lg\">Status selection (inclusion and exclusion)<\/span><\/li>\n<li><span class=\"text-lg\">Order and operation level<\/span><\/li>\n<li><span class=\"text-lg\"><span class=\"s1\">Sofortiger <\/span><span class=\"s2\">Fehlteil-Ausweis<\/span><\/span><\/li>\n<li><span class=\"s2 text-lg\">Status overview<\/span><\/li>\n<li><span class=\"s2 text-lg\">Extensive processing functions (conversion, date change, confirmation)<\/span><\/li>\n<li><span class=\"s2 text-lg\">Switching options to numerous standard transactions<\/span><\/li>\n<li><span class=\"s2 text-lg\">Integration of document display<\/span><\/li>\n<\/ul>\n<p><span class=\"text-lg\"><strong style=\"font-size: 18px;\">Category:<\/strong> <a style=\"font-size: 18px;\" href=\"\/en\/logistik-und-transport\/\" rel=\"tag\">Logistics<\/a><\/span><\/p>\n<\/div>\n\n\t\t<\/div>\n\t<\/div>\n<div class=\"es-resp\">\t<div class=\"visible-xl\" style=\"height: 64px;\"><\/div>\t<div class=\"hidden-xl hidden-md hidden-sm hidden-ms hidden-xs\" style=\"height: 64px;\"><\/div>\t<div class=\"visible-md\" style=\"height: 64px;\"><\/div>\t<div class=\"visible-sm\" style=\"height: 64px;\"><\/div>\t<div class=\"visible-ms\" style=\"height: 32px;\"><\/div>\t<div class=\"visible-xs\" style=\"height: 32px;\"><\/div><\/div><div class=\"btn-wrap\"><a href=\"https:\/\/www.youtube.com\/watch?v=_lTzHl3eHlY&#038;feature=youtu.be\"  class=\"btn  btn-default color-hover-default\" id=\"like_sc_button_1926454164\">Video - Production Cockpit<\/a><\/div><\/div><\/div><\/div><\/div><div class=\"vc_row wpb_row vc_row-fluid\"><div class=\"wpb_column vc_column_container vc_col-sm-12\"><div class=\"vc_column-inner\"><div class=\"wpb_wrapper\"><div class=\"vc_tta-container\" data-vc-action=\"collapse\"><div class=\"vc_general vc_tta vc_tta-tabs vc_tta-color-grey vc_tta-style-classic vc_tta-shape-rounded vc_tta-spacing-1 vc_tta-tabs-position-top vc_tta-controls-align-left\"><div class=\"vc_tta-tabs-container\"><ul class=\"vc_tta-tabs-list\"><li class=\"vc_tta-tab vc_active\" data-vc-tab><a href=\"#1591708756289-0a4c777d-7760\" data-vc-tabs data-vc-container=\".vc_tta\"><span class=\"vc_tta-title-text\">Description<\/span><\/a><\/li><\/ul><\/div><div class=\"vc_tta-panels-container\"><div class=\"vc_tta-panels\"><div class=\"vc_tta-panel vc_active\" id=\"1591708756289-0a4c777d-7760\" data-vc-content=\".vc_tta-panel-body\"><div class=\"vc_tta-panel-heading\"><h4 class=\"vc_tta-panel-title\"><a href=\"#1591708756289-0a4c777d-7760\" data-vc-accordion data-vc-container=\".vc_tta-container\"><span class=\"vc_tta-title-text\">Description<\/span><\/a><\/h4><\/div><div class=\"vc_tta-panel-body\">\n\t<div class=\"wpb_text_column wpb_content_element\" >\n\t\t<div class=\"wpb_wrapper\">\n\t\t\t<p><strong><span class=\"text-lg\">Flexible entry options provide a meaningful overview of the current stock of planned and production orders.\u00a0<\/span><\/strong><\/p>\n<p><span class=\"text-lg\">The XPRC - Production Cockpit enables the appropriate access to the current work lists for your employees in the control stations of production and assembly.\u00a0<\/span><span class=\"text-lg\">They see the most important information for their daily work in the control center in an overview and can carry out numerous activities directly from there. <\/span><\/p>\n<ul>\n<li><span class=\"text-lg\">Switch to all important transactions<\/span><\/li>\n<li><span class=\"text-lg\">Display of assigned documents<\/span><\/li>\n<\/ul>\n<p><span class=\"text-lg\">The operation overview displays information about the status of the currently selected production order. Here, too, all important processing functions can be executed directly.<\/span><\/p>\n<p><span class=\"text-lg\">Already in the order overview you can see information about possible missing parts even on lower production levels, as well as parts that are not provided. \u00a0<\/span><span class=\"text-lg\">With one click the missing parts overview appears including the corresponding processing functions.\u00a0<\/span><span class=\"text-lg\">Global information such as stocks and open requirements round of the comprehensive cockpit application.<\/span><\/p>\n<p><span class=\"text-lg\">The XPRC production cockpit thus becomes an efficient control centre for your entire production.<\/span><\/p>\n\n\t\t<\/div>\n\t<\/div>\n<\/div><\/div><\/div><\/div><\/div><\/div><\/div><\/div><\/div><\/div><div class=\"vc_row wpb_row vc_row-fluid\"><div class=\"wpb_column vc_column_container vc_col-sm-12\"><div class=\"vc_column-inner\"><div class=\"wpb_wrapper\"><div class=\"es-resp\">\t<div class=\"visible-xl\" style=\"height: 64px;\"><\/div>\t<div class=\"hidden-xl hidden-md hidden-sm hidden-ms hidden-xs\" style=\"height: 64px;\"><\/div>\t<div class=\"visible-md\" style=\"height: 64px;\"><\/div>\t<div class=\"visible-sm\" style=\"height: 64px;\"><\/div>\t<div class=\"visible-ms\" style=\"height: 32px;\"><\/div>\t<div class=\"visible-xs\" style=\"height: 32px;\"><\/div><\/div><div class=\"btn-wrap align-center\"><a href=\"mailto:info@xaption.de?subject=XPRC\"  class=\"btn  btn-default color-hover-default align-center\" id=\"like_sc_button_2147310284\">Send request or arrange a free web demo<\/a><\/div><div class=\"es-resp\">\t<div class=\"visible-xl\" style=\"height: 64px;\"><\/div>\t<div class=\"hidden-xl hidden-md hidden-sm hidden-ms hidden-xs\" style=\"height: 64px;\"><\/div>\t<div class=\"visible-md\" style=\"height: 64px;\"><\/div>\t<div class=\"visible-sm\" style=\"height: 64px;\"><\/div>\t<div class=\"visible-ms\" style=\"height: 32px;\"><\/div>\t<div class=\"visible-xs\" style=\"height: 32px;\"><\/div><\/div><div class=\"btn-wrap align-center\"><a href=\"\/en\/faq-xprc\/\"  class=\"btn  btn-default color-hover-default align-center\" id=\"like_sc_button_1663341823\">FAQ - XPRC<\/a><\/div><\/div><\/div><\/div><\/div><div class=\"vc_row wpb_row vc_row-fluid\"><div class=\"wpb_column vc_column_container vc_col-sm-12\"><div class=\"vc_column-inner\"><div class=\"wpb_wrapper\"><div class=\"heading  default align-center color-black subcolor-main transform-default icon-type-default heading-tag-h3\" id=\"like_sc_header_1747610282\"><h3 class=\"header ltx-sr-id-like_sc_header_17476102821810593533 ltx-sr ltx-sr-effect-fade_in ltx-sr-el-block ltx-sr-delay-0 ltx-sr-duration-1000 ltx-sr-sequences-0\">Other SAP Add-ons<\/h3><\/div><div class=\"es-resp\">\t<div class=\"visible-xl\" style=\"height: 64px;\"><\/div>\t<div class=\"hidden-xl hidden-md hidden-sm hidden-ms hidden-xs\" style=\"height: 64px;\"><\/div>\t<div class=\"visible-md\" style=\"height: 64px;\"><\/div>\t<div class=\"visible-sm\" style=\"height: 64px;\"><\/div>\t<div class=\"visible-ms\" style=\"height: 32px;\"><\/div>\t<div class=\"visible-xs\" style=\"height: 32px;\"><\/div><\/div><\/div><\/div><\/div><\/div><div class=\"vc_row wpb_row vc_row-fluid\"><div class=\"wpb_column vc_column_container vc_col-sm-4\"><div class=\"vc_column-inner\"><div class=\"wpb_wrapper\">\n\t<div  class=\"wpb_single_image wpb_content_element vc_align_center  wpb_animate_when_almost_visible wpb_appear appear\">\n\t\t\n\t\t<figure class=\"wpb_wrapper vc_figure\">\n\t\t\t<a href=\"\/en\/xpam-partner-cockpit\/\" target=\"_self\" class=\"vc_single_image-wrapper   vc_box_border_grey\"><\/a>\n\t\t<\/figure>\n\t<\/div>\n<div class=\"heading  default align-center color-black subcolor-main transform-default icon-type-default heading-tag-h5\" id=\"like_sc_header_1484024634\"><a href=\"\/en\/xpam-partner-cockpit\/\"><h5 class=\"header ltx-sr-id-like_sc_header_1484024634908530311 ltx-sr ltx-sr-effect-fade_in ltx-sr-el-block ltx-sr-delay-0 ltx-sr-duration-1000 ltx-sr-sequences-0\">XPAM \u2013 Partner Cockpit<\/h5><\/a><\/div><\/div><\/div><\/div><div class=\"wpb_column vc_column_container vc_col-sm-4\"><div class=\"vc_column-inner\"><div class=\"wpb_wrapper\">\n\t<div  class=\"wpb_single_image wpb_content_element vc_align_center  wpb_animate_when_almost_visible wpb_appear appear\">\n\t\t\n\t\t<figure class=\"wpb_wrapper vc_figure\">\n\t\t\t<a href=\"\/en\/xmcc-nachrichten-cockpit\/\" target=\"_self\" class=\"vc_single_image-wrapper   vc_box_border_grey\"><img loading=\"lazy\" decoding=\"async\" width=\"297\" height=\"497\" src=\"https:\/\/www.xaption.de\/wp-content\/uploads\/XMCC_box_309x517-e1591361843850.png\" class=\"vc_single_image-img attachment-full\" alt=\"\" srcset=\"https:\/\/www.xaption.de\/wp-content\/uploads\/XMCC_box_309x517-e1591361843850.png 297w, https:\/\/www.xaption.de\/wp-content\/uploads\/XMCC_box_309x517-e1591361843850-179x300.png 179w, https:\/\/www.xaption.de\/wp-content\/uploads\/XMCC_box_309x517-e1591361843850-75x125.png 75w\" sizes=\"auto, (max-width: 297px) 100vw, 297px\" \/><\/a>\n\t\t<\/figure>\n\t<\/div>\n<div class=\"heading  default align-center color-black subcolor-main transform-default icon-type-default heading-tag-h5\" id=\"like_sc_header_819322331\"><a href=\"\/en\/xmcc-nachrichten-cockpit\/\"><h5 class=\"header ltx-sr-id-like_sc_header_8193223311761315765 ltx-sr ltx-sr-effect-fade_in ltx-sr-el-block ltx-sr-delay-0 ltx-sr-duration-1000 ltx-sr-sequences-0\">XMCC - Messages Cockpit<\/h5><\/a><\/div><\/div><\/div><\/div><div class=\"wpb_column vc_column_container vc_col-sm-4\"><div class=\"vc_column-inner\"><div class=\"wpb_wrapper\">\n\t<div  class=\"wpb_single_image wpb_content_element vc_align_center  wpb_animate_when_almost_visible wpb_appear appear\">\n\t\t\n\t\t<figure class=\"wpb_wrapper vc_figure\">\n\t\t\t<a href=\"\/en\/xipp-interner-bestellprozess\/\" target=\"_self\" class=\"vc_single_image-wrapper   vc_box_border_grey\"><img loading=\"lazy\" decoding=\"async\" width=\"297\" height=\"497\" src=\"https:\/\/www.xaption.de\/wp-content\/uploads\/XIPP_box_309x517-e1591361540527.png\" class=\"vc_single_image-img attachment-full\" alt=\"\" srcset=\"https:\/\/www.xaption.de\/wp-content\/uploads\/XIPP_box_309x517-e1591361540527.png 297w, https:\/\/www.xaption.de\/wp-content\/uploads\/XIPP_box_309x517-e1591361540527-179x300.png 179w, https:\/\/www.xaption.de\/wp-content\/uploads\/XIPP_box_309x517-e1591361540527-75x125.png 75w\" sizes=\"auto, (max-width: 297px) 100vw, 297px\" \/><\/a>\n\t\t<\/figure>\n\t<\/div>\n<div class=\"heading  default align-center color-black subcolor-main transform-default icon-type-default heading-tag-h5\" id=\"like_sc_header_236663048\"><a href=\"\/en\/xipp-interner-bestellprozess\/\"><h5 class=\"header ltx-sr-id-like_sc_header_2366630481166617440 ltx-sr ltx-sr-effect-fade_in ltx-sr-el-block ltx-sr-delay-0 ltx-sr-duration-1000 ltx-sr-sequences-0\">XIPP - Internal Order Process<\/h5><\/a><\/div><\/div><\/div><\/div><\/div>","protected":false},"excerpt":{"rendered":"XPRC \u2013 Produktions Cockpit Leistungsmerkmale\u00a0 Einstieg \u00fcber Kundenauftr\u00e4ge, Bedarfspl\u00e4ne oder Plan-\/Fertigungsauftr\u00e4ge Status-Selektion (Einschluss und Ausschluss) Auftrags- und Vorgangsebene Sofortiger Fehlteil-Ausweis Status\u00fcbersicht Umfangreiche Bearbeitungsfunktionen (Umwandeln, Termin\u00e4nderung, R\u00fcckmelden) Wechseloptionen in zahlreiche Standard-Transaktionen Integration Dokumentenanzeige Kategorie: Logistik und Transport Video Produktions CockpitBeschreibungBeschreibung Flexible Einstiegsm\u00f6glichkeiten zeigen eine aussagekr\u00e4ftige \u00dcbersicht \u00fcber den aktuellen Bestand an Plan- und Fertigungsauftr\u00e4gen.\u00a0 Das XPRC - Produktions Cockpit erm\u00f6glicht den passenden Einstieg in die aktuellen Arbeitsvorr\u00e4te f\u00fcr Ihre Mitarbeiter in den Leitst\u00e4nden von Fertigung und Montage.\u00a0Die f\u00fcr die t\u00e4gliche Arbeit im Leitstand wichtigsten\u00a0Informationen sehen sie in einer\u00a0\u00dcbersicht und k\u00f6nnen zahlreiche Aktivit\u00e4ten direkt von dort ausf\u00fchren. Wechsel in alle wichtigen Transaktionen Anzeige zugeordneter Dokumente Die Vorgangs\u00fcbersicht zeigt Informationen \u00fcber den Stand des aktuell gew\u00e4hlten Fertigungsauftrags. Auch hier sind alle wichtigen Bearbeitungsfunktionen direkt ausf\u00fchrbar. Bereits in der Auftrags\u00fcbersicht sind Informationen \u00fcber eventuelle Fehlteile auch auf tieferen Fertigungsstufen, sowie nicht bereitgestellte Teile ersichtlich. \u00a0Mit einem Klick erscheint erscheint die Fehlteile\u00fcbersicht\u00a0einschlie\u00dflich entsprechender Bearbeitungsfunktionen.\u00a0Globale Informationen [...]","protected":false},"author":1,"featured_media":0,"parent":0,"menu_order":42,"comment_status":"closed","ping_status":"closed","template":"","meta":{"footnotes":""},"class_list":["post-7136","page","type-page","status-publish","hentry"],"aioseo_notices":[],"_links":{"self":[{"href":"https:\/\/www.xaption.de\/en\/wp-json\/wp\/v2\/pages\/7136","targetHints":{"allow":["GET"]}}],"collection":[{"href":"https:\/\/www.xaption.de\/en\/wp-json\/wp\/v2\/pages"}],"about":[{"href":"https:\/\/www.xaption.de\/en\/wp-json\/wp\/v2\/types\/page"}],"author":[{"embeddable":true,"href":"https:\/\/www.xaption.de\/en\/wp-json\/wp\/v2\/users\/1"}],"replies":[{"embeddable":true,"href":"https:\/\/www.xaption.de\/en\/wp-json\/wp\/v2\/comments?post=7136"}],"version-history":[{"count":17,"href":"https:\/\/www.xaption.de\/en\/wp-json\/wp\/v2\/pages\/7136\/revisions"}],"predecessor-version":[{"id":10574,"href":"https:\/\/www.xaption.de\/en\/wp-json\/wp\/v2\/pages\/7136\/revisions\/10574"}],"wp:attachment":[{"href":"https:\/\/www.xaption.de\/en\/wp-json\/wp\/v2\/media?parent=7136"}],"curies":[{"name":"wp","href":"https:\/\/api.w.org\/{rel}","templated":true}]}}