{"id":7138,"date":"2020-04-21T16:53:02","date_gmt":"2020-04-21T14:53:02","guid":{"rendered":"http:\/\/test.xaption.de\/?page_id=7138"},"modified":"2020-11-13T23:31:53","modified_gmt":"2020-11-13T22:31:53","slug":"xted-grafischer-texteditor","status":"publish","type":"page","link":"https:\/\/www.xaption.de\/en\/xted-grafischer-texteditor\/","title":{"rendered":"XTED - Graphical text editor"},"content":{"rendered":"<div class=\"vc_row wpb_row vc_row-fluid\"><div class=\"wpb_column vc_column_container vc_col-sm-6\"><div class=\"vc_column-inner\"><div class=\"wpb_wrapper\">\n\t<div  class=\"wpb_single_image wpb_content_element vc_align_center\">\n\t\t\n\t\t<figure class=\"wpb_wrapper vc_figure\">\n\t\t\t<div class=\"vc_single_image-wrapper   vc_box_border_grey\"><img loading=\"lazy\" decoding=\"async\" width=\"296\" height=\"497\" src=\"https:\/\/www.xaption.de\/wp-content\/uploads\/XTED_box_309x518-e1591363506815.png\" class=\"vc_single_image-img attachment-full\" alt=\"\" srcset=\"https:\/\/www.xaption.de\/wp-content\/uploads\/XTED_box_309x518-e1591363506815.png 296w, https:\/\/www.xaption.de\/wp-content\/uploads\/XTED_box_309x518-e1591363506815-179x300.png 179w, https:\/\/www.xaption.de\/wp-content\/uploads\/XTED_box_309x518-e1591363506815-74x125.png 74w\" sizes=\"auto, (max-width: 296px) 100vw, 296px\" \/><\/div>\n\t\t<\/figure>\n\t<\/div>\n<\/div><\/div><\/div><div class=\"wpb_column vc_column_container vc_col-sm-6\"><div class=\"vc_column-inner\"><div class=\"wpb_wrapper\">\n\t<div class=\"wpb_text_column wpb_content_element\" >\n\t\t<div class=\"wpb_wrapper\">\n\t\t\t<h3 class=\"product_title entry-title\">XTED - Graphical text editor<\/h3>\n<div class=\"woocommerce-product-details__short-description\">\n<p><span class=\"text-lg\"><b>Features\u00a0<\/b><\/span><\/p>\n<ul>\n<li><span class=\"text-lg\">Access via sales orders, requirement plans or planned\/production orders<\/span><\/li>\n<li><span class=\"text-lg\">Graphical WYSIWYG editor<\/span><\/li>\n<li><span class=\"text-lg\">Multilingual<\/span><\/li>\n<li><span class=\"text-lg\">Integration of graphics and hyperlinks<\/span><\/li>\n<li><span class=\"text-lg\">HTML formatting<\/span><\/li>\n<li><span class=\"text-lg\">Expert mode is possible<\/span><\/li>\n<li><span class=\"text-lg\">Persistence as SAP text objects<\/span><\/li>\n<li><span class=\"text-lg\">Extensible Editor API (TinyMCE)<\/span><\/li>\n<li><span class=\"text-lg\">API for the integration of e-mail dispatch in any application<\/span><\/li>\n<li><span class=\"text-lg\">Replacement of any placeholders in the title and body<\/span><\/li>\n<li><span class=\"text-lg\">Requirements: SAP ERP 6.0, connection to mail server<\/span><\/li>\n<\/ul>\n<p><span class=\"posted_in text-lg\"><strong>Category:<\/strong> Tools\u00a0<\/span><\/p>\n<\/div>\n\n\t\t<\/div>\n\t<\/div>\n<\/div><\/div><\/div><\/div><div class=\"vc_row wpb_row vc_row-fluid\"><div class=\"wpb_column vc_column_container vc_col-sm-12\"><div class=\"vc_column-inner\"><div class=\"wpb_wrapper\"><div class=\"vc_tta-container\" data-vc-action=\"collapse\"><div class=\"vc_general vc_tta vc_tta-tabs vc_tta-color-grey vc_tta-style-classic vc_tta-shape-rounded vc_tta-spacing-1 vc_tta-tabs-position-top vc_tta-controls-align-left\"><div class=\"vc_tta-tabs-container\"><ul class=\"vc_tta-tabs-list\"><li class=\"vc_tta-tab vc_active\" data-vc-tab><a href=\"#1591777405940-6d10a2fb-5c6d\" data-vc-tabs data-vc-container=\".vc_tta\"><span class=\"vc_tta-title-text\">Description<\/span><\/a><\/li><\/ul><\/div><div class=\"vc_tta-panels-container\"><div class=\"vc_tta-panels\"><div class=\"vc_tta-panel vc_active\" id=\"1591777405940-6d10a2fb-5c6d\" data-vc-content=\".vc_tta-panel-body\"><div class=\"vc_tta-panel-heading\"><h4 class=\"vc_tta-panel-title\"><a href=\"#1591777405940-6d10a2fb-5c6d\" data-vc-accordion data-vc-container=\".vc_tta-container\"><span class=\"vc_tta-title-text\">Description<\/span><\/a><\/h4><\/div><div class=\"vc_tta-panel-body\">\n\t<div class=\"wpb_text_column wpb_content_element\" >\n\t\t<div class=\"wpb_wrapper\">\n\t\t\t<p class=\"Titel\"><strong>XTED - Sending formatted texts from SAP<\/strong><\/p>\n<p align=\"left\"><span class=\"text-lg\">With <strong>XTED<\/strong> send attractive e-mails directly from your applications with minimal effort using data from the SAP ERP system.\u00a0In this way, you bind your customers or suppliers closely and promptly to your SAP processes.<\/span><\/p>\n<p><span class=\"text-lg\">With free formatting for the design of attractive emails<\/span><\/p>\n<ul>\n<li><span class=\"text-lg\">Fonts<\/span><\/li>\n<li><span class=\"text-lg\">Colours<\/span><\/li>\n<li><span class=\"text-lg\">Graphics<\/span><\/li>\n<li><span class=\"text-lg\">References<\/span><\/li>\n<\/ul>\n\n\t\t<\/div>\n\t<\/div>\n<\/div><\/div><\/div><\/div><\/div><\/div><\/div><\/div><\/div><\/div><div class=\"vc_row wpb_row vc_row-fluid\"><div class=\"wpb_column vc_column_container vc_col-sm-12\"><div class=\"vc_column-inner\"><div class=\"wpb_wrapper\"><div class=\"es-resp\">\t<div class=\"visible-xl\" style=\"height: 64px;\"><\/div>\t<div class=\"hidden-xl hidden-md hidden-sm hidden-ms hidden-xs\" style=\"height: 64px;\"><\/div>\t<div class=\"visible-md\" style=\"height: 64px;\"><\/div>\t<div class=\"visible-sm\" style=\"height: 64px;\"><\/div>\t<div class=\"visible-ms\" style=\"height: 32px;\"><\/div>\t<div class=\"visible-xs\" style=\"height: 32px;\"><\/div><\/div><div class=\"btn-wrap align-center\"><a href=\"mailto:info@xaption.de?subject=XTED\"  class=\"btn  btn-default color-hover-default align-center\" id=\"like_sc_button_1710449794\">Send request or arrange a free web demo<\/a><\/div><\/div><\/div><\/div><\/div><div class=\"vc_row wpb_row vc_row-fluid\"><div class=\"wpb_column vc_column_container vc_col-sm-12\"><div class=\"vc_column-inner\"><div class=\"wpb_wrapper\"><div class=\"heading  default align-center color-black subcolor-main transform-default icon-type-default heading-tag-h3\" id=\"like_sc_header_1954145793\"><h3 class=\"header ltx-sr-id-like_sc_header_19541457931837950434 ltx-sr ltx-sr-effect-fade_in ltx-sr-el-block ltx-sr-delay-0 ltx-sr-duration-1000 ltx-sr-sequences-0\">Other SAP Add-ons<\/h3><\/div><div class=\"es-resp\">\t<div class=\"visible-xl\" style=\"height: 64px;\"><\/div>\t<div class=\"hidden-xl hidden-md hidden-sm hidden-ms hidden-xs\" style=\"height: 64px;\"><\/div>\t<div class=\"visible-md\" style=\"height: 64px;\"><\/div>\t<div class=\"visible-sm\" style=\"height: 64px;\"><\/div>\t<div class=\"visible-ms\" style=\"height: 32px;\"><\/div>\t<div class=\"visible-xs\" style=\"height: 32px;\"><\/div><\/div><\/div><\/div><\/div><\/div><div class=\"vc_row wpb_row vc_row-fluid\"><div class=\"wpb_column vc_column_container vc_col-sm-4\"><div class=\"vc_column-inner\"><div class=\"wpb_wrapper\">\n\t<div  class=\"wpb_single_image wpb_content_element vc_align_center  wpb_animate_when_almost_visible wpb_appear appear\">\n\t\t\n\t\t<figure class=\"wpb_wrapper vc_figure\">\n\t\t\t<a href=\"\/en\/xpdf-translator\/\" target=\"_self\" class=\"vc_single_image-wrapper   vc_box_border_grey\"><img loading=\"lazy\" decoding=\"async\" width=\"297\" height=\"497\" src=\"https:\/\/www.xaption.de\/wp-content\/uploads\/XPDF_box_309x517-1-e1591363315453.png\" class=\"vc_single_image-img attachment-full\" alt=\"\" srcset=\"https:\/\/www.xaption.de\/wp-content\/uploads\/XPDF_box_309x517-1-e1591363315453.png 297w, https:\/\/www.xaption.de\/wp-content\/uploads\/XPDF_box_309x517-1-e1591363315453-179x300.png 179w, https:\/\/www.xaption.de\/wp-content\/uploads\/XPDF_box_309x517-1-e1591363315453-75x125.png 75w\" sizes=\"auto, (max-width: 297px) 100vw, 297px\" \/><\/a>\n\t\t<\/figure>\n\t<\/div>\n<div class=\"heading  default align-center color-black subcolor-main transform-default icon-type-default heading-tag-h5\" id=\"like_sc_header_1128501919\"><a href=\"\/en\/xpdf-translator\/\"><h5 class=\"header ltx-sr-id-like_sc_header_11285019191684480358 ltx-sr ltx-sr-effect-fade_in ltx-sr-el-block ltx-sr-delay-0 ltx-sr-duration-1000 ltx-sr-sequences-0\">XPDF \u2013 Translator<\/h5><\/a><\/div><\/div><\/div><\/div><div class=\"wpb_column vc_column_container vc_col-sm-4\"><div class=\"vc_column-inner\"><div class=\"wpb_wrapper\">\n\t<div  class=\"wpb_single_image wpb_content_element vc_align_center  wpb_animate_when_almost_visible wpb_appear appear\">\n\t\t\n\t\t<figure class=\"wpb_wrapper vc_figure\">\n\t\t\t<a href=\"\/en\/xemail-adresspruefung\/\" target=\"_self\" class=\"vc_single_image-wrapper   vc_box_border_grey\"><img loading=\"lazy\" decoding=\"async\" width=\"297\" height=\"497\" src=\"https:\/\/www.xaption.de\/wp-content\/uploads\/XEMAIL_box_309x517-e1591364430292.png\" class=\"vc_single_image-img attachment-full\" alt=\"\" srcset=\"https:\/\/www.xaption.de\/wp-content\/uploads\/XEMAIL_box_309x517-e1591364430292.png 297w, https:\/\/www.xaption.de\/wp-content\/uploads\/XEMAIL_box_309x517-e1591364430292-179x300.png 179w, https:\/\/www.xaption.de\/wp-content\/uploads\/XEMAIL_box_309x517-e1591364430292-75x125.png 75w\" sizes=\"auto, (max-width: 297px) 100vw, 297px\" \/><\/a>\n\t\t<\/figure>\n\t<\/div>\n<div class=\"heading  default align-center color-black subcolor-main transform-default icon-type-default heading-tag-h5\" id=\"like_sc_header_1273590969\"><a href=\"\/en\/xemail-adresspruefung\/\"><h5 class=\"header ltx-sr-id-like_sc_header_12735909691032154309 ltx-sr ltx-sr-effect-fade_in ltx-sr-el-block ltx-sr-delay-0 ltx-sr-duration-1000 ltx-sr-sequences-0\">XEMAIL - Email address check<\/h5><\/a><\/div><\/div><\/div><\/div><div class=\"wpb_column vc_column_container vc_col-sm-4\"><div class=\"vc_column-inner\"><div class=\"wpb_wrapper\">\n\t<div  class=\"wpb_single_image wpb_content_element vc_align_center  wpb_animate_when_almost_visible wpb_appear appear\">\n\t\t\n\t\t<figure class=\"wpb_wrapper vc_figure\">\n\t\t\t<a href=\"\/en\/xam-attachment-manager\/\" target=\"_self\" class=\"vc_single_image-wrapper   vc_box_border_grey\"><img loading=\"lazy\" decoding=\"async\" width=\"297\" height=\"497\" src=\"https:\/\/www.xaption.de\/wp-content\/uploads\/XAM_box_309x517-e1594908256727.png\" class=\"vc_single_image-img attachment-full\" alt=\"\" srcset=\"https:\/\/www.xaption.de\/wp-content\/uploads\/XAM_box_309x517-e1594908256727.png 297w, https:\/\/www.xaption.de\/wp-content\/uploads\/XAM_box_309x517-e1594908256727-179x300.png 179w, https:\/\/www.xaption.de\/wp-content\/uploads\/XAM_box_309x517-e1594908256727-75x125.png 75w\" sizes=\"auto, (max-width: 297px) 100vw, 297px\" \/><\/a>\n\t\t<\/figure>\n\t<\/div>\n<div class=\"heading  default align-center color-black subcolor-main transform-default icon-type-default heading-tag-h5\" id=\"like_sc_header_456045014\"><a href=\"\/en\/xam-attachment-manager\/\"><h5 class=\"header ltx-sr-id-like_sc_header_456045014408732712 ltx-sr ltx-sr-effect-fade_in ltx-sr-el-block ltx-sr-delay-0 ltx-sr-duration-1000 ltx-sr-sequences-0\">XAM - Attachment Manager<\/h5><\/a><\/div><\/div><\/div><\/div><\/div>","protected":false},"excerpt":{"rendered":"XTED \u2013 Grafischer Texteditor Leistungsmerkmale\u00a0 Einstieg \u00fcber Kundenauftr\u00e4ge, Bedarfspl\u00e4ne oder Plan-\/Fertigungsauftr\u00e4ge Grafischer WYSIWYG-Editor Mehrsprachig Einbindung von Grafiken und Hyperlinks Formatierung in HTML Expertenmodus m\u00f6glich Persistierung als SAP-Textobjekte Erweiterbare Editor-API (TinyMCE) API zur Einbindung des E-Mail Versands in beliebige Anwendungen Ersetzung von beliebigen Platzhaltern im Titel und im Textk\u00f6rper Voraussetzungen: SAP ERP 6.0, Anbindung an Mailserver Kategorie: Tools\u00a0 BeschreibungBeschreibung XTED \u2013 Versenden formatierter Texte\u00a0aus SAP Mit XTED versenden Sie mit minimalem Aufwand ansprechende E-Mails direkt aus Ihren Anwendungen heraus mit Daten aus dem SAP ERP System.\u00a0Auf diese Weise binden Sie Ihre Kunden oder Lieferanten eng und zeitnah an Ihre SAP-Prozesse. Mit freier Formatierung zur Gestaltung ansprechender Emails. Schriftarten Farben Grafiken Verweise Anfrage senden oder gratis Web-Demo vereinbarenWeitere SAP Add-ons XPDF \u2013 Translator XEMAIL \u2013 E-Mail Adresspr\u00fcfung XAM \u2013 Attachment Manager","protected":false},"author":1,"featured_media":0,"parent":0,"menu_order":39,"comment_status":"closed","ping_status":"closed","template":"","meta":{"footnotes":""},"class_list":["post-7138","page","type-page","status-publish","hentry"],"aioseo_notices":[],"_links":{"self":[{"href":"https:\/\/www.xaption.de\/en\/wp-json\/wp\/v2\/pages\/7138","targetHints":{"allow":["GET"]}}],"collection":[{"href":"https:\/\/www.xaption.de\/en\/wp-json\/wp\/v2\/pages"}],"about":[{"href":"https:\/\/www.xaption.de\/en\/wp-json\/wp\/v2\/types\/page"}],"author":[{"embeddable":true,"href":"https:\/\/www.xaption.de\/en\/wp-json\/wp\/v2\/users\/1"}],"replies":[{"embeddable":true,"href":"https:\/\/www.xaption.de\/en\/wp-json\/wp\/v2\/comments?post=7138"}],"version-history":[{"count":15,"href":"https:\/\/www.xaption.de\/en\/wp-json\/wp\/v2\/pages\/7138\/revisions"}],"predecessor-version":[{"id":10571,"href":"https:\/\/www.xaption.de\/en\/wp-json\/wp\/v2\/pages\/7138\/revisions\/10571"}],"wp:attachment":[{"href":"https:\/\/www.xaption.de\/en\/wp-json\/wp\/v2\/media?parent=7138"}],"curies":[{"name":"wp","href":"https:\/\/api.w.org\/{rel}","templated":true}]}}