{"id":7139,"date":"2020-04-21T16:53:02","date_gmt":"2020-04-21T14:53:02","guid":{"rendered":"http:\/\/test.xaption.de\/?page_id=7139"},"modified":"2020-11-13T23:33:55","modified_gmt":"2020-11-13T22:33:55","slug":"xam-attachment-manager","status":"publish","type":"page","link":"https:\/\/www.xaption.de\/en\/xam-attachment-manager\/","title":{"rendered":"XAM &#8211; Attachment Manager"},"content":{"rendered":"<div class=\"vc_row wpb_row vc_row-fluid\"><div class=\"wpb_column vc_column_container vc_col-sm-6\"><div class=\"vc_column-inner\"><div class=\"wpb_wrapper\">\n\t<div  class=\"wpb_single_image wpb_content_element vc_align_center\">\n\t\t\n\t\t<figure class=\"wpb_wrapper vc_figure\">\n\t\t\t<div class=\"vc_single_image-wrapper   vc_box_border_grey\"><img loading=\"lazy\" decoding=\"async\" width=\"297\" height=\"497\" src=\"https:\/\/www.xaption.de\/wp-content\/uploads\/XAM_box_309x517-e1594908256727.png\" class=\"vc_single_image-img attachment-full\" alt=\"\" srcset=\"https:\/\/www.xaption.de\/wp-content\/uploads\/XAM_box_309x517-e1594908256727.png 297w, https:\/\/www.xaption.de\/wp-content\/uploads\/XAM_box_309x517-e1594908256727-179x300.png 179w, https:\/\/www.xaption.de\/wp-content\/uploads\/XAM_box_309x517-e1594908256727-75x125.png 75w\" sizes=\"auto, (max-width: 297px) 100vw, 297px\" \/><\/div>\n\t\t<\/figure>\n\t<\/div>\n<\/div><\/div><\/div><div class=\"wpb_column vc_column_container vc_col-sm-6\"><div class=\"vc_column-inner\"><div class=\"wpb_wrapper\">\n\t<div class=\"wpb_text_column wpb_content_element\" >\n\t\t<div class=\"wpb_wrapper\">\n\t\t\t<h3 class=\"product_title entry-title\">XAM - Attachment Manager<\/h3>\n<div class=\"woocommerce-product-details__short-description\">\n<p><span class=\"text-lg\"><strong>Features\u00a0<\/strong><\/span><\/p>\n<ul>\n<li><span class=\"text-lg\">Sending, viewing and printing of technical documents as attachments to any SAP messages<\/span><\/li>\n<li><span class=\"text-lg\">Connection to standard SAP Message Control<\/span><\/li>\n<li><span class=\"text-lg\">Shipping also in the background<\/span><\/li>\n<li><span class=\"text-lg\">Generische Fileserver- oder Dokumentendatenbank-Anbindung<\/span><\/li>\n<li><span class=\"text-lg\">In dialogue: Printing of documents and graphics (also JPEG) together with the corresponding documents<\/span><\/li>\n<li><span class=\"text-lg\">Integration of the Windows display within the print preview\u00a0<\/span><span class=\"text-lg\">(Acrobat Reader, image viewer, ...)<\/span><\/li>\n<li><span class=\"text-lg\">High acceptance through intuitive operation via the SAP and Windows standard functions<\/span><\/li>\n<li><span class=\"text-lg\">OO programming adaptable to your document management environment<\/span><\/li>\n<\/ul>\n<p><strong style=\"font-size: 18px;\">Category:<\/strong> <a style=\"font-size: 18px;\" href=\"\/en\/entwickler-tools\/\" rel=\"tag\">Tools<\/a><\/p>\n<\/div>\n\n\t\t<\/div>\n\t<\/div>\n<\/div><\/div><\/div><\/div><div class=\"vc_row wpb_row vc_row-fluid\"><div class=\"wpb_column vc_column_container vc_col-sm-12\"><div class=\"vc_column-inner\"><div class=\"wpb_wrapper\"><div class=\"vc_tta-container\" data-vc-action=\"collapse\"><div class=\"vc_general vc_tta vc_tta-tabs vc_tta-color-grey vc_tta-style-classic vc_tta-shape-rounded vc_tta-spacing-1 vc_tta-tabs-position-top vc_tta-controls-align-left\"><div class=\"vc_tta-tabs-container\"><ul class=\"vc_tta-tabs-list\"><li class=\"vc_tta-tab vc_active\" data-vc-tab><a href=\"#1591787839977-1d287920-caf4\" data-vc-tabs data-vc-container=\".vc_tta\"><span class=\"vc_tta-title-text\">Description<\/span><\/a><\/li><\/ul><\/div><div class=\"vc_tta-panels-container\"><div class=\"vc_tta-panels\"><div class=\"vc_tta-panel vc_active\" id=\"1591787839977-1d287920-caf4\" data-vc-content=\".vc_tta-panel-body\"><div class=\"vc_tta-panel-heading\"><h4 class=\"vc_tta-panel-title\"><a href=\"#1591787839977-1d287920-caf4\" data-vc-accordion data-vc-container=\".vc_tta-container\"><span class=\"vc_tta-title-text\">Description<\/span><\/a><\/h4><\/div><div class=\"vc_tta-panel-body\">\n\t<div class=\"wpb_text_column wpb_content_element\" >\n\t\t<div class=\"wpb_wrapper\">\n\t\t\t<p class=\"Titel\"><span class=\"text-lg\"><strong>XAM - Attachment Manager - Send e-mails with attachments directly from SAP<\/strong><\/span><\/p>\n<p align=\"left\"><span class=\"text-lg\">Often, in addition to the form, other documents are sent to the addressee as attachments, e.g. technical documents, photos, etc. <\/span><span class=\"text-lg\">In the SAP standard system, sending with attachment is not possible within Message Control.\u00a0<\/span><span class=\"text-lg\">Also, the older SAPScript and Smart Forms printing solutions cannot output high-resolution images or other attachments.<\/span><\/p>\n<p align=\"left\"><span class=\"text-lg\">The XAM Attachment Manager helps you close the gap. Triggered via message control, the application recognizes whether attachments exist for the message in question and adds them to the process. The output media \"e-mail\" and \"printout\" are supported here.<\/span><\/p>\n<p align=\"left\"><span class=\"text-lg\">Document staging can be carried out in various ways, which are defined in Customizing:<\/span><\/p>\n<ul>\n<li><span class=\"text-lg\">Any document management system (e.g. image database)<\/span><\/li>\n<li><span class=\"text-lg\">SAP document master (incl. opt. archive)<\/span><\/li>\n<li><span class=\"text-lg\">SAP database<\/span><\/li>\n<li><span class=\"text-lg\">File server accessible from the frontend<\/span><\/li>\n<li><span class=\"text-lg\">File server accessible from backend<\/span><\/li>\n<\/ul>\n<p align=\"left\"><span class=\"text-lg\">When you select the print preview in SAP, the corresponding viewers are automatically started with the documents.\u00a0<\/span><span class=\"text-lg\">The documents found are first downloaded into a local temporary directory. The Windows print function is used for the print output.<\/span><\/p>\n\n\t\t<\/div>\n\t<\/div>\n<\/div><\/div><\/div><\/div><\/div><\/div><\/div><\/div><\/div><\/div><div class=\"vc_row wpb_row vc_row-fluid\"><div class=\"wpb_column vc_column_container vc_col-sm-12\"><div class=\"vc_column-inner\"><div class=\"wpb_wrapper\"><div class=\"es-resp\">\t<div class=\"visible-xl\" style=\"height: 64px;\"><\/div>\t<div class=\"hidden-xl hidden-md hidden-sm hidden-ms hidden-xs\" style=\"height: 64px;\"><\/div>\t<div class=\"visible-md\" style=\"height: 64px;\"><\/div>\t<div class=\"visible-sm\" style=\"height: 64px;\"><\/div>\t<div class=\"visible-ms\" style=\"height: 32px;\"><\/div>\t<div class=\"visible-xs\" style=\"height: 32px;\"><\/div><\/div><div class=\"btn-wrap align-center\"><a href=\"mailto:info@xaption.de\"  class=\"btn  btn-default color-hover-default align-center\" id=\"like_sc_button_1348024001\">Send request or arrange a free web demo<\/a><\/div><\/div><\/div><\/div><\/div><div class=\"vc_row wpb_row vc_row-fluid\"><div class=\"wpb_column vc_column_container vc_col-sm-12\"><div class=\"vc_column-inner\"><div class=\"wpb_wrapper\"><div class=\"heading  default align-center color-black subcolor-main transform-default icon-type-default heading-tag-h3\" id=\"like_sc_header_1323061762\"><h3 class=\"header ltx-sr-id-like_sc_header_13230617621154758269 ltx-sr ltx-sr-effect-fade_in ltx-sr-el-block ltx-sr-delay-0 ltx-sr-duration-1000 ltx-sr-sequences-0\">Other SAP Add-ons<\/h3><\/div><div class=\"es-resp\">\t<div class=\"visible-xl\" style=\"height: 64px;\"><\/div>\t<div class=\"hidden-xl hidden-md hidden-sm hidden-ms hidden-xs\" style=\"height: 64px;\"><\/div>\t<div class=\"visible-md\" style=\"height: 64px;\"><\/div>\t<div class=\"visible-sm\" style=\"height: 64px;\"><\/div>\t<div class=\"visible-ms\" style=\"height: 32px;\"><\/div>\t<div class=\"visible-xs\" style=\"height: 32px;\"><\/div><\/div><\/div><\/div><\/div><\/div><div class=\"vc_row wpb_row vc_row-fluid\"><div class=\"wpb_column vc_column_container vc_col-sm-4\"><div class=\"vc_column-inner\"><div class=\"wpb_wrapper\">\n\t<div  class=\"wpb_single_image wpb_content_element vc_align_center  wpb_animate_when_almost_visible wpb_appear appear\">\n\t\t\n\t\t<figure class=\"wpb_wrapper vc_figure\">\n\t\t\t<a href=\"\/en\/xemail-adresspruefung\/\" target=\"_self\" class=\"vc_single_image-wrapper   vc_box_border_grey\"><img loading=\"lazy\" decoding=\"async\" width=\"297\" height=\"497\" src=\"https:\/\/www.xaption.de\/wp-content\/uploads\/XEMAIL_box_309x517-e1591364430292.png\" class=\"vc_single_image-img attachment-full\" alt=\"\" srcset=\"https:\/\/www.xaption.de\/wp-content\/uploads\/XEMAIL_box_309x517-e1591364430292.png 297w, https:\/\/www.xaption.de\/wp-content\/uploads\/XEMAIL_box_309x517-e1591364430292-179x300.png 179w, https:\/\/www.xaption.de\/wp-content\/uploads\/XEMAIL_box_309x517-e1591364430292-75x125.png 75w\" sizes=\"auto, (max-width: 297px) 100vw, 297px\" \/><\/a>\n\t\t<\/figure>\n\t<\/div>\n<div class=\"heading  default align-center color-black subcolor-main transform-default icon-type-default heading-tag-h5\" id=\"like_sc_header_279193435\"><a href=\"\/en\/xemail-adresspruefung\/\"><h5 class=\"header ltx-sr-id-like_sc_header_279193435740459671 ltx-sr ltx-sr-effect-fade_in ltx-sr-el-block ltx-sr-delay-0 ltx-sr-duration-1000 ltx-sr-sequences-0\">XEMAIL - Email address check<\/h5><\/a><\/div><\/div><\/div><\/div><div class=\"wpb_column vc_column_container vc_col-sm-4\"><div class=\"vc_column-inner\"><div class=\"wpb_wrapper\">\n\t<div  class=\"wpb_single_image wpb_content_element vc_align_center  wpb_animate_when_almost_visible wpb_appear appear\">\n\t\t\n\t\t<figure class=\"wpb_wrapper vc_figure\">\n\t\t\t<a href=\"\/en\/xted-grafischer-texteditor\/\" target=\"_self\" class=\"vc_single_image-wrapper   vc_box_border_grey\"><img loading=\"lazy\" decoding=\"async\" width=\"296\" height=\"497\" src=\"https:\/\/www.xaption.de\/wp-content\/uploads\/XTED_box_309x518-e1591363506815.png\" class=\"vc_single_image-img attachment-full\" alt=\"\" srcset=\"https:\/\/www.xaption.de\/wp-content\/uploads\/XTED_box_309x518-e1591363506815.png 296w, https:\/\/www.xaption.de\/wp-content\/uploads\/XTED_box_309x518-e1591363506815-179x300.png 179w, https:\/\/www.xaption.de\/wp-content\/uploads\/XTED_box_309x518-e1591363506815-74x125.png 74w\" sizes=\"auto, (max-width: 296px) 100vw, 296px\" \/><\/a>\n\t\t<\/figure>\n\t<\/div>\n<div class=\"heading  default align-center color-black subcolor-main transform-default icon-type-default heading-tag-h5\" id=\"like_sc_header_937788145\"><a href=\"\/en\/xted-grafischer-texteditor\/\"><h5 class=\"header ltx-sr-id-like_sc_header_9377881452060699505 ltx-sr ltx-sr-effect-fade_in ltx-sr-el-block ltx-sr-delay-0 ltx-sr-duration-1000 ltx-sr-sequences-0\">XTED - Graphical text editor<\/h5><\/a><\/div><\/div><\/div><\/div><div class=\"wpb_column vc_column_container vc_col-sm-4\"><div class=\"vc_column-inner\"><div class=\"wpb_wrapper\">\n\t<div  class=\"wpb_single_image wpb_content_element vc_align_center  wpb_animate_when_almost_visible wpb_appear appear\">\n\t\t\n\t\t<figure class=\"wpb_wrapper vc_figure\">\n\t\t\t<a href=\"\/en\/xpdf-translator\/\" target=\"_self\" class=\"vc_single_image-wrapper   vc_box_border_grey\"><img loading=\"lazy\" decoding=\"async\" width=\"297\" height=\"497\" src=\"https:\/\/www.xaption.de\/wp-content\/uploads\/XPDF_box_309x517-1-e1591363315453.png\" class=\"vc_single_image-img attachment-full\" alt=\"\" srcset=\"https:\/\/www.xaption.de\/wp-content\/uploads\/XPDF_box_309x517-1-e1591363315453.png 297w, https:\/\/www.xaption.de\/wp-content\/uploads\/XPDF_box_309x517-1-e1591363315453-179x300.png 179w, https:\/\/www.xaption.de\/wp-content\/uploads\/XPDF_box_309x517-1-e1591363315453-75x125.png 75w\" sizes=\"auto, (max-width: 297px) 100vw, 297px\" \/><\/a>\n\t\t<\/figure>\n\t<\/div>\n<div class=\"heading  default align-center color-black subcolor-main transform-default icon-type-default heading-tag-h5\" id=\"like_sc_header_910258498\"><a href=\"\/en\/xpdf-translator\/\"><h5 class=\"header ltx-sr-id-like_sc_header_910258498355754833 ltx-sr ltx-sr-effect-fade_in ltx-sr-el-block ltx-sr-delay-0 ltx-sr-duration-1000 ltx-sr-sequences-0\">XPDF \u2013 Translator<\/h5><\/a><\/div><\/div><\/div><\/div><\/div>","protected":false},"excerpt":{"rendered":"XAM \u2013 Attachment Manager Leistungsmerkmale\u00a0 Versand, Sichtung und Ausdruck von technischen Dokumenten als Anlage zu beliebigen SAP-Nachrichten Anbindung an die Standard-SAP-Nachrichtensteuerung Versand auch im Hintergrund Generische Fileserver- oder Dokumentendatenbank-Anbindung Im Dialog: Ausdruck von Dokumenten und Grafiken (auch JPEG) zusammen mit dem zugeh\u00f6rigen Belegen Integration der Windows-Anzeige im Rahmen der Druckvorschau\u00a0(Acrobat Reader, Bildbetrachter, \u2026) Hohe Akzeptanz durch intuitive Bedienung \u00fcber die SAP- und Windows-Standardfunktionen OO-Programmierung anpassungsf\u00e4hig an Ihre Dokumentenmanagement Umgebung Kategorie: Tools BeschreibungBeschreibung XAM \u2013 Attachment Manager \u2013\u00a0Versenden von E-Mails mit Anhang direkt aus SAP H\u00e4ufig werden zus\u00e4tzlich zum Formular weitere Dokumente als Anhang an den Adressaten gesendet z.B. technische Dokumente, Fotos usw. Im SAP Standard ist das Versenden mit Anhang innerhalb der Nachrichtensteuerung nicht m\u00f6glich.\u00a0Auch k\u00f6nnen die \u00e4lteren Druckl\u00f6sungen SAPScript und Smart Forms keine hochaufl\u00f6senden Bilder oder sonstige Anlagen ausgeben. Der XAM-Attachment Manager hilft Ihnen die L\u00fccke zuschlie\u00dfen. Getriggert \u00fcber die Nachrichtensteuerung erkennt die Applikation, ob f\u00fcr die betreffende Nachricht [...]","protected":false},"author":1,"featured_media":0,"parent":0,"menu_order":43,"comment_status":"closed","ping_status":"closed","template":"","meta":{"footnotes":""},"class_list":["post-7139","page","type-page","status-publish","hentry"],"aioseo_notices":[],"_links":{"self":[{"href":"https:\/\/www.xaption.de\/en\/wp-json\/wp\/v2\/pages\/7139","targetHints":{"allow":["GET"]}}],"collection":[{"href":"https:\/\/www.xaption.de\/en\/wp-json\/wp\/v2\/pages"}],"about":[{"href":"https:\/\/www.xaption.de\/en\/wp-json\/wp\/v2\/types\/page"}],"author":[{"embeddable":true,"href":"https:\/\/www.xaption.de\/en\/wp-json\/wp\/v2\/users\/1"}],"replies":[{"embeddable":true,"href":"https:\/\/www.xaption.de\/en\/wp-json\/wp\/v2\/comments?post=7139"}],"version-history":[{"count":18,"href":"https:\/\/www.xaption.de\/en\/wp-json\/wp\/v2\/pages\/7139\/revisions"}],"predecessor-version":[{"id":10554,"href":"https:\/\/www.xaption.de\/en\/wp-json\/wp\/v2\/pages\/7139\/revisions\/10554"}],"wp:attachment":[{"href":"https:\/\/www.xaption.de\/en\/wp-json\/wp\/v2\/media?parent=7139"}],"curies":[{"name":"wp","href":"https:\/\/api.w.org\/{rel}","templated":true}]}}