{"id":7140,"date":"2020-04-21T16:53:02","date_gmt":"2020-04-21T14:53:02","guid":{"rendered":"http:\/\/test.xaption.de\/?page_id=7140"},"modified":"2020-11-04T16:00:37","modified_gmt":"2020-11-04T15:00:37","slug":"xpdf-translator","status":"publish","type":"page","link":"https:\/\/www.xaption.de\/en\/xpdf-translator\/","title":{"rendered":"XPDF &#8211; Translator"},"content":{"rendered":"<div class=\"vc_row wpb_row vc_row-fluid\"><div class=\"wpb_column vc_column_container vc_col-sm-6\"><div class=\"vc_column-inner\"><div class=\"wpb_wrapper\">\n\t<div  class=\"wpb_single_image wpb_content_element vc_align_center\">\n\t\t\n\t\t<figure class=\"wpb_wrapper vc_figure\">\n\t\t\t<div class=\"vc_single_image-wrapper   vc_box_border_grey\"><img loading=\"lazy\" decoding=\"async\" width=\"297\" height=\"497\" src=\"https:\/\/www.xaption.de\/wp-content\/uploads\/XPDF_box_309x517-1-e1591363315453.png\" class=\"vc_single_image-img attachment-full\" alt=\"\" srcset=\"https:\/\/www.xaption.de\/wp-content\/uploads\/XPDF_box_309x517-1-e1591363315453.png 297w, https:\/\/www.xaption.de\/wp-content\/uploads\/XPDF_box_309x517-1-e1591363315453-179x300.png 179w, https:\/\/www.xaption.de\/wp-content\/uploads\/XPDF_box_309x517-1-e1591363315453-75x125.png 75w\" sizes=\"auto, (max-width: 297px) 100vw, 297px\" \/><\/div>\n\t\t<\/figure>\n\t<\/div>\n<\/div><\/div><\/div><div class=\"wpb_column vc_column_container vc_col-sm-6\"><div class=\"vc_column-inner\"><div class=\"wpb_wrapper\">\n\t<div class=\"wpb_text_column wpb_content_element\" >\n\t\t<div class=\"wpb_wrapper\">\n\t\t\t<h3 class=\"product_title entry-title\">XPDF \u2013 Translator<\/h3>\n<div class=\"woocommerce-product-details__short-description\">\n<p><span class=\"text-lg\"><strong>Features\u00a0<\/strong><\/span><\/p>\n<ul>\n<li><span class=\"text-lg\">Simultaneous translations into several languages<\/span><\/li>\n<li><span class=\"text-lg\">Editieren von Texten ohne XML<\/span><\/li>\n<li><span class=\"text-lg\">Download\/Upload the translation as Excel file<\/span><\/li>\n<li><span class=\"text-lg\">Tabellarische oder hierarchische Darstellungdes Formulars mit Volltextsuche<\/span><\/li>\n<li><span class=\"text-lg\">Translation suggestions from the DDIC<\/span><\/li>\n<li><span class=\"text-lg\">Integration with customer-specific term databases<\/span><\/li>\n<li><span class=\"text-lg\">Partial support of truly interactive forms<\/span><\/li>\n<li><span class=\"text-lg\">Simultaneous translation of PDF forms into multiple languages<\/span><\/li>\n<li><span class=\"text-lg\">Editing of texts is now possible without XML<\/span><\/li>\n<\/ul>\n<p><span class=\"posted_in text-lg\"><strong>Category:<\/strong>\u00a0\u00a0<a href=\"\/en\/entwickler-tools\/\" rel=\"tag\">Tools<\/a><\/span><\/p>\n<\/div>\n\n\t\t<\/div>\n\t<\/div>\n<div class=\"es-resp\">\t<div class=\"visible-xl\" style=\"height: 64px;\"><\/div>\t<div class=\"hidden-xl hidden-md hidden-sm hidden-ms hidden-xs\" style=\"height: 64px;\"><\/div>\t<div class=\"visible-md\" style=\"height: 64px;\"><\/div>\t<div class=\"visible-sm\" style=\"height: 64px;\"><\/div>\t<div class=\"visible-ms\" style=\"height: 32px;\"><\/div>\t<div class=\"visible-xs\" style=\"height: 32px;\"><\/div><\/div><\/div><\/div><\/div><\/div><div class=\"vc_row wpb_row vc_row-fluid\"><div class=\"wpb_column vc_column_container vc_col-sm-12\"><div class=\"vc_column-inner\"><div class=\"wpb_wrapper\"><div class=\"vc_tta-container\" data-vc-action=\"collapse\"><div class=\"vc_general vc_tta vc_tta-tabs vc_tta-color-grey vc_tta-style-classic vc_tta-shape-rounded vc_tta-spacing-1 vc_tta-tabs-position-top vc_tta-controls-align-left\"><div class=\"vc_tta-tabs-container\"><ul class=\"vc_tta-tabs-list\"><li class=\"vc_tta-tab vc_active\" data-vc-tab><a href=\"#1591775023182-bf00a3da-10e0\" data-vc-tabs data-vc-container=\".vc_tta\"><span class=\"vc_tta-title-text\">Description<\/span><\/a><\/li><\/ul><\/div><div class=\"vc_tta-panels-container\"><div class=\"vc_tta-panels\"><div class=\"vc_tta-panel vc_active\" id=\"1591775023182-bf00a3da-10e0\" data-vc-content=\".vc_tta-panel-body\"><div class=\"vc_tta-panel-heading\"><h4 class=\"vc_tta-panel-title\"><a href=\"#1591775023182-bf00a3da-10e0\" data-vc-accordion data-vc-container=\".vc_tta-container\"><span class=\"vc_tta-title-text\">Description<\/span><\/a><\/h4><\/div><div class=\"vc_tta-panel-body\">\n\t<div class=\"wpb_text_column wpb_content_element\" >\n\t\t<div class=\"wpb_wrapper\">\n\t\t\t<p class=\"Titel\"><span class=\"text-lg\"><strong>XPDF - Translator - Comfortable translation of SAP Adobe forms<\/strong><\/span><\/p>\n<p><span class=\"text-lg\">The SAP standard transaction SE63 for the translation of Adobe forms is extremely uncomfortable and tedious. The texts to be translated must be edited within the XML code.<\/span><\/p>\n<p><span class=\"text-lg\"><b>Solution<\/b><\/span><\/p>\n<p><span class=\"text-lg\">Der XPDF Translator ersetzt die Transaktion SE63 und bietet folgende Vorteile:<\/span><\/p>\n<ul>\n<li><span class=\"text-lg\">Simultaneous translations into several languages<\/span><\/li>\n<li><span class=\"text-lg\">Editieren von Texten ohne XML<\/span><\/li>\n<li><span class=\"text-lg\">Download\/Upload the translation as Excel file<\/span><\/li>\n<li><span class=\"text-lg\">Tabellarische oder hierarchische Darstellung des Formulars mit Volltextsuche<\/span><\/li>\n<li><span class=\"text-lg\">Translation suggestions from the DDIC<\/span><\/li>\n<li><span class=\"text-lg\">Integration with customer-specific term databases<\/span><\/li>\n<li><span class=\"text-lg\">Support for interactive forms<\/span><\/li>\n<\/ul>\n\n\t\t<\/div>\n\t<\/div>\n<\/div><\/div><\/div><\/div><\/div><\/div><\/div><\/div><\/div><\/div><div class=\"vc_row wpb_row vc_row-fluid\"><div class=\"wpb_column vc_column_container vc_col-sm-12\"><div class=\"vc_column-inner\"><div class=\"wpb_wrapper\"><div class=\"es-resp\">\t<div class=\"visible-xl\" style=\"height: 64px;\"><\/div>\t<div class=\"hidden-xl hidden-md hidden-sm hidden-ms hidden-xs\" style=\"height: 64px;\"><\/div>\t<div class=\"visible-md\" style=\"height: 64px;\"><\/div>\t<div class=\"visible-sm\" style=\"height: 64px;\"><\/div>\t<div class=\"visible-ms\" style=\"height: 32px;\"><\/div>\t<div class=\"visible-xs\" style=\"height: 32px;\"><\/div><\/div><div class=\"btn-wrap align-center\"><a href=\"mailto:info@xaption.de?subject=XPDF\"  class=\"btn  btn-default color-hover-default align-center\" id=\"like_sc_button_114265798\">Send request or arrange a free web demo<\/a><\/div><\/div><\/div><\/div><\/div><div class=\"vc_row wpb_row vc_row-fluid\"><div class=\"wpb_column vc_column_container vc_col-sm-12\"><div class=\"vc_column-inner\"><div class=\"wpb_wrapper\"><div class=\"heading  default align-center color-black subcolor-main transform-default icon-type-default heading-tag-h3\" id=\"like_sc_header_1573289590\"><h3 class=\"header ltx-sr-id-like_sc_header_1573289590708162830 ltx-sr ltx-sr-effect-fade_in ltx-sr-el-block ltx-sr-delay-0 ltx-sr-duration-1000 ltx-sr-sequences-0\">Other SAP Add-ons<\/h3><\/div><div class=\"es-resp\">\t<div class=\"visible-xl\" style=\"height: 64px;\"><\/div>\t<div class=\"hidden-xl hidden-md hidden-sm hidden-ms hidden-xs\" style=\"height: 64px;\"><\/div>\t<div class=\"visible-md\" style=\"height: 64px;\"><\/div>\t<div class=\"visible-sm\" style=\"height: 64px;\"><\/div>\t<div class=\"visible-ms\" style=\"height: 32px;\"><\/div>\t<div class=\"visible-xs\" style=\"height: 32px;\"><\/div><\/div><\/div><\/div><\/div><\/div><div class=\"vc_row wpb_row vc_row-fluid\"><div class=\"wpb_column vc_column_container vc_col-sm-4\"><div class=\"vc_column-inner\"><div class=\"wpb_wrapper\">\n\t<div  class=\"wpb_single_image wpb_content_element vc_align_center  wpb_animate_when_almost_visible wpb_appear appear\">\n\t\t\n\t\t<figure class=\"wpb_wrapper vc_figure\">\n\t\t\t<a href=\"\/en\/xemail-adresspruefung\/\" target=\"_self\" class=\"vc_single_image-wrapper   vc_box_border_grey\"><img loading=\"lazy\" decoding=\"async\" width=\"297\" height=\"497\" src=\"https:\/\/www.xaption.de\/wp-content\/uploads\/XEMAIL_box_309x517-e1591364430292.png\" class=\"vc_single_image-img attachment-full\" alt=\"\" srcset=\"https:\/\/www.xaption.de\/wp-content\/uploads\/XEMAIL_box_309x517-e1591364430292.png 297w, https:\/\/www.xaption.de\/wp-content\/uploads\/XEMAIL_box_309x517-e1591364430292-179x300.png 179w, https:\/\/www.xaption.de\/wp-content\/uploads\/XEMAIL_box_309x517-e1591364430292-75x125.png 75w\" sizes=\"auto, (max-width: 297px) 100vw, 297px\" \/><\/a>\n\t\t<\/figure>\n\t<\/div>\n<div class=\"heading  default align-center color-black subcolor-main transform-default icon-type-default heading-tag-h5\" id=\"like_sc_header_626256233\"><a href=\"\/en\/xemail-adresspruefung\/\"><h5 class=\"header ltx-sr-id-like_sc_header_6262562331902829859 ltx-sr ltx-sr-effect-fade_in ltx-sr-el-block ltx-sr-delay-0 ltx-sr-duration-1000 ltx-sr-sequences-0\">XEMAIL - Email address check<\/h5><\/a><\/div><\/div><\/div><\/div><div class=\"wpb_column vc_column_container vc_col-sm-4\"><div class=\"vc_column-inner\"><div class=\"wpb_wrapper\">\n\t<div  class=\"wpb_single_image wpb_content_element vc_align_center  wpb_animate_when_almost_visible wpb_appear appear\">\n\t\t\n\t\t<figure class=\"wpb_wrapper vc_figure\">\n\t\t\t<a href=\"\/en\/xted-grafischer-texteditor\/\" target=\"_self\" class=\"vc_single_image-wrapper   vc_box_border_grey\"><img loading=\"lazy\" decoding=\"async\" width=\"296\" height=\"497\" src=\"https:\/\/www.xaption.de\/wp-content\/uploads\/XTED_box_309x518-e1591363506815.png\" class=\"vc_single_image-img attachment-full\" alt=\"\" srcset=\"https:\/\/www.xaption.de\/wp-content\/uploads\/XTED_box_309x518-e1591363506815.png 296w, https:\/\/www.xaption.de\/wp-content\/uploads\/XTED_box_309x518-e1591363506815-179x300.png 179w, https:\/\/www.xaption.de\/wp-content\/uploads\/XTED_box_309x518-e1591363506815-74x125.png 74w\" sizes=\"auto, (max-width: 296px) 100vw, 296px\" \/><\/a>\n\t\t<\/figure>\n\t<\/div>\n<div class=\"heading  default align-center color-black subcolor-main transform-default icon-type-default heading-tag-h5\" id=\"like_sc_header_1269070457\"><a href=\"\/en\/xted-grafischer-texteditor\/\"><h5 class=\"header ltx-sr-id-like_sc_header_1269070457746014439 ltx-sr ltx-sr-effect-fade_in ltx-sr-el-block ltx-sr-delay-0 ltx-sr-duration-1000 ltx-sr-sequences-0\">XTED - Graphical text editor<\/h5><\/a><\/div><\/div><\/div><\/div><div class=\"wpb_column vc_column_container vc_col-sm-4\"><div class=\"vc_column-inner\"><div class=\"wpb_wrapper\">\n\t<div  class=\"wpb_single_image wpb_content_element vc_align_center  wpb_animate_when_almost_visible wpb_appear appear\">\n\t\t\n\t\t<figure class=\"wpb_wrapper vc_figure\">\n\t\t\t<a href=\"\/en\/xam-attachment-manager\/\" target=\"_self\" class=\"vc_single_image-wrapper   vc_box_border_grey\"><img loading=\"lazy\" decoding=\"async\" width=\"297\" height=\"497\" src=\"https:\/\/www.xaption.de\/wp-content\/uploads\/XAM_box_309x517-e1594908256727.png\" class=\"vc_single_image-img attachment-full\" alt=\"\" srcset=\"https:\/\/www.xaption.de\/wp-content\/uploads\/XAM_box_309x517-e1594908256727.png 297w, https:\/\/www.xaption.de\/wp-content\/uploads\/XAM_box_309x517-e1594908256727-179x300.png 179w, https:\/\/www.xaption.de\/wp-content\/uploads\/XAM_box_309x517-e1594908256727-75x125.png 75w\" sizes=\"auto, (max-width: 297px) 100vw, 297px\" \/><\/a>\n\t\t<\/figure>\n\t<\/div>\n<div class=\"heading  default align-center color-black subcolor-main transform-default icon-type-default heading-tag-h5\" id=\"like_sc_header_382259083\"><a href=\"\/en\/xam-attachment-manager\/\"><h5 class=\"header ltx-sr-id-like_sc_header_382259083436141048 ltx-sr ltx-sr-effect-fade_in ltx-sr-el-block ltx-sr-delay-0 ltx-sr-duration-1000 ltx-sr-sequences-0\">XAM - Attachment Manager<\/h5><\/a><\/div><\/div><\/div><\/div><\/div>","protected":false},"excerpt":{"rendered":"XPDF \u2013 Translator Leistungsmerkmale\u00a0 Simultane \u00dcbersetzungen in mehrere Sprachen Editieren von Texten ohne XML Download\/Upload der \u00dcbersetzung als Excel Datei Tabellarische oder hierarchische Darstellungdes Formulars mit Volltextsuche \u00dcbersetzungsvorschl\u00e4ge aus dem DDIC Integration mit kundenspezifischen Begriffsdatenbanken Partielle Unterst\u00fctzung von echt interaktiven Formularen \u00dcbersetzungen von PDF Formularen gleichzeitig in mehrere Sprachen Editieren von Texten ist jetzt ohne XML m\u00f6glich Kategorie:\u00a0\u00a0Tools BeschreibungBeschreibung XPDF \u2013 Translator \u2013\u00a0Komfortable \u00dcbersetzung von SAP Adobe Formularen Die SAP Standard Transaktion SE63 f\u00fcr die \u00dcbersetzung von Adobe Formularen ist \u00e4u\u00dferst\u00a0unkomfortabel und m\u00fchsam. Die zu \u00fcbersetzenden Texte m\u00fcssen innerhalb des XML Codes\u00a0editiert werden. L\u00f6sung Der XPDF Translator ersetzt die Transaktion SE63 und bietet folgende Vorteile: Simultane \u00dcbersetzungen in mehrere Sprachen Editieren von Texten ohne XML Down-bzw.Upload der \u00dcbersetzung per Excel Datei Tabellarische oder hierarchische Darstellung des Formulars mit Volltextsuche \u00dcbersetzungsvorschl\u00e4ge aus dem DDIC Integration mit kundenspezifischen Begriffsdatenbanken Unterst\u00fctzung interaktiver Formulare Anfrage senden oder gratis Web-Demo vereinbarenWeitere SAP Add-ons XEMAIL \u2013 [...]","protected":false},"author":1,"featured_media":0,"parent":0,"menu_order":38,"comment_status":"closed","ping_status":"closed","template":"","meta":{"footnotes":""},"class_list":["post-7140","page","type-page","status-publish","hentry"],"aioseo_notices":[],"_links":{"self":[{"href":"https:\/\/www.xaption.de\/en\/wp-json\/wp\/v2\/pages\/7140","targetHints":{"allow":["GET"]}}],"collection":[{"href":"https:\/\/www.xaption.de\/en\/wp-json\/wp\/v2\/pages"}],"about":[{"href":"https:\/\/www.xaption.de\/en\/wp-json\/wp\/v2\/types\/page"}],"author":[{"embeddable":true,"href":"https:\/\/www.xaption.de\/en\/wp-json\/wp\/v2\/users\/1"}],"replies":[{"embeddable":true,"href":"https:\/\/www.xaption.de\/en\/wp-json\/wp\/v2\/comments?post=7140"}],"version-history":[{"count":12,"href":"https:\/\/www.xaption.de\/en\/wp-json\/wp\/v2\/pages\/7140\/revisions"}],"predecessor-version":[{"id":10572,"href":"https:\/\/www.xaption.de\/en\/wp-json\/wp\/v2\/pages\/7140\/revisions\/10572"}],"wp:attachment":[{"href":"https:\/\/www.xaption.de\/en\/wp-json\/wp\/v2\/media?parent=7140"}],"curies":[{"name":"wp","href":"https:\/\/api.w.org\/{rel}","templated":true}]}}