{"id":7143,"date":"2020-04-21T16:53:03","date_gmt":"2020-04-21T14:53:03","guid":{"rendered":"http:\/\/test.xaption.de\/?page_id=7143"},"modified":"2020-11-04T15:56:41","modified_gmt":"2020-11-04T14:56:41","slug":"xproject-projektleitung","status":"publish","type":"page","link":"https:\/\/www.xaption.de\/en\/xproject-projektleitung\/","title":{"rendered":"Xproject - Project Management"},"content":{"rendered":"<div class=\"vc_row wpb_row vc_row-fluid\"><div class=\"wpb_column vc_column_container vc_col-sm-4\"><div class=\"vc_column-inner\"><div class=\"wpb_wrapper\"><ul class=\"ltx-block-icon icons-count-1  ltx-icon-top align-center ltx-icon-type-circle layout-cols1\"  id=\"like_sc_block_icon_542856413\"><li ><div  data-mh=\"ltx-block-icon-in-1536\" class=\"in matchHeight\"><span class=\"ltx-icon fas fa-tasks\" data-mh=\"ltx-icon-span-like_sc_block_icon_542856413\"><\/span> <h4 class=\"header\"> Xprojects <\/h4> <\/div><\/li><\/ul><\/div><\/div><\/div><div class=\"wpb_column vc_column_container vc_col-sm-8\"><div class=\"vc_column-inner\"><div class=\"wpb_wrapper\">\n\t<div class=\"wpb_text_column wpb_content_element\" >\n\t\t<div class=\"wpb_wrapper\">\n\t\t\t<h4 class=\"Titel\">Project management<\/h4>\n<p><span class=\"text-lg\">We accompany your SAP projects as a trustworthy and experienced partner right from the start. In coordination with you, we take over the project management and make your SAP projects a success.<\/span><\/p>\n<ul>\n<li><span class=\"text-lg\">complete new SAP implementation<\/span><\/li>\n<li><span class=\"text-lg\">Migration from ERP to S\/4 HANA or another technology change<\/span><\/li>\n<li><span class=\"text-lg\">Implementation of new modules<\/span><\/li>\n<\/ul>\n\n\t\t<\/div>\n\t<\/div>\n<div class=\"es-resp\">\t<div class=\"visible-xl\" style=\"height: 64px;\"><\/div>\t<div class=\"hidden-xl hidden-md hidden-sm hidden-ms hidden-xs\" style=\"height: 64px;\"><\/div>\t<div class=\"visible-md\" style=\"height: 64px;\"><\/div>\t<div class=\"visible-sm\" style=\"height: 64px;\"><\/div>\t<div class=\"visible-ms\" style=\"height: 32px;\"><\/div>\t<div class=\"visible-xs\" style=\"height: 32px;\"><\/div><\/div><div class=\"btn-wrap align-left\"><a href=\"mailto:info@xaption.de?subject=Xproject\"  class=\"btn  btn-default color-hover-default align-left\" id=\"like_sc_button_378015016\">Contact us<\/a><\/div><\/div><\/div><\/div><\/div>","protected":false},"excerpt":{"rendered":"Xprojects Projektleitung -\u00a0Projektmanagement Wir begleiten Ihre SAP Projekte als vertrauensvoller und erfahrener Partner von Anfang an. In Abstimmung mit Ihnen \u00fcbernehmen wir f\u00fcr Sie die Projektleitung federf\u00fchrend und bringen Ihre SAP Projekte gemeinsam zum Erfolg. komplette SAP Neueinf\u00fchrung Migration von ERP auf S\/4 HANA oder ein anderer Technologiewechsel Einf\u00fchrung neuer Module Kontakt","protected":false},"author":1,"featured_media":0,"parent":0,"menu_order":33,"comment_status":"closed","ping_status":"closed","template":"","meta":{"footnotes":""},"class_list":["post-7143","page","type-page","status-publish","hentry"],"aioseo_notices":[],"_links":{"self":[{"href":"https:\/\/www.xaption.de\/en\/wp-json\/wp\/v2\/pages\/7143","targetHints":{"allow":["GET"]}}],"collection":[{"href":"https:\/\/www.xaption.de\/en\/wp-json\/wp\/v2\/pages"}],"about":[{"href":"https:\/\/www.xaption.de\/en\/wp-json\/wp\/v2\/types\/page"}],"author":[{"embeddable":true,"href":"https:\/\/www.xaption.de\/en\/wp-json\/wp\/v2\/users\/1"}],"replies":[{"embeddable":true,"href":"https:\/\/www.xaption.de\/en\/wp-json\/wp\/v2\/comments?post=7143"}],"version-history":[{"count":23,"href":"https:\/\/www.xaption.de\/en\/wp-json\/wp\/v2\/pages\/7143\/revisions"}],"predecessor-version":[{"id":10566,"href":"https:\/\/www.xaption.de\/en\/wp-json\/wp\/v2\/pages\/7143\/revisions\/10566"}],"wp:attachment":[{"href":"https:\/\/www.xaption.de\/en\/wp-json\/wp\/v2\/media?parent=7143"}],"curies":[{"name":"wp","href":"https:\/\/api.w.org\/{rel}","templated":true}]}}