{"id":7144,"date":"2020-04-21T16:53:03","date_gmt":"2020-04-21T14:53:03","guid":{"rendered":"http:\/\/test.xaption.de\/?page_id=7144"},"modified":"2020-11-13T23:29:44","modified_gmt":"2020-11-13T22:29:44","slug":"leistungen-xconsult-beratung","status":"publish","type":"page","link":"https:\/\/www.xaption.de\/en\/leistungen-xconsult-beratung\/","title":{"rendered":"Xconsult - SAP Consulting"},"content":{"rendered":"<div class=\"vc_row wpb_row vc_row-fluid\"><div class=\"wpb_column vc_column_container vc_col-sm-4\"><div class=\"vc_column-inner\"><div class=\"wpb_wrapper\"><ul class=\"ltx-block-icon icons-count-1  ltx-icon-top align-center ltx-icon-type-circle layout-cols1\"  id=\"like_sc_block_icon_470615327\"><li ><div  data-mh=\"ltx-block-icon-in-1098\" class=\"in matchHeight\"><span class=\"ltx-icon fas fa-user-friends\" data-mh=\"ltx-icon-span-like_sc_block_icon_470615327\"><\/span> <h4 class=\"header\"> Xconsult  <\/h4> <\/div><\/li><\/ul><\/div><\/div><\/div><div class=\"wpb_column vc_column_container vc_col-sm-8\"><div class=\"vc_column-inner\"><div class=\"wpb_wrapper\">\n\t<div class=\"wpb_text_column wpb_content_element\" >\n\t\t<div class=\"wpb_wrapper\">\n\t\t\t<h4 class=\"Titel\">SAP Consulting<\/h4>\n<p><span class=\"text-lg\">We focus on logistics and accounting.\u00a0<\/span><span class=\"text-lg\">This enables us to handle a complete SAP implementation and achieve best cost performance with a lean, powerful and goal-oriented project team. <\/span><span class=\"text-lg\">We are SAP-independent and can design and implement customer-specific solutions. <\/span><\/p>\n<p><span class=\"text-lg\">Our extensive network includes a number of highly qualified consultants and developers in all areas.\u00a0<\/span><\/p>\n\n\t\t<\/div>\n\t<\/div>\n<div class=\"es-resp\">\t<div class=\"visible-xl\" style=\"height: 64px;\"><\/div>\t<div class=\"hidden-xl hidden-md hidden-sm hidden-ms hidden-xs\" style=\"height: 64px;\"><\/div>\t<div class=\"visible-md\" style=\"height: 64px;\"><\/div>\t<div class=\"visible-sm\" style=\"height: 64px;\"><\/div>\t<div class=\"visible-ms\" style=\"height: 32px;\"><\/div>\t<div class=\"visible-xs\" style=\"height: 32px;\"><\/div><\/div><div class=\"btn-wrap align-left\"><a href=\"mailto:info@xaption.de?subject=Xconsult\"  class=\"btn  btn-default color-hover-default align-left\" id=\"like_sc_button_1619676967\">Contact us<\/a><\/div><\/div><\/div><\/div><\/div>","protected":false},"excerpt":{"rendered":"Xconsult SAP Beratung -\u00a0Coaching Die Schwerpunkte liegen bei uns in der Logistik und im Rechnungswesen.\u00a0So k\u00f6nnen wir eine komplette SAP Einf\u00fchrung abwickeln und dabei mit einem schlanken, schlagkr\u00e4ftigen und zielorientierten zusammengestellten Projektteam beste Kostenperformance erreichen. Dabei sind wir SAP-unabh\u00e4ngig und k\u00f6nnen kundenbezogene L\u00f6sungen konzipieren und umsetzen. Unser umfangreiches Netzwerk beinhaltet eine Reihe hochqualifizierter Berater und Entwickler zu allen Bereichen.\u00a0 Kontakt","protected":false},"author":1,"featured_media":0,"parent":0,"menu_order":36,"comment_status":"closed","ping_status":"closed","template":"","meta":{"footnotes":""},"class_list":["post-7144","page","type-page","status-publish","hentry"],"aioseo_notices":[],"_links":{"self":[{"href":"https:\/\/www.xaption.de\/en\/wp-json\/wp\/v2\/pages\/7144","targetHints":{"allow":["GET"]}}],"collection":[{"href":"https:\/\/www.xaption.de\/en\/wp-json\/wp\/v2\/pages"}],"about":[{"href":"https:\/\/www.xaption.de\/en\/wp-json\/wp\/v2\/types\/page"}],"author":[{"embeddable":true,"href":"https:\/\/www.xaption.de\/en\/wp-json\/wp\/v2\/users\/1"}],"replies":[{"embeddable":true,"href":"https:\/\/www.xaption.de\/en\/wp-json\/wp\/v2\/comments?post=7144"}],"version-history":[{"count":22,"href":"https:\/\/www.xaption.de\/en\/wp-json\/wp\/v2\/pages\/7144\/revisions"}],"predecessor-version":[{"id":10570,"href":"https:\/\/www.xaption.de\/en\/wp-json\/wp\/v2\/pages\/7144\/revisions\/10570"}],"wp:attachment":[{"href":"https:\/\/www.xaption.de\/en\/wp-json\/wp\/v2\/media?parent=7144"}],"curies":[{"name":"wp","href":"https:\/\/api.w.org\/{rel}","templated":true}]}}