{"id":7335,"date":"2020-04-22T09:26:17","date_gmt":"2020-04-22T07:26:17","guid":{"rendered":"http:\/\/test.xaption.de\/?page_id=7335"},"modified":"2020-11-01T13:06:33","modified_gmt":"2020-11-01T12:06:33","slug":"leistungen","status":"publish","type":"page","link":"https:\/\/www.xaption.de\/en\/leistungen\/","title":{"rendered":"Services"},"content":{"rendered":"<div data-vc-full-width=\"true\" data-vc-full-width-init=\"false\" class=\"vc_row wpb_row vc_row-fluid bg-color-gray text-align-center-ms\"><div class=\"wpb_column vc_column_container vc_col-sm-4\"><div class=\"vc_column-inner\"><div class=\"wpb_wrapper\"><div class=\"es-resp\">\t<div class=\"visible-xl\" style=\"height: 64px;\"><\/div>\t<div class=\"hidden-xl hidden-md hidden-sm hidden-ms hidden-xs\" style=\"height: 64px;\"><\/div>\t<div class=\"visible-md\" style=\"height: 64px;\"><\/div>\t<div class=\"visible-sm\" style=\"height: 64px;\"><\/div>\t<div class=\"visible-ms\" style=\"height: 32px;\"><\/div>\t<div class=\"visible-xs\" style=\"height: 32px;\"><\/div><\/div><ul class=\"ltx-block-icon icons-count-1  ltx-icon-top align-center ltx-icon-type-circle layout-cols1\"  id=\"like_sc_block_icon_1465530178\"><li ><a href=\"http:\/\/www.xaption.de\/en\/xproject-projektleitung\/\"  data-mh=\"ltx-block-icon-in-1052\" class=\"in matchHeight\"><span class=\"ltx-icon fas fa-tasks\" data-mh=\"ltx-icon-span-like_sc_block_icon_1465530178\"><\/span> <h4 class=\"header\"> Xprojects <br \/>\n <\/h4> <\/a><\/li><\/ul><\/div><\/div><\/div><div class=\"wpb_column vc_column_container vc_col-sm-8\"><div class=\"vc_column-inner\"><div class=\"wpb_wrapper\"><div class=\"es-resp\">\t<div class=\"visible-xl\" style=\"height: 64px;\"><\/div>\t<div class=\"hidden-xl hidden-md hidden-sm hidden-ms hidden-xs\" style=\"height: 64px;\"><\/div>\t<div class=\"visible-md\" style=\"height: 64px;\"><\/div>\t<div class=\"visible-sm\" style=\"height: 64px;\"><\/div>\t<div class=\"visible-ms\" style=\"height: 32px;\"><\/div>\t<div class=\"visible-xs\" style=\"height: 32px;\"><\/div><\/div>\n\t<div class=\"wpb_text_column wpb_content_element\" >\n\t\t<div class=\"wpb_wrapper\">\n\t\t\t<h3>Project Management<\/h3>\n<p><span class=\"text-lg\">We accompany your SAP projects as <\/span><span class=\"text-lg\">a trustworthy, experienced partner from the very beginning. I<\/span><span class=\"text-lg\">n consultation with you, we take over the project management and bring your SAP project <\/span><span class=\"text-lg\">to success together.<\/span><\/p>\n<ul>\n<li style=\"text-align: left;\"><span class=\"text-lg\">complete new SAP implementation<\/span><\/li>\n<li style=\"text-align: left;\"><span class=\"text-lg\">Migration von ERP auf S\/4HANA oder ein anderer Technologiewechsel<\/span><\/li>\n<li style=\"text-align: left;\"><span class=\"text-lg\">Implementation of new modules<\/span><\/li>\n<\/ul>\n\n\t\t<\/div>\n\t<\/div>\n<div class=\"btn-wrap align-left\"><a href=\"\/en\/xproject-projektleitung\/\"  class=\"btn  btn-default color-hover-default align-left\" id=\"like_sc_button_1728382787\">More details<\/a><\/div><div class=\"es-resp\">\t<div class=\"visible-xl\" style=\"height: 64px;\"><\/div>\t<div class=\"hidden-xl hidden-md hidden-sm hidden-ms hidden-xs\" style=\"height: 64px;\"><\/div>\t<div class=\"visible-md\" style=\"height: 64px;\"><\/div>\t<div class=\"visible-sm\" style=\"height: 64px;\"><\/div>\t<div class=\"visible-ms\" style=\"height: 32px;\"><\/div>\t<div class=\"visible-xs\" style=\"height: 32px;\"><\/div><\/div><\/div><\/div><\/div><\/div><div class=\"vc_row-full-width vc_clearfix\"><\/div><div data-vc-full-width=\"true\" data-vc-full-width-init=\"false\" class=\"vc_row wpb_row vc_row-fluid bg-color-gray\"><div class=\"wpb_column vc_column_container vc_col-sm-4\"><div class=\"vc_column-inner\"><div class=\"wpb_wrapper\"><div class=\"es-resp\">\t<div class=\"visible-xl\" style=\"height: 64px;\"><\/div>\t<div class=\"hidden-xl hidden-md hidden-sm hidden-ms hidden-xs\" style=\"height: 64px;\"><\/div>\t<div class=\"visible-md\" style=\"height: 64px;\"><\/div>\t<div class=\"visible-sm\" style=\"height: 64px;\"><\/div>\t<div class=\"visible-ms\" style=\"height: 32px;\"><\/div>\t<div class=\"visible-xs\" style=\"height: 32px;\"><\/div><\/div><ul class=\"ltx-block-icon icons-count-1  ltx-icon-top align-center ltx-icon-type-circle layout-cols1\"  id=\"like_sc_block_icon_1980591720\"><li ><a href=\"http:\/\/www.xaption.de\/en\/xconsult-SAP-beratung\/\"  data-mh=\"ltx-block-icon-in-1989\" class=\"in matchHeight\"><span class=\"ltx-icon fas fa-user-friends\" data-mh=\"ltx-icon-span-like_sc_block_icon_1980591720\"><\/span> <h4 class=\"header\"> Xconsult <br \/>\n <\/h4> <\/a><\/li><\/ul><div class=\"es-resp\">\t<div class=\"visible-xl\" style=\"height: 64px;\"><\/div>\t<div class=\"hidden-xl hidden-md hidden-sm hidden-ms hidden-xs\" style=\"height: 64px;\"><\/div>\t<div class=\"visible-md\" style=\"height: 64px;\"><\/div>\t<div class=\"visible-sm\" style=\"height: 64px;\"><\/div>\t<div class=\"visible-ms\" style=\"height: 32px;\"><\/div>\t<div class=\"visible-xs\" style=\"height: 32px;\"><\/div><\/div><\/div><\/div><\/div><div class=\"wpb_column vc_column_container vc_col-sm-8\"><div class=\"vc_column-inner\"><div class=\"wpb_wrapper\"><div class=\"es-resp\">\t<div class=\"visible-xl\" style=\"height: 64px;\"><\/div>\t<div class=\"hidden-xl hidden-md hidden-sm hidden-ms hidden-xs\" style=\"height: 64px;\"><\/div>\t<div class=\"visible-md\" style=\"height: 64px;\"><\/div>\t<div class=\"visible-sm\" style=\"height: 64px;\"><\/div>\t<div class=\"visible-ms\" style=\"height: 32px;\"><\/div>\t<div class=\"visible-xs\" style=\"height: 32px;\"><\/div><\/div>\n\t<div class=\"wpb_text_column wpb_content_element\" >\n\t\t<div class=\"wpb_wrapper\">\n\t\t\t<h3>SAP Consulting<\/h3>\n<p style=\"text-align: left;\"><span class=\"text-lg\">Our main focus is on logistics and accounting. Our large network includes a number of highly qualified consultants and developers in all areas.<\/span><\/p>\n<ul>\n<li><span class=\"text-lg\">complete SAP implementation as a GU <\/span><\/li>\n<li><span class=\"text-lg\">lean,\u00a0<\/span><span class=\"text-lg\">powerful, target-oriented project team<\/span><\/li>\n<li><span class=\"text-lg\">best cost performance<\/span><\/li>\n<li><span class=\"text-lg\">Designing SAP-independent and customer-oriented solutions<\/span><\/li>\n<\/ul>\n\n\t\t<\/div>\n\t<\/div>\n<div class=\"btn-wrap align-left\"><a href=\"\/en\/xconsult-SAP-beratung\/\"  class=\"btn  btn-default color-hover-default align-left\" id=\"like_sc_button_506315487\">More details<\/a><\/div><div class=\"es-resp\">\t<div class=\"visible-xl\" style=\"height: 64px;\"><\/div>\t<div class=\"hidden-xl hidden-md hidden-sm hidden-ms hidden-xs\" style=\"height: 64px;\"><\/div>\t<div class=\"visible-md\" style=\"height: 64px;\"><\/div>\t<div class=\"visible-sm\" style=\"height: 64px;\"><\/div>\t<div class=\"visible-ms\" style=\"height: 32px;\"><\/div>\t<div class=\"visible-xs\" style=\"height: 32px;\"><\/div><\/div><\/div><\/div><\/div><\/div><div class=\"vc_row-full-width vc_clearfix\"><\/div><div data-vc-full-width=\"true\" data-vc-full-width-init=\"false\" class=\"vc_row wpb_row vc_row-fluid bg-color-gray\"><div class=\"wpb_column vc_column_container vc_col-sm-4 bg-color-gray\"><div class=\"vc_column-inner\"><div class=\"wpb_wrapper\"><div class=\"es-resp\">\t<div class=\"visible-xl\" style=\"height: 64px;\"><\/div>\t<div class=\"hidden-xl hidden-md hidden-sm hidden-ms hidden-xs\" style=\"height: 64px;\"><\/div>\t<div class=\"visible-md\" style=\"height: 64px;\"><\/div>\t<div class=\"visible-sm\" style=\"height: 64px;\"><\/div>\t<div class=\"visible-ms\" style=\"height: 32px;\"><\/div>\t<div class=\"visible-xs\" style=\"height: 32px;\"><\/div><\/div><ul class=\"ltx-block-icon icons-count-1  ltx-icon-top align-center ltx-icon-type-circle layout-cols1\"  id=\"like_sc_block_icon_2010498674\"><li ><a href=\"http:\/\/www.xaption.de\/en\/xforms-sap-formulare\/\"  data-mh=\"ltx-block-icon-in-1739\" class=\"in matchHeight\"><span class=\"ltx-icon far fa-edit\" data-mh=\"ltx-icon-span-like_sc_block_icon_2010498674\"><\/span> <h4 class=\"header\"> Xforms<br \/>\n <\/h4> <\/a><\/li><\/ul><div class=\"es-resp\">\t<div class=\"visible-xl\" style=\"height: 64px;\"><\/div>\t<div class=\"hidden-xl hidden-md hidden-sm hidden-ms hidden-xs\" style=\"height: 64px;\"><\/div>\t<div class=\"visible-md\" style=\"height: 64px;\"><\/div>\t<div class=\"visible-sm\" style=\"height: 64px;\"><\/div>\t<div class=\"visible-ms\" style=\"height: 32px;\"><\/div>\t<div class=\"visible-xs\" style=\"height: 32px;\"><\/div><\/div><\/div><\/div><\/div><div class=\"wpb_column vc_column_container vc_col-sm-8\"><div class=\"vc_column-inner\"><div class=\"wpb_wrapper\"><div class=\"es-resp\">\t<div class=\"visible-xl\" style=\"height: 64px;\"><\/div>\t<div class=\"hidden-xl hidden-md hidden-sm hidden-ms hidden-xs\" style=\"height: 64px;\"><\/div>\t<div class=\"visible-md\" style=\"height: 64px;\"><\/div>\t<div class=\"visible-sm\" style=\"height: 64px;\"><\/div>\t<div class=\"visible-ms\" style=\"height: 32px;\"><\/div>\t<div class=\"visible-xs\" style=\"height: 32px;\"><\/div><\/div>\n\t<div class=\"wpb_text_column wpb_content_element\" >\n\t\t<div class=\"wpb_wrapper\">\n\t\t\t<h3>SAP Forms<\/h3>\n<p><span class=\"text-lg\">We develop forms in all modules and use the entire cycle of SAPscript, Smart Forms and Adobe Forms tools.<\/span><\/p>\n<ul>\n<li><span class=\"text-lg\">Interactive forms<\/span><\/li>\n<li><span class=\"text-lg\">Special forms and labels<\/span><\/li>\n<li><span class=\"text-lg\">Barcodes<\/span><\/li>\n<\/ul>\n\n\t\t<\/div>\n\t<\/div>\n<div class=\"btn-wrap align-left\"><a href=\"\/en\/xforms-sap-formulare\/\"  class=\"btn  btn-default color-hover-default align-left\" id=\"like_sc_button_1424233392\">More details<\/a><\/div><div class=\"es-resp\">\t<div class=\"visible-xl\" style=\"height: 64px;\"><\/div>\t<div class=\"hidden-xl hidden-md hidden-sm hidden-ms hidden-xs\" style=\"height: 64px;\"><\/div>\t<div class=\"visible-md\" style=\"height: 64px;\"><\/div>\t<div class=\"visible-sm\" style=\"height: 64px;\"><\/div>\t<div class=\"visible-ms\" style=\"height: 32px;\"><\/div>\t<div class=\"visible-xs\" style=\"height: 32px;\"><\/div><\/div><\/div><\/div><\/div><\/div><div class=\"vc_row-full-width vc_clearfix\"><\/div><div data-vc-full-width=\"true\" data-vc-full-width-init=\"false\" class=\"vc_row wpb_row vc_row-fluid bg-color-gray\"><div class=\"wpb_column vc_column_container vc_col-sm-4 bg-color-gray\"><div class=\"vc_column-inner\"><div class=\"wpb_wrapper\"><div class=\"es-resp\">\t<div class=\"visible-xl\" style=\"height: 64px;\"><\/div>\t<div class=\"hidden-xl hidden-md hidden-sm hidden-ms hidden-xs\" style=\"height: 64px;\"><\/div>\t<div class=\"visible-md\" style=\"height: 64px;\"><\/div>\t<div class=\"visible-sm\" style=\"height: 64px;\"><\/div>\t<div class=\"visible-ms\" style=\"height: 32px;\"><\/div>\t<div class=\"visible-xs\" style=\"height: 32px;\"><\/div><\/div><ul class=\"ltx-block-icon icons-count-1  ltx-icon-top align-center ltx-icon-type-circle layout-cols1\"  id=\"like_sc_block_icon_1963581090\"><li ><a href=\"http:\/\/www.xaption.de\/en\/xsoft-software\/\"  data-mh=\"ltx-block-icon-in-1124\" class=\"in matchHeight\"><span class=\"ltx-icon far fa-keyboard\" data-mh=\"ltx-icon-span-like_sc_block_icon_1963581090\"><\/span> <h4 class=\"header\"> Xsoft<br \/>\n <\/h4> <\/a><\/li><\/ul><div class=\"es-resp\">\t<div class=\"visible-xl\" style=\"height: 64px;\"><\/div>\t<div class=\"hidden-xl hidden-md hidden-sm hidden-ms hidden-xs\" style=\"height: 64px;\"><\/div>\t<div class=\"visible-md\" style=\"height: 64px;\"><\/div>\t<div class=\"visible-sm\" style=\"height: 64px;\"><\/div>\t<div class=\"visible-ms\" style=\"height: 32px;\"><\/div>\t<div class=\"visible-xs\" style=\"height: 32px;\"><\/div><\/div><\/div><\/div><\/div><div class=\"wpb_column vc_column_container vc_col-sm-8\"><div class=\"vc_column-inner\"><div class=\"wpb_wrapper\"><div class=\"es-resp\">\t<div class=\"visible-xl\" style=\"height: 64px;\"><\/div>\t<div class=\"hidden-xl hidden-md hidden-sm hidden-ms hidden-xs\" style=\"height: 64px;\"><\/div>\t<div class=\"visible-md\" style=\"height: 64px;\"><\/div>\t<div class=\"visible-sm\" style=\"height: 64px;\"><\/div>\t<div class=\"visible-ms\" style=\"height: 32px;\"><\/div>\t<div class=\"visible-xs\" style=\"height: 32px;\"><\/div><\/div>\n\t<div class=\"wpb_text_column wpb_content_element\" >\n\t\t<div class=\"wpb_wrapper\">\n\t\t\t<h3>Software Development<\/h3>\n<p><span class=\"text-lg\">ABAP is the basis of our work and all our employees are highly qualified ABAP developers.\u00a0We cover the entire spectrum of ABAP development and can implement almost any customer-specific requirement in SAP.<\/span><\/p>\n<ul>\n<li><span class=\"text-lg\">classic reports<\/span><\/li>\n<li><span class=\"text-lg\">Interfaces and BAPIs<\/span><\/li>\n<li><span class=\"text-lg\">highly complex dialog applications in ABAP Objects with Enjoy Controls<\/span><\/li>\n<\/ul>\n\n\t\t<\/div>\n\t<\/div>\n<div class=\"btn-wrap align-left\"><a href=\"\/en\/xsoft-software\/\"  class=\"btn  btn-default color-hover-default align-left\" id=\"like_sc_button_426109338\">More details<\/a><\/div><div class=\"es-resp\">\t<div class=\"visible-xl\" style=\"height: 64px;\"><\/div>\t<div class=\"hidden-xl hidden-md hidden-sm hidden-ms hidden-xs\" style=\"height: 64px;\"><\/div>\t<div class=\"visible-md\" style=\"height: 64px;\"><\/div>\t<div class=\"visible-sm\" style=\"height: 64px;\"><\/div>\t<div class=\"visible-ms\" style=\"height: 32px;\"><\/div>\t<div class=\"visible-xs\" style=\"height: 32px;\"><\/div><\/div><\/div><\/div><\/div><\/div><div class=\"vc_row-full-width vc_clearfix\"><\/div><div data-vc-full-width=\"true\" data-vc-full-width-init=\"false\" class=\"vc_row wpb_row vc_row-fluid bg-color-gray\"><div class=\"wpb_column vc_column_container vc_col-sm-4\"><div class=\"vc_column-inner\"><div class=\"wpb_wrapper\"><div class=\"es-resp\">\t<div class=\"visible-xl\" style=\"height: 64px;\"><\/div>\t<div class=\"hidden-xl hidden-md hidden-sm hidden-ms hidden-xs\" style=\"height: 64px;\"><\/div>\t<div class=\"visible-md\" style=\"height: 64px;\"><\/div>\t<div class=\"visible-sm\" style=\"height: 64px;\"><\/div>\t<div class=\"visible-ms\" style=\"height: 32px;\"><\/div>\t<div class=\"visible-xs\" style=\"height: 32px;\"><\/div><\/div><ul class=\"ltx-block-icon icons-count-1  ltx-icon-top align-center ltx-icon-type-circle layout-cols1\"  id=\"like_sc_block_icon_1172348798\"><li ><a href=\"http:\/\/www.xaption.de\/en\/xlink-schnittstellen\/\"  data-mh=\"ltx-block-icon-in-1609\" class=\"in matchHeight\"><span class=\"ltx-icon fas fa-link\" data-mh=\"ltx-icon-span-like_sc_block_icon_1172348798\"><\/span> <h4 class=\"header\"> Xlink <br \/>\n <\/h4> <\/a><\/li><\/ul><div class=\"es-resp\">\t<div class=\"visible-xl\" style=\"height: 64px;\"><\/div>\t<div class=\"hidden-xl hidden-md hidden-sm hidden-ms hidden-xs\" style=\"height: 64px;\"><\/div>\t<div class=\"visible-md\" style=\"height: 64px;\"><\/div>\t<div class=\"visible-sm\" style=\"height: 64px;\"><\/div>\t<div class=\"visible-ms\" style=\"height: 32px;\"><\/div>\t<div class=\"visible-xs\" style=\"height: 32px;\"><\/div><\/div><\/div><\/div><\/div><div class=\"wpb_column vc_column_container vc_col-sm-8\"><div class=\"vc_column-inner\"><div class=\"wpb_wrapper\"><div class=\"es-resp\">\t<div class=\"visible-xl\" style=\"height: 64px;\"><\/div>\t<div class=\"hidden-xl hidden-md hidden-sm hidden-ms hidden-xs\" style=\"height: 64px;\"><\/div>\t<div class=\"visible-md\" style=\"height: 64px;\"><\/div>\t<div class=\"visible-sm\" style=\"height: 64px;\"><\/div>\t<div class=\"visible-ms\" style=\"height: 32px;\"><\/div>\t<div class=\"visible-xs\" style=\"height: 32px;\"><\/div><\/div>\n\t<div class=\"wpb_text_column wpb_content_element\" >\n\t\t<div class=\"wpb_wrapper\">\n\t\t\t<h3>Interfaces<\/h3>\n<p><span class=\"text-lg\">We support you in all questions and implementations concerning EDI.<\/span><\/p>\n<ul>\n<li><span class=\"text-lg\">Standard EDI interfaces<\/span><\/li>\n<li><span class=\"text-lg\">client individual demands<\/span><\/li>\n<\/ul>\n\n\t\t<\/div>\n\t<\/div>\n<div class=\"btn-wrap align-left\"><a href=\"\/en\/xlink-schnittstellen\/\"  class=\"btn  btn-default color-hover-default align-left\" id=\"like_sc_button_536210264\">More details<\/a><\/div><div class=\"es-resp\">\t<div class=\"visible-xl\" style=\"height: 64px;\"><\/div>\t<div class=\"hidden-xl hidden-md hidden-sm hidden-ms hidden-xs\" style=\"height: 64px;\"><\/div>\t<div class=\"visible-md\" style=\"height: 64px;\"><\/div>\t<div class=\"visible-sm\" style=\"height: 64px;\"><\/div>\t<div class=\"visible-ms\" style=\"height: 32px;\"><\/div>\t<div class=\"visible-xs\" style=\"height: 32px;\"><\/div><\/div><\/div><\/div><\/div><\/div><div class=\"vc_row-full-width vc_clearfix\"><\/div><div data-vc-full-width=\"true\" data-vc-full-width-init=\"false\" class=\"vc_row wpb_row vc_row-fluid bg-color-gray\"><div class=\"wpb_column vc_column_container vc_col-sm-4\"><div class=\"vc_column-inner\"><div class=\"wpb_wrapper\"><div class=\"es-resp\">\t<div class=\"visible-xl\" style=\"height: 64px;\"><\/div>\t<div class=\"hidden-xl hidden-md hidden-sm hidden-ms hidden-xs\" style=\"height: 64px;\"><\/div>\t<div class=\"visible-md\" style=\"height: 64px;\"><\/div>\t<div class=\"visible-sm\" style=\"height: 64px;\"><\/div>\t<div class=\"visible-ms\" style=\"height: 32px;\"><\/div>\t<div class=\"visible-xs\" style=\"height: 32px;\"><\/div><\/div><ul class=\"ltx-block-icon icons-count-1  ltx-icon-top align-center ltx-icon-type-circle layout-cols1\"  id=\"like_sc_block_icon_79628555\"><li ><a href=\"http:\/\/www.xaption.de\/en\/xdata-datenmigration\/\"  data-mh=\"ltx-block-icon-in-1523\" class=\"in matchHeight\"><span class=\"ltx-icon fas fa-database\" data-mh=\"ltx-icon-span-like_sc_block_icon_79628555\"><\/span> <h4 class=\"header\"> Xdata <br \/>\n <\/h4> <\/a><\/li><\/ul><div class=\"es-resp\">\t<div class=\"visible-xl\" style=\"height: 64px;\"><\/div>\t<div class=\"hidden-xl hidden-md hidden-sm hidden-ms hidden-xs\" style=\"height: 64px;\"><\/div>\t<div class=\"visible-md\" style=\"height: 64px;\"><\/div>\t<div class=\"visible-sm\" style=\"height: 64px;\"><\/div>\t<div class=\"visible-ms\" style=\"height: 32px;\"><\/div>\t<div class=\"visible-xs\" style=\"height: 32px;\"><\/div><\/div><\/div><\/div><\/div><div class=\"wpb_column vc_column_container vc_col-sm-8\"><div class=\"vc_column-inner\"><div class=\"wpb_wrapper\"><div class=\"es-resp\">\t<div class=\"visible-xl\" style=\"height: 64px;\"><\/div>\t<div class=\"hidden-xl hidden-md hidden-sm hidden-ms hidden-xs\" style=\"height: 64px;\"><\/div>\t<div class=\"visible-md\" style=\"height: 64px;\"><\/div>\t<div class=\"visible-sm\" style=\"height: 64px;\"><\/div>\t<div class=\"visible-ms\" style=\"height: 32px;\"><\/div>\t<div class=\"visible-xs\" style=\"height: 32px;\"><\/div><\/div>\n\t<div class=\"wpb_text_column wpb_content_element\" >\n\t\t<div class=\"wpb_wrapper\">\n\t\t\t<h3>Data Migration<\/h3>\n<p><span class=\"text-lg\">We have completed the data migration to SAP<\/span> conceived<span class=\"text-lg\"> and are familiar with all current technologies.\u00a0<\/span><\/p>\n<ul>\n<li><span class=\"text-lg\">S\/4HANA Migration Cockpit<\/span><\/li>\n<li><span class=\"text-lg\">LSMW, BDC, EDI\/ALE\/IDoc<\/span><\/li>\n<li><span class=\"text-lg\">Business-Connector\/PI, XML-Webservices<\/span><\/li>\n<\/ul>\n\n\t\t<\/div>\n\t<\/div>\n<div class=\"btn-wrap align-left\"><a href=\"\/en\/xdata-datenmigration\/\"  class=\"btn  btn-default color-hover-default align-left\" id=\"like_sc_button_987816029\">More details<\/a><\/div><div class=\"es-resp\">\t<div class=\"visible-xl\" style=\"height: 64px;\"><\/div>\t<div class=\"hidden-xl hidden-md hidden-sm hidden-ms hidden-xs\" style=\"height: 64px;\"><\/div>\t<div class=\"visible-md\" style=\"height: 64px;\"><\/div>\t<div class=\"visible-sm\" style=\"height: 64px;\"><\/div>\t<div class=\"visible-ms\" style=\"height: 32px;\"><\/div>\t<div class=\"visible-xs\" style=\"height: 32px;\"><\/div><\/div><\/div><\/div><\/div><\/div><div class=\"vc_row-full-width vc_clearfix\"><\/div>","protected":false},"excerpt":{"rendered":"Xprojects Projektleitung Wir begleiten Ihre SAP Projekte als vertrauensvoller, erfahrener Partner von Anfang an. In Absprache mit Ihnen, \u00fcbernehmen wir die Projektleitung federf\u00fchrend und bringen Ihr SAP Projekt gemeinsam zum Erfolg. komplette SAP Neueinf\u00fchrung Migration von ERP auf S\/4HANA oder ein anderer Technologiewechsel Einf\u00fchrung neuer Module Details Xconsult SAP Beratung Die Schwerpunkte liegen bei uns in der Logistik und im Rechnungswesen. Unser gro\u00dfes Netzwerk beinhaltet eine Reihe hochqualifizierter Berater und Entwickler zu allen Bereichen. komplette SAP Einf\u00fchrung als GU schlankes,\u00a0schlagkr\u00e4ftiges, zielorientiertes Projektteam beste Kostenperformance SAP-unabh\u00e4ngig und kundenbezogene L\u00f6sungen konzipieren Details Xforms SAP Formulare Wir entwickeln Formulare in allen Modulen und bedienen dabei den gesamten Zyklus der Werkzeuge von SAPscript, Smart Forms, Adobe Forms. Interaktive Formulare Spezielle Formulare und Etiketten Barcodes Details Xsoft Software Entwicklung ABAP ist die Grundlage unseres Schaffens und alle unsere Mitarbeiter sind hoch qualifizierte ABAP Entwickler.\u00a0Wir decken das gesamte Spektrum der ABAP Entwicklung ab und k\u00f6nnen nahezu [...]","protected":false},"author":1,"featured_media":0,"parent":0,"menu_order":30,"comment_status":"closed","ping_status":"closed","template":"","meta":{"footnotes":""},"class_list":["post-7335","page","type-page","status-publish","hentry"],"aioseo_notices":[],"_links":{"self":[{"href":"https:\/\/www.xaption.de\/en\/wp-json\/wp\/v2\/pages\/7335","targetHints":{"allow":["GET"]}}],"collection":[{"href":"https:\/\/www.xaption.de\/en\/wp-json\/wp\/v2\/pages"}],"about":[{"href":"https:\/\/www.xaption.de\/en\/wp-json\/wp\/v2\/types\/page"}],"author":[{"embeddable":true,"href":"https:\/\/www.xaption.de\/en\/wp-json\/wp\/v2\/users\/1"}],"replies":[{"embeddable":true,"href":"https:\/\/www.xaption.de\/en\/wp-json\/wp\/v2\/comments?post=7335"}],"version-history":[{"count":243,"href":"https:\/\/www.xaption.de\/en\/wp-json\/wp\/v2\/pages\/7335\/revisions"}],"predecessor-version":[{"id":10536,"href":"https:\/\/www.xaption.de\/en\/wp-json\/wp\/v2\/pages\/7335\/revisions\/10536"}],"wp:attachment":[{"href":"https:\/\/www.xaption.de\/en\/wp-json\/wp\/v2\/media?parent=7335"}],"curies":[{"name":"wp","href":"https:\/\/api.w.org\/{rel}","templated":true}]}}