{"id":8513,"date":"2020-05-20T09:51:31","date_gmt":"2020-05-20T07:51:31","guid":{"rendered":"http:\/\/test.xaption.de\/?page_id=8513"},"modified":"2020-07-15T13:01:44","modified_gmt":"2020-07-15T11:01:44","slug":"datenschutz","status":"publish","type":"page","link":"https:\/\/www.xaption.de\/en\/datenschutz\/","title":{"rendered":"Data protection"},"content":{"rendered":"<div class=\"vc_row wpb_row vc_row-fluid\"><div class=\"wpb_column vc_column_container vc_col-sm-12\"><div class=\"vc_column-inner\"><div class=\"wpb_wrapper\">\n\t<div class=\"wpb_text_column wpb_content_element\" >\n\t\t<div class=\"wpb_wrapper\">\n\t\t\t<h1 class=\"Titel\">Data protection<\/h1>\n<div class=\"TitleLine\"><\/div>\n<div class=\"Textnormal\">\n<p>Die Xaption GmbH nimmt den Schutz Ihrer pers\u00f6nlichen Daten sehr ernst. Aus diesem Grunde haben wir Ma\u00dfnahmen getroffen, die sicherstellen, dass die Vorschriften \u00fcber den Datenschutz sowohl von uns als auch von unseren externen Dienstleistern und Partnern beachtet werden. Im Zuge der Weiterentwicklung unseres Internetangebotes und der eingesetzten Technologien k\u00f6nnen auch \u00c4nderungen dieser Datenschutzerkl\u00e4rung erforderlich werden.<\/p>\n<p>Daher empfehlen wir Ihnen, sich die Datenschutzerkl\u00e4rung ab und zu erneut durchzulesen. Die nachfolgende Erkl\u00e4rung gibt Ihnen einen \u00dcberblick dar\u00fcber, wie die Xaption GmbH den Schutz Ihrer Daten gew\u00e4hrleistet und welche Art von Daten zu welchem Zweck erhoben werden.<\/p>\n<p><strong><span class=\"TextfettBlau\">Pers\u00f6nliche Angaben<\/span><\/strong><br \/>\nAn einigen Stellen des Internetangebots\u00a0werden Sie aufgefordert, personenbezogene Angaben zu machen. Die \u00fcbermittelten (personenbezogenen) Daten speichern und verwenden wir ausschlie\u00dflich f\u00fcr den Zweck, f\u00fcr den ihre Angabe erfolgte. Eine Weitergabe an Dritte erfolgt nicht.<\/p>\n<p>Au\u00dferdem werden Sie an diesen Stellen explizit aufgefordert, der Datenspeicherung und -weitergabe zuzustimmen. Automatisch gespeicherte Protokolldaten werden nach Ablauf eines begrenzten Zeitraums gel\u00f6scht.<\/p>\n<p><strong><span class=\"TextfettBlau\">Datenverarbeitung<\/span><\/strong><br \/>\nBei jedem Besuch einer Internetseite werden gesetzlich verpflichtend Daten erhoben und ausgetauscht. Die Xaption GmbH erhebt und speichert automatisch Daten, die Ihr Browser an unseren Server \u00fcbermittelt. Dies sind:<\/p>\n<ul>\n<li>Typ und Version Ihres Internet-Browsers<\/li>\n<li>verwendetes Betriebssystem<\/li>\n<li>die aufgerufene Seite<\/li>\n<li>die zuvor besuchte Seite (Referrer URL)<\/li>\n<li>IP-Adresse und der anfragende Provider<\/li>\n<li>Datum und Uhrzeit der Serveranfrage.<\/li>\n<\/ul>\n<p>Die Xaption GmbH\u00a0wertet Daten allein f\u00fcr statistische Zwecke aus, um die Nachfrage der Webangebote zu messen. Die Xaption GmbH hat keine M\u00f6glichkeit, diese Daten einer bestimmten Person zuzuordnen. Eine Zusammenf\u00fchrung dieser Daten mit anderen Datenquellen wird nicht vorgenommen. Die IP-Nummern werden f\u00fcr die Dauer des Besuchs f\u00fcr die Beantwortung der Abfragen erfasst und nicht \u00fcber das Ende des Besuchs hinaus gespeichert. Daten, die beim Zugriff auf das Internetangebot protokolliert wurden, werden an Dritte nur \u00fcbermittelt, soweit wir gesetzlich oder durch Gerichtsentscheidung dazu verpflichtet sind oder die Weitergabe im Falle von Angriffen auf die Internetinfrastruktur der\u00a0Xaption GmbH zur Rechts- oder Strafverfolgung erforderlich ist. Eine Weitergabe in anderen F\u00e4llen erfolgt nicht.<\/p>\n<p><strong><span class=\"TextfettBlau\">Cookies<\/span><\/strong><br \/>\nEs werden so genannte Session-Cookies verwendet. Session-Cookies sind kleine Informationseinheiten, die ein Anbieter im Arbeitsspeicher des Computers des Besuchers speichert. In einem Session-Cookie wird eine zuf\u00e4llig erzeugte eindeutige Identifikationsnummer abgelegt, eine sogenannte Session-ID. Au\u00dferdem enth\u00e4lt ein Cookie die Angabe \u00fcber seine Herkunft und die Speicherfrist. Diese Cookies k\u00f6nnen keine anderen Daten speichern.<\/p>\n<p><strong><span class=\"TextnormalBlau\">Umgang mit Cookies<\/span><\/strong><br \/>\nCookies lassen sich mit allen Internetbrowsern steuern. Die meisten Browser sind so eingestellt, dass alle Cookies akzeptiert werden, ohne die Benutzer zu fragen. Wenn Sie den vollen Funktionsumfang der Website nutzen m\u00f6chten, sollten Sie Ihren Browser so einstellen, dass Session-Cookies akzeptiert werden.<\/p>\n<p><strong><span class=\"TextfettBlau\">Social-Media<\/span><\/strong><br \/>\nDiese Webseite nutzt verschiedene Social-Media-Angebote. Diese sind so ausgelegt, dass Daten erst nach Ihrer Zustimmung oder bei aktiven Handlungen (Teilen von Links) \u00fcbertragen werden. Aktivieren Sie die Social-Media-Angebote, sind deren Datenschutzbestimmungen zu beachten.<\/p>\n<p><strong><span class=\"TextnormalBlau\">Facebook<\/span><\/strong><br \/>\nUnser Internetauftritt verwendet \u2013 nach der aktiven Zustimmung des Besuchers \u2013 e\u00edn Social Plugin des sozialen Netzwerkes facebook.com.\u00a0<a href=\"http:\/\/www.facebook.com\/policy.php\" target=\"_blank\" rel=\"noopener noreferrer\">Hier finden Sie die aktuellen Datenschutzbestimmungen von Facebook<\/a>.<br \/>\nEiner \u00dcbermittlung Ihrer IP-Adresse k\u00f6nnen Sie entgehen, indem Sie die Facebook-Box nicht aktivieren oder das Social Plugin nach erfolgter Aktivierung wieder unterbinden.<\/p>\n<p><strong><span class=\"TextnormalBlau\">Twitter<\/span><\/strong><br \/>\nAuf unseren Internetseiten sind Plugins des Kurznachrichtennetzwerks der Twitter Inc. (Twitter) integriert. Die Twitter-Plugins (tweet-Button) erkennen Sie an dem Twitter-Logo auf unserer Seite. <a href=\"https:\/\/about.twitter.com\/resources\/buttons\" target=\"_blank\" rel=\"noopener noreferrer\">\u00dcbersicht \u00fcber tweet-Buttons<\/a>.<br \/>\nWenn Sie eine Seite unseres Webauftritts aufrufen, die ein solches Plugin enth\u00e4lt, wird eine direkte Verbindung zwischen Ihrem Browser und dem Twitter-Server hergestellt. Twitter erh\u00e4lt dadurch die Information, dass Sie mit Ihrer IP-Adresse unsere Seite besucht haben. Wenn Sie den Twitter \u201etweet-Button\u201c anklicken, w\u00e4hrend Sie in Ihrem Twitter-Account eingeloggt sind, k\u00f6nnen Sie die Inhalte unserer Seiten auf Ihrem Twitter-Profil verlinken. Dadurch kann Twitter<br \/>\nden Besuch unserer Seiten Ihrem Benutzerkonto zuordnen.<br \/>\nWir weisen darauf hin, dass wir als Anbieter der Seiten keine Kenntnis vom Inhalt der \u00fcbermittelten Daten sowie deren Nutzung durch Twitter erhalten. Wenn Sie nicht w\u00fcnschen, dass Twitter den Besuch unserer Seiten zuordnen kann, loggen Sie sich bitte aus Ihrem Twitter-Benutzerkonto aus.\u00a0<a href=\"https:\/\/twitter.com\/privacy\" target=\"_blank\" rel=\"noopener noreferrer\">Weitere Informationen zur Datenschutzerkl\u00e4rung von Twitter<\/a>.<\/p>\n<p><strong><span class=\"TextnormalBlau\">XING<\/span><\/strong><br \/>\nAuf dieser Internetseite wird der \u201eXING Share-Button\u201c eingesetzt. Beim Aufruf dieser Internetseite wird \u00fcber Ihren Browser kurzfristig eine Verbindung zu Servern der XING AG (\u201eXING\u201c) aufgebaut, mit denen die \u201eXING Share-Button\u201c-Funktionen (insbesondere die Berechnung\/Anzeige des Z\u00e4hlerwerts) erbracht werden. XING speichert keine personenbezogenen Daten von Ihnen \u00fcber den Aufruf dieser Internetseite. XING speichert insbesondere keine IP-Adressen. Es findet auch keine Auswertung Ihres Nutzungsverhaltens \u00fcber die Verwendung von Cookies im Zusammenhang mit dem \u201eXING Share-Button\u201c statt.\u00a0<a href=\"https:\/\/www.xing.com\/app\/share?op=data_protection\" target=\"_blank\" rel=\"noopener noreferrer\">Die aktuellen Datenschutzinformationen zum \u201eXING Share-Button\u201c und erg\u00e4nzende Informationen<\/a>.<\/p>\n<p><strong><span class=\"TextfettBlau\">Newsletter<\/span><\/strong><br \/>\nWenn Sie sich auf dem Newsletter-Verteiler registrieren, werden Ihre E-Mail-Adresse sowie die von Ihnen gew\u00e4hlte(n) Newsletterliste(n) auf einem Server gespeichert. Wir setzen diese Daten ausschlie\u00dflich f\u00fcr den Versand der Newsletter ein. Zur Analyse der Systemleistung werden die Datens\u00e4tze f\u00fcr statistische Auswertungen genutzt. Wir geben Ihre Daten nicht an Dritte weiter und nutzen sie auch nicht f\u00fcr sonstige eigene Zwecke. Durch das Anmeldesystem mit einer zus\u00e4tzlichen Best\u00e4tigungsnachricht, die einen Link zur endg\u00fcltigen Registrierung enth\u00e4lt (Double-opt-in) ist sichergestellt, dass der Newsletter von Ihnen explizit erw\u00fcnscht ist.<br \/>\nSie haben jederzeit die M\u00f6glichkeit, Ihre Einwilligung zur Speicherung der Daten, Ihrer E-Mail-Adresse und deren Nutzung f\u00fcr den Newsletter-Versand zu widerrufen. F\u00fcr den Widerruf stellen wir Ihnen in jedem Newsletter und auf der Webseite einen Link zur Verf\u00fcgung. Sie haben au\u00dferdem die M\u00f6glichkeit, uns Ihren Widerrufswunsch \u00fcber die in diesem Dokument genannten Kontaktm\u00f6glichkeiten mitzuteilen.<\/p>\n<p><strong>Mailchimp<\/strong><br \/>\nDer Versand der Newsletter erfolgt mittels des Versanddienstleisters \u201eMailChimp\u201c, einer Newsletterversandplattform des US-Anbieters Rocket Science Group, LLC, 675 Ponce De Leon Ave NE #5000, Atlanta, GA 30308, USA.\u00a0<a href=\"https:\/\/mailchimp.com\/legal\/privacy\/\" target=\"_blank\" rel=\"noopener noreferrer\">Datenschutzbestimmungen des Versanddienstleisters<\/a>. The Rocket Science Group LLC d\/b\/a MailChimp ist unter dem Privacy-Shield-Abkommen zertifiziert und bietet hierdurch eine\u00a0<a href=\"https:\/\/www.privacyshield.gov\/participant?id=a2zt0000000TO6hAAG&amp;status=Active\" target=\"_blank\" rel=\"noopener noreferrer\">Garantie, das europ\u00e4isches Datenschutzniveau<\/a>\u00a0einzuhalten. Der Versanddienstleister wird auf Grundlage unserer berechtigten Interessen gem. Art. 6 Abs. 1 lit. f DSGVO und eines Auftragsverarbeitungsvertrages gem. Art. 28 Abs. 3 S. 1 DSGVO eingesetzt.<br \/>\nDer Versanddienstleister kann die Daten der Empf\u00e4nger in pseudonymer Form, d.h. ohne Zuordnung zu einem Nutzer, zur Optimierung oder Verbesserung der eigenen Services nutzen, z.B. zur technischen Optimierung des Versandes und der Darstellung der Newsletter oder f\u00fcr statistische Zwecke verwenden. Der Versanddienstleister nutzt die Daten unserer Newsletterempf\u00e4nger jedoch nicht, um diese selbst anzuschreiben oder um die Daten an Dritte weiterzugeben.<\/p>\n<p><strong><span class=\"TextfettBlau\">Datensicherheit<\/span><\/strong><br \/>\nWir verwenden innerhalb des Website-Besuchs das verbreitete SSL-Verfahren (Secure Socket Layer) in Verbindung mit der jeweils h\u00f6chsten Verschl\u00fcsselungsstufe, die von Ihrem Browser unterst\u00fctzt wird. Ob eine einzelne Seite unseres Internetauftrittes verschl\u00fcsselt \u00fcbertragen wird, erkennen\u00a0Sie an der geschlossenen Darstellung des Sch\u00fcssel- beziehungsweise Schloss-Symbols in Ihrem Browser.<br \/>\nWir bedienen uns im \u00dcbrigen geeigneter technischer und organisatorischer Sicherheitsma\u00dfnahmen, um Ihre Daten gegen zuf\u00e4llige oder vors\u00e4tzliche Manipulationen, teilweisen oder vollst\u00e4ndigen Verlust, Zerst\u00f6rung oder gegen den unbefugten Zugriff Dritter zu sch\u00fctzen. Unsere\u00a0 Sicherheitsma\u00dfnahmen werden entsprechend der technologischen Entwicklung fortlaufend verbessert.<\/p>\n<p><strong><span class=\"TextfettBlau\">Auskunftsrecht &amp; Kontakt<\/span><\/strong><br \/>\n<span class=\"TextnormalBlau\">im Sinne der Art. 13 und 14 DSGVO (Informationspflichten)<\/span><br \/>\nSie haben jederzeit das Recht auf Auskunft \u00fcber die bez\u00fcglich Ihrer Person gespeicherten Daten, deren Herkunft und Empf\u00e4nger sowie den Zweck der Speicherung. Auskunft \u00fcber die gespeicherten Daten gibt Ihnen die Internetredaktion der\u00a0Xaption GmbH: <a href=\"mailto:info@xaption.de\">info@xaption.de<\/a><\/p>\n<p><strong><span class=\"TextnormalBlau\">E-Mails an die Xaption GmbH<\/span><\/strong><br \/>\nWenn Sie uns eine E-Mail senden, so werden diese Mail und Ihre E-Mail-Adresse ausschlie\u00dflich f\u00fcr die Korrespondenz mit Ihnen verwendet. Im Falle von Anmeldungen zu Veranstaltungen werden die angegebenen pers\u00f6nlichen Daten nur f\u00fcr die Abwicklung der Anmeldung gespeichert.<\/p>\n<p><strong><span class=\"TextnormalBlau\">Pr\u00fcfen Sie Ihre Daten<\/span><\/strong><br \/>\nSie k\u00f6nnen sich mit jedem Internetbrowser anzeigen lassen, wenn Cookies gesetzt werden und, was sie enthalten. Detaillierte Informationen bietet das <a href=\"https:\/\/www.datenschutz.de\/\" target=\"_blank\" rel=\"noopener noreferrer\">virtuelle\u00a0Datenschutzb\u00fcro der Bundes- und Landesdatenschutzbeauftragen in Deutschland<\/a>\u00a0an.<\/p>\n<p>Bei Fragen zur Erhebung, Verarbeitung oder Nutzung Ihrer personenbezogenen Daten, bei Ausk\u00fcnften, Berichtigung, Sperrung oder L\u00f6schung von Daten sowie zum Zwecke des Widerrufs erteilter Einwilligungen stehen wir Ihnen gerne zur Verf\u00fcgung:\u00a0<a href=\"mailto:info@xaption.de\">info@xaption.de<\/a><\/p>\n<\/div>\n\n\t\t<\/div>\n\t<\/div>\n<\/div><\/div><\/div><\/div>","protected":false},"excerpt":{"rendered":"Datenschutz Die Xaption GmbH nimmt den Schutz Ihrer pers\u00f6nlichen Daten sehr ernst. Aus diesem Grunde haben wir Ma\u00dfnahmen getroffen, die sicherstellen, dass die Vorschriften \u00fcber den Datenschutz sowohl von uns als auch von unseren externen Dienstleistern und Partnern beachtet werden. Im Zuge der Weiterentwicklung unseres Internetangebotes und der eingesetzten Technologien k\u00f6nnen auch \u00c4nderungen dieser Datenschutzerkl\u00e4rung erforderlich werden. Daher empfehlen wir Ihnen, sich die Datenschutzerkl\u00e4rung ab und zu erneut durchzulesen. Die nachfolgende Erkl\u00e4rung gibt Ihnen einen \u00dcberblick dar\u00fcber, wie die Xaption GmbH den Schutz Ihrer Daten gew\u00e4hrleistet und welche Art von Daten zu welchem Zweck erhoben werden. Pers\u00f6nliche Angaben An einigen Stellen des Internetangebots\u00a0werden Sie aufgefordert, personenbezogene Angaben zu machen. Die \u00fcbermittelten (personenbezogenen) Daten speichern und verwenden wir ausschlie\u00dflich f\u00fcr den Zweck, f\u00fcr den ihre Angabe erfolgte. Eine Weitergabe an Dritte erfolgt nicht. Au\u00dferdem werden Sie an diesen Stellen explizit aufgefordert, der Datenspeicherung und -weitergabe zuzustimmen. Automatisch gespeicherte Protokolldaten werden nach [...]","protected":false},"author":1,"featured_media":0,"parent":0,"menu_order":28,"comment_status":"closed","ping_status":"closed","template":"","meta":{"footnotes":""},"class_list":["post-8513","page","type-page","status-publish","hentry"],"aioseo_notices":[],"_links":{"self":[{"href":"https:\/\/www.xaption.de\/en\/wp-json\/wp\/v2\/pages\/8513","targetHints":{"allow":["GET"]}}],"collection":[{"href":"https:\/\/www.xaption.de\/en\/wp-json\/wp\/v2\/pages"}],"about":[{"href":"https:\/\/www.xaption.de\/en\/wp-json\/wp\/v2\/types\/page"}],"author":[{"embeddable":true,"href":"https:\/\/www.xaption.de\/en\/wp-json\/wp\/v2\/users\/1"}],"replies":[{"embeddable":true,"href":"https:\/\/www.xaption.de\/en\/wp-json\/wp\/v2\/comments?post=8513"}],"version-history":[{"count":4,"href":"https:\/\/www.xaption.de\/en\/wp-json\/wp\/v2\/pages\/8513\/revisions"}],"predecessor-version":[{"id":9560,"href":"https:\/\/www.xaption.de\/en\/wp-json\/wp\/v2\/pages\/8513\/revisions\/9560"}],"wp:attachment":[{"href":"https:\/\/www.xaption.de\/en\/wp-json\/wp\/v2\/media?parent=8513"}],"curies":[{"name":"wp","href":"https:\/\/api.w.org\/{rel}","templated":true}]}}