{"id":8519,"date":"2020-05-20T10:06:29","date_gmt":"2020-05-20T08:06:29","guid":{"rendered":"http:\/\/test.xaption.de\/?page_id=8519"},"modified":"2020-06-17T08:48:08","modified_gmt":"2020-06-17T06:48:08","slug":"impressum","status":"publish","type":"page","link":"https:\/\/www.xaption.de\/en\/impressum\/","title":{"rendered":"Imprint"},"content":{"rendered":"<div class=\"vc_row wpb_row vc_row-fluid\"><div class=\"wpb_column vc_column_container vc_col-sm-12\"><div class=\"vc_column-inner\"><div class=\"wpb_wrapper\">\n\t<div class=\"wpb_text_column wpb_content_element\" >\n\t\t<div class=\"wpb_wrapper\">\n\t\t\t<p style=\"text-align: left;\">\n\n\t\t<\/div>\n\t<\/div>\n<\/div><\/div><\/div><\/div><div class=\"vc_row wpb_row vc_row-fluid\"><div class=\"wpb_column vc_column_container vc_col-sm-12\"><div class=\"vc_column-inner\"><div class=\"wpb_wrapper\"><div class=\"vc_row wpb_row vc_inner vc_row-fluid\"><div class=\"wpb_column vc_column_container vc_col-sm-12\"><div class=\"vc_column-inner\"><div class=\"wpb_wrapper\">\n\t<div class=\"wpb_text_column wpb_content_element\" >\n\t\t<div class=\"wpb_wrapper\">\n\t\t\t<div><span class=\"text-lg\"><strong><span class=\"TextfettBlau\">Anbieter:<\/span><\/strong><\/span><\/div>\n<div><span class=\"text-lg\">Xaption GmbH<\/span><\/div>\n<div><span class=\"text-lg\">Hans-Dreher-Weg 6<\/span><\/div>\n<div>\n<p><span class=\"text-lg\">79585 Steinen, Germany<\/span><\/p>\n<div><\/div>\n<div><span class=\"text-lg\">Telefon: +49 (7629) 9129800<\/span><\/div>\n<div><span class=\"text-lg\">Telefax: +49 (7629) 908471<\/span><\/div>\n<div><span class=\"text-lg\">Service: 0800-Xaption<\/span><\/div>\n<div><span class=\"text-lg\">Email: info@Xaption.de<\/span><\/div>\n<\/div>\n<div>\n<p>&nbsp;<\/p>\n<div><span class=\"text-lg\">Vertretungsberechtigter Gesch\u00e4ftsf\u00fchrer: Elmar Schlecker und Frank Wolf<\/span><\/div>\n<div><span class=\"text-lg\">Registergericht: Amtsgericht Freiburg<\/span><\/div>\n<div><span class=\"text-lg\">Registernummer: HRB 702815<\/span><\/div>\n<\/div>\n<p>&nbsp;<\/p>\n<div>\n<div><span class=\"text-lg\">Umsatzsteuer-Identifikationsnummer gem\u00e4\u00df \u00a7 27 a Umsatzsteuergesetz: DE231100148<\/span><\/div>\n<div><span class=\"text-lg\">Inhaltlich Verantwortlicher gem\u00e4\u00df \u00a7 5 TMG und \u00a7 55 Absatz 2 RStV: Elmar Schlecker (Anschrift wie oben)<\/span><\/div>\n<\/div>\n<p>&nbsp;<\/p>\n<div><span class=\"text-lg\">Information zur Online Streibeilegung gem\u00e4\u00df Art. 14 Abs.1 ODRVO (Verordnung(EU) 524\/2013):Die EU-Kommission bietet die M\u00f6glichkeit zur Online- Streitbeilegung auf einer von ihr\u00a0betriebenen\u00a0<a href=\"http:\/\/ec.europa.eu\/consumers\/odr\/\" target=\"_blank\" rel=\"noopener noreferrer\">Online-Plattform<\/a>.Hinweis zur Alternativen Streitbeilegung nach \u00a7 36 Verbraucherstreitbeilegungsgesetz(VSBG):Zu einer Teilnahme an einem Schlichtungsverfahren sind wir nicht verpflichtet und k\u00f6nnen die\u00a0Teilnahme an einem solchen Verfahren leider auch nicht anbieten.<\/span><\/div>\n<p>&nbsp;<\/p>\n<div>\n<div><span class=\"text-lg\"><strong><span class=\"TextfettBlau\">Haftungshinweis:<\/span><\/strong><\/span><\/div>\n<div><span class=\"text-lg\">Trotz sorgf\u00e4ltiger inhaltlicher Kontrolle \u00fcbernehmen wir keine Haftung f\u00fcr die Inhalte externer Links. F\u00fcr den Inhalt der verlinkten Seiten sind ausschlie\u00dflich deren Betreiber verantwortlich.<\/span><\/div>\n<\/div>\n<div>\n<p>&nbsp;<\/p>\n<div><span class=\"text-lg\"><strong><span class=\"TextfettBlau\">Copyright:<\/span><\/strong><\/span><\/div>\n<div><span class=\"text-lg\">S\u00e4mtliche Fotos, Logos und Texte auf diesen Seiten sind Eigentum von der Xaption GmbH und deren Partner. Die Vervielf\u00e4ltigung und\/oder die Weiterverbreitung von hier zur Verf\u00fcgung gestellten Inhalten in jeglicher Form bed\u00fcrfen der schriftliche Genehmigung von der Xaption GmbH.<\/span><\/div>\n<\/div>\n<div><\/div>\n<div>\n<div><\/div>\n<\/div>\n<div><\/div>\n\n\t\t<\/div>\n\t<\/div>\n<\/div><\/div><\/div><\/div><\/div><\/div><\/div><\/div><div class=\"vc_row wpb_row vc_row-fluid\"><div class=\"wpb_column vc_column_container vc_col-sm-12\"><div class=\"vc_column-inner\"><div class=\"wpb_wrapper\">\n\t<div class=\"wpb_text_column wpb_content_element\" >\n\t\t<div class=\"wpb_wrapper\">\n\t\t\t\n\t\t<\/div>\n\t<\/div>\n<\/div><\/div><\/div><\/div>","protected":false},"excerpt":{"rendered":"Anbieter: Xaption GmbH Hans-Dreher-Weg 6 79585 Steinen, Germany Telefon: +49 (7629) 9129800 Telefax: +49 (7629) 908471 Service: 0800-Xaption Email: info@Xaption.de &nbsp; Vertretungsberechtigter Gesch\u00e4ftsf\u00fchrer: Elmar Schlecker und Frank Wolf Registergericht: Amtsgericht Freiburg Registernummer: HRB 702815 &nbsp; Umsatzsteuer-Identifikationsnummer gem\u00e4\u00df \u00a7 27 a Umsatzsteuergesetz: DE231100148 Inhaltlich Verantwortlicher gem\u00e4\u00df \u00a7 5 TMG und \u00a7 55 Absatz 2 RStV: Elmar Schlecker (Anschrift wie oben) &nbsp; Information zur Online Streibeilegung gem\u00e4\u00df Art. 14 Abs.1 ODRVO (Verordnung(EU) 524\/2013):Die EU-Kommission bietet die M\u00f6glichkeit zur Online- Streitbeilegung auf einer von ihr\u00a0betriebenen\u00a0Online-Plattform.Hinweis zur Alternativen Streitbeilegung nach \u00a7 36 Verbraucherstreitbeilegungsgesetz(VSBG):Zu einer Teilnahme an einem Schlichtungsverfahren sind wir nicht verpflichtet und k\u00f6nnen die\u00a0Teilnahme an einem solchen Verfahren leider auch nicht anbieten. &nbsp; Haftungshinweis: Trotz sorgf\u00e4ltiger inhaltlicher Kontrolle \u00fcbernehmen wir keine Haftung f\u00fcr die Inhalte externer Links. F\u00fcr den Inhalt der verlinkten Seiten sind ausschlie\u00dflich deren Betreiber verantwortlich. &nbsp; Copyright: S\u00e4mtliche Fotos, Logos und Texte auf diesen Seiten sind Eigentum von der Xaption [...]","protected":false},"author":1,"featured_media":0,"parent":0,"menu_order":27,"comment_status":"closed","ping_status":"closed","template":"","meta":{"footnotes":""},"class_list":["post-8519","page","type-page","status-publish","hentry"],"aioseo_notices":[],"_links":{"self":[{"href":"https:\/\/www.xaption.de\/en\/wp-json\/wp\/v2\/pages\/8519","targetHints":{"allow":["GET"]}}],"collection":[{"href":"https:\/\/www.xaption.de\/en\/wp-json\/wp\/v2\/pages"}],"about":[{"href":"https:\/\/www.xaption.de\/en\/wp-json\/wp\/v2\/types\/page"}],"author":[{"embeddable":true,"href":"https:\/\/www.xaption.de\/en\/wp-json\/wp\/v2\/users\/1"}],"replies":[{"embeddable":true,"href":"https:\/\/www.xaption.de\/en\/wp-json\/wp\/v2\/comments?post=8519"}],"version-history":[{"count":14,"href":"https:\/\/www.xaption.de\/en\/wp-json\/wp\/v2\/pages\/8519\/revisions"}],"predecessor-version":[{"id":9563,"href":"https:\/\/www.xaption.de\/en\/wp-json\/wp\/v2\/pages\/8519\/revisions\/9563"}],"wp:attachment":[{"href":"https:\/\/www.xaption.de\/en\/wp-json\/wp\/v2\/media?parent=8519"}],"curies":[{"name":"wp","href":"https:\/\/api.w.org\/{rel}","templated":true}]}}