{"id":9067,"date":"2020-06-04T20:32:53","date_gmt":"2020-06-04T18:32:53","guid":{"rendered":"http:\/\/test.xaption.de\/?page_id=9067"},"modified":"2025-01-03T12:21:30","modified_gmt":"2025-01-03T11:21:30","slug":"xcrl-waehrungskurse-in-sap","status":"publish","type":"page","link":"https:\/\/www.xaption.de\/en\/xcrl-waehrungskurse-in-sap\/","title":{"rendered":"XCRL - Exchange Rates in SAP"},"content":{"rendered":"<div class=\"vc_row wpb_row vc_row-fluid\"><div class=\"wpb_column vc_column_container vc_col-sm-6\"><div class=\"vc_column-inner\"><div class=\"wpb_wrapper\">\n\t<div  class=\"wpb_single_image wpb_content_element vc_align_center\">\n\t\t\n\t\t<figure class=\"wpb_wrapper vc_figure\">\n\t\t\t<div class=\"vc_single_image-wrapper   vc_box_border_grey\"><img loading=\"lazy\" decoding=\"async\" width=\"309\" height=\"497\" src=\"https:\/\/www.xaption.de\/wp-content\/uploads\/XVAT_box_309x497-1.png\" class=\"vc_single_image-img attachment-full\" alt=\"\" srcset=\"https:\/\/www.xaption.de\/wp-content\/uploads\/XVAT_box_309x497-1.png 309w, https:\/\/www.xaption.de\/wp-content\/uploads\/XVAT_box_309x497-1-187x300.png 187w, https:\/\/www.xaption.de\/wp-content\/uploads\/XVAT_box_309x497-1-78x125.png 78w\" sizes=\"auto, (max-width: 309px) 100vw, 309px\" \/><\/div>\n\t\t<\/figure>\n\t<\/div>\n<\/div><\/div><\/div><div class=\"wpb_column vc_column_container vc_col-sm-6\"><div class=\"vc_column-inner\"><div class=\"wpb_wrapper\">\n\t<div class=\"wpb_text_column wpb_content_element\" >\n\t\t<div class=\"wpb_wrapper\">\n\t\t\t<h3 class=\"product_title entry-title\">XCRL - Exchange Rates in SAP<\/h3>\n<p class=\"woocommerce-product-details__short-description\"><span class=\"text-lg\"><strong>Features\u00a0<\/strong><\/span><\/p>\n<ul>\n<li><span class=\"text-lg\">Release status: every SAP\u00ae system <\/span><span class=\"text-lg\">from ERP 6.0 up to S\/4HANA<\/span><\/li>\n<li><span class=\"text-lg\">Object oriented programming<\/span><\/li>\n<li><span class=\"text-lg\">works in the background<\/span><\/li>\n<li><span class=\"text-lg\">Determine which exchange rate types are to be updated with which currencies<\/span><\/li>\n<li><span class=\"text-lg\">Comfortable selection of the data source<\/span><\/li>\n<li><span class=\"text-lg\">The following euro exchange rates can currently be downloaded from the ECB:<\/span>\n<ul>\n<li style=\"list-style-type: none;\">\n<ul>\n<li><span class=\"text-lg\">USD, JPY, BGN, CZK, DKK, EEK, GBP,<\/span><\/li>\n<li><span class=\"text-lg\">HUF, LTL, LVL, PLN, RON, SEK, CHF,<\/span><\/li>\n<li><span class=\"text-lg\">NOK, HRK, RUB, TRY, AUD, BRL, CAD,<\/span><\/li>\n<li><span class=\"text-lg\">CNY, HKD, IDR, INR, KRW, MXN, MYR,<\/span><\/li>\n<li><span class=\"text-lg\">NZD, PHP, SGD, THB, ZAR<\/span><\/li>\n<\/ul>\n<\/li>\n<\/ul>\n<\/li>\n<li><span class=\"text-lg\">Datenbeschaffung aktuell von folgenden Quellen:<br \/>\n1.\u00a0 \u00a0 \u00a0 \u00a0 \u00a0Europ\u00e4ische\u00a0Zentralbank<br class=\"\" \/>2.\u00a0 \u00a0 \u00a0 \u00a0 \u00a0Marktdaten\u00a0der Deutschen Bank<br class=\"\" \/>3.\u00a0 \u00a0 \u00a0 \u00a0 \u00a0Ungarische\u00a0Nationalbank<br class=\"\" \/>4.\u00a0 \u00a0 \u00a0 \u00a0 \u00a0T\u00fcrkische\u00a0Nationalbank<br class=\"\" \/>5.\u00a0 \u00a0 \u00a0 \u00a0 \u00a0Tschechische\u00a0Nationalbank<br class=\"\" \/>6.\u00a0 \u00a0 \u00a0 \u00a0 \u00a0Polnische\u00a0Nationalbank<br class=\"\" \/>7.\u00a0 \u00a0 \u00a0 \u00a0 \u00a0Vereinigte\u00a0Wirtschaftsdienste GmbH<br class=\"\" \/>8.\u00a0 \u00a0 \u00a0 \u00a0 \u00a0Bank\u00a0of Thailand<br class=\"\" \/>9.\u00a0 \u00a0 \u00a0 \u00a0 \u00a0Banco Central do Brasil<br class=\"\" \/>10.\u00a0 \u00a0 \u00a0 \u00a0Banca Na\u0163ional\u0103 a Rom\u00e2niei<br class=\"\" \/>11.\u00a0 \u00a0 \u00a0 \u00a0Banco de M\u00e9xico<br \/>\n<\/span>&#8230; weitere Datenquellen m\u00f6glich<\/li>\n<li>\n<p class=\"Untertitel\"><span class=\"text-lg\">SAP certified software solution<\/span><\/p>\n<\/li>\n<\/ul>\n<p class=\"woocommerce-product-details__short-description\"><span class=\"posted_in text-lg\"><strong>Category:<\/strong> <a href=\"\/en\/finanz-und-rechnungswesen\/\">Finance\u00a0<\/a><\/span><\/p>\n\n\t\t<\/div>\n\t<\/div>\n<div class=\"es-resp\">\t<div class=\"visible-xl\" style=\"height: 64px;\"><\/div>\t<div class=\"hidden-xl hidden-md hidden-sm hidden-ms hidden-xs\" style=\"height: 64px;\"><\/div>\t<div class=\"visible-md\" style=\"height: 64px;\"><\/div>\t<div class=\"visible-sm\" style=\"height: 64px;\"><\/div>\t<div class=\"visible-ms\" style=\"height: 32px;\"><\/div>\t<div class=\"visible-xs\" style=\"height: 32px;\"><\/div><\/div><\/div><\/div><\/div><\/div><div class=\"vc_row wpb_row vc_row-fluid\"><div class=\"wpb_column vc_column_container vc_col-sm-12\"><div class=\"vc_column-inner\"><div class=\"wpb_wrapper\"><div class=\"vc_tta-container\" data-vc-action=\"collapse\"><div class=\"vc_general vc_tta vc_tta-tabs vc_tta-color-grey vc_tta-style-classic vc_tta-shape-rounded vc_tta-spacing-1 vc_tta-tabs-position-top vc_tta-controls-align-left\"><div class=\"vc_tta-tabs-container\"><ul class=\"vc_tta-tabs-list\"><li class=\"vc_tta-tab vc_active\" data-vc-tab><a href=\"#1591341386348-648e3632-554b\" data-vc-tabs data-vc-container=\".vc_tta\"><span class=\"vc_tta-title-text\">Description<\/span><\/a><\/li><\/ul><\/div><div class=\"vc_tta-panels-container\"><div class=\"vc_tta-panels\"><div class=\"vc_tta-panel vc_active\" id=\"1591341386348-648e3632-554b\" data-vc-content=\".vc_tta-panel-body\"><div class=\"vc_tta-panel-heading\"><h4 class=\"vc_tta-panel-title\"><a href=\"#1591341386348-648e3632-554b\" data-vc-accordion data-vc-container=\".vc_tta-container\"><span class=\"vc_tta-title-text\">Description<\/span><\/a><\/h4><\/div><div class=\"vc_tta-panel-body\">\n\t<div class=\"wpb_text_column wpb_content_element\" >\n\t\t<div class=\"wpb_wrapper\">\n\t\t\t<p><span class=\"text-lg\">Obsolete exchange rates in the SAP data lead to postings in the currency difference accounts for incoming and outgoing payments that do not reflect the true exchange rate fluctuations.\u00a0Correct financial controlling is therefore hardly possible.<\/span><\/p>\n<p><span class=\"text-lg\">XCRL exchange rates in SAP offers you the solution.<\/span><\/p>\n<p><span class=\"text-lg\">The field-proven add-on XCRL provides current exchange rates for over 30 leading currencies. \u00a0The SAP exchange rate conversion tables are updated daily with hedged data.\u00a0<\/span><\/p>\n<ul>\n<li><span class=\"text-lg\">Free service from the ECB<\/span><\/li>\n<li><span class=\"text-lg\">Fast and lean solution via an\u00a0<\/span><span class=\"text-lg\">SAP background job<\/span><\/li>\n<li><span class=\"text-lg\">No registration required\u00a0<\/span><\/li>\n<li><span class=\"text-lg\">keine laufenden Kosten<\/span><\/li>\n<li><span class=\"text-lg\">Reliable data sources<\/span><\/li>\n<li><span class=\"text-lg\">Integration of further data sources\u00a0<\/span><span class=\"text-lg\">easily possible<\/span><\/li>\n<\/ul>\n\n\t\t<\/div>\n\t<\/div>\n<\/div><\/div><\/div><\/div><\/div><\/div><div class=\"es-resp\">\t<div class=\"visible-xl\" style=\"height: 64px;\"><\/div>\t<div class=\"hidden-xl hidden-md hidden-sm hidden-ms hidden-xs\" style=\"height: 64px;\"><\/div>\t<div class=\"visible-md\" style=\"height: 64px;\"><\/div>\t<div class=\"visible-sm\" style=\"height: 64px;\"><\/div>\t<div class=\"visible-ms\" style=\"height: 32px;\"><\/div>\t<div class=\"visible-xs\" style=\"height: 32px;\"><\/div><\/div><div class=\"btn-wrap align-center\"><a href=\"mailto:info@xaption.de?subject=XCRL\"  class=\"btn  btn-default color-hover-default align-center\" id=\"like_sc_button_551574626\">Send request or arrange a free web demo<\/a><\/div><div class=\"es-resp\">\t<div class=\"visible-xl\" style=\"height: 64px;\"><\/div>\t<div class=\"hidden-xl hidden-md hidden-sm hidden-ms hidden-xs\" style=\"height: 64px;\"><\/div>\t<div class=\"visible-md\" style=\"height: 64px;\"><\/div>\t<div class=\"visible-sm\" style=\"height: 64px;\"><\/div>\t<div class=\"visible-ms\" style=\"height: 32px;\"><\/div>\t<div class=\"visible-xs\" style=\"height: 32px;\"><\/div><\/div><div class=\"btn-wrap align-center\"><a href=\"\/en\/faq-xclr\/\"  class=\"btn  btn-default color-hover-default align-center\" id=\"like_sc_button_1958982288\">FAQ - XCLR<\/a><\/div><\/div><\/div><\/div><\/div><div class=\"vc_row wpb_row vc_row-fluid\"><div class=\"wpb_column vc_column_container vc_col-sm-12\"><div class=\"vc_column-inner\"><div class=\"wpb_wrapper\"><div class=\"heading  default align-center color-black subcolor-main transform-default icon-type-default heading-tag-h3\" id=\"like_sc_header_805797027\"><h3 class=\"header ltx-sr-id-like_sc_header_805797027450510572 ltx-sr ltx-sr-effect-fade_in ltx-sr-el-block ltx-sr-delay-0 ltx-sr-duration-1000 ltx-sr-sequences-0\">Other SAP Add-ons<\/h3><\/div><div class=\"es-resp\">\t<div class=\"visible-xl\" style=\"height: 64px;\"><\/div>\t<div class=\"hidden-xl hidden-md hidden-sm hidden-ms hidden-xs\" style=\"height: 64px;\"><\/div>\t<div class=\"visible-md\" style=\"height: 64px;\"><\/div>\t<div class=\"visible-sm\" style=\"height: 64px;\"><\/div>\t<div class=\"visible-ms\" style=\"height: 32px;\"><\/div>\t<div class=\"visible-xs\" style=\"height: 32px;\"><\/div><\/div><\/div><\/div><\/div><\/div><div class=\"vc_row wpb_row vc_row-fluid\"><div class=\"wpb_column vc_column_container vc_col-sm-4\"><div class=\"vc_column-inner\"><div class=\"wpb_wrapper\">\n\t<div  class=\"wpb_single_image wpb_content_element vc_align_center  wpb_animate_when_almost_visible wpb_appear appear\">\n\t\t\n\t\t<figure class=\"wpb_wrapper vc_figure\">\n\t\t\t<a href=\"\/en\/xvat-ust-idnr-pruefung\/\" target=\"_self\" class=\"vc_single_image-wrapper   vc_box_border_grey\"><img loading=\"lazy\" decoding=\"async\" width=\"309\" height=\"497\" src=\"https:\/\/www.xaption.de\/wp-content\/uploads\/XVAT_box_309x497-1.png\" class=\"vc_single_image-img attachment-full\" alt=\"\" srcset=\"https:\/\/www.xaption.de\/wp-content\/uploads\/XVAT_box_309x497-1.png 309w, https:\/\/www.xaption.de\/wp-content\/uploads\/XVAT_box_309x497-1-187x300.png 187w, https:\/\/www.xaption.de\/wp-content\/uploads\/XVAT_box_309x497-1-78x125.png 78w\" sizes=\"auto, (max-width: 309px) 100vw, 309px\" \/><\/a>\n\t\t<\/figure>\n\t<\/div>\n<div class=\"heading  default align-center color-black subcolor-main transform-default icon-type-default heading-tag-h5\" id=\"like_sc_header_1681044297\"><a href=\"\/en\/xvat-ust-idnr-pruefung\/\"><h5 class=\"header ltx-sr-id-like_sc_header_16810442972039238902 ltx-sr ltx-sr-effect-fade_in ltx-sr-el-block ltx-sr-delay-0 ltx-sr-duration-1000 ltx-sr-sequences-0\">XVAT - VAT ID No. Examination<\/h5><\/a><\/div><\/div><\/div><\/div><div class=\"wpb_column vc_column_container vc_col-sm-4\"><div class=\"vc_column-inner\"><div class=\"wpb_wrapper\">\n\t<div  class=\"wpb_single_image wpb_content_element vc_align_center  wpb_animate_when_almost_visible wpb_appear appear\">\n\t\t\n\t\t<figure class=\"wpb_wrapper vc_figure\">\n\t\t\t<a href=\"\/en\/xglb-gelangensbestaetigung\/\" target=\"_self\" class=\"vc_single_image-wrapper   vc_box_border_grey\"><img loading=\"lazy\" decoding=\"async\" width=\"309\" height=\"497\" src=\"https:\/\/www.xaption.de\/wp-content\/uploads\/XGLB_box_309x497-1.png\" class=\"vc_single_image-img attachment-full\" alt=\"\" srcset=\"https:\/\/www.xaption.de\/wp-content\/uploads\/XGLB_box_309x497-1.png 309w, https:\/\/www.xaption.de\/wp-content\/uploads\/XGLB_box_309x497-1-187x300.png 187w, https:\/\/www.xaption.de\/wp-content\/uploads\/XGLB_box_309x497-1-78x125.png 78w\" sizes=\"auto, (max-width: 309px) 100vw, 309px\" \/><\/a>\n\t\t<\/figure>\n\t<\/div>\n<div class=\"heading  default align-center color-black subcolor-main transform-default icon-type-default heading-tag-h5\" id=\"like_sc_header_1186176624\"><a href=\"\/en\/xglb-gelangensbestaetigung\/\"><h5 class=\"header ltx-sr-id-like_sc_header_11861766241388946255 ltx-sr ltx-sr-effect-fade_in ltx-sr-el-block ltx-sr-delay-0 ltx-sr-duration-1000 ltx-sr-sequences-0\">XGLB - Confirmation of Receipt<\/h5><\/a><\/div><\/div><\/div><\/div><div class=\"wpb_column vc_column_container vc_col-sm-4\"><div class=\"vc_column-inner\"><div class=\"wpb_wrapper\">\n\t<div  class=\"wpb_single_image wpb_content_element vc_align_center  wpb_animate_when_almost_visible wpb_appear appear\">\n\t\t\n\t\t<figure class=\"wpb_wrapper vc_figure\">\n\t\t\t<a href=\"\/en\/xcfa-cash-flow-analyse\/\" target=\"_self\" class=\"vc_single_image-wrapper   vc_box_border_grey\"><img loading=\"lazy\" decoding=\"async\" width=\"297\" height=\"497\" src=\"https:\/\/www.xaption.de\/wp-content\/uploads\/XCFA_box_309x517-e1597067081550.png\" class=\"vc_single_image-img attachment-full\" alt=\"\" srcset=\"https:\/\/www.xaption.de\/wp-content\/uploads\/XCFA_box_309x517-e1597067081550.png 297w, https:\/\/www.xaption.de\/wp-content\/uploads\/XCFA_box_309x517-e1597067081550-179x300.png 179w, https:\/\/www.xaption.de\/wp-content\/uploads\/XCFA_box_309x517-e1597067081550-75x125.png 75w\" sizes=\"auto, (max-width: 297px) 100vw, 297px\" \/><\/a>\n\t\t<\/figure>\n\t<\/div>\n<div class=\"heading  default align-center color-black subcolor-main transform-default icon-type-default heading-tag-h5\" id=\"like_sc_header_603786283\"><a href=\"\/en\/xcfa-cash-flow-analyse\/\"><h5 class=\"header ltx-sr-id-like_sc_header_6037862831315474896 ltx-sr ltx-sr-effect-fade_in ltx-sr-el-block ltx-sr-delay-0 ltx-sr-duration-1000 ltx-sr-sequences-0\">XCFA \u2013 Cash Flow Analyze<\/h5><\/a><\/div><\/div><\/div><\/div><\/div>","protected":false},"excerpt":{"rendered":"XCRL \u2013 W\u00e4hrungskurse in SAP Leistungsmerkmale\u00a0 Releasestand: jedes SAP\u00ae System ab ERP 6.0 bis S\/4HANA Objektorientierte Programmierung L\u00e4uft im Hintergrund Festlegung, welche Kurstypen mit\u00a0welchen W\u00e4hrungen aktualisiert\u00a0werden sollen Komfortable Auswahl der Datenquelle Folgende Euro-Kurse k\u00f6nnen derzeit von\u00a0der EZB geladen werden: USD, JPY, BGN, CZK, DKK, EEK, GBP, HUF, LTL, LVL, PLN, RON, SEK, CHF, NOK, HRK, RUB, TRY, AUD, BRL, CAD, CNY, HKD, IDR, INR, KRW, MXN, MYR, NZD, PHP, SGD, THB, ZAR Datenbeschaffung aktuell von folgenden Quellen: 1.\u00a0 \u00a0 \u00a0 \u00a0 \u00a0Europ\u00e4ische\u00a0Zentralbank2.\u00a0 \u00a0 \u00a0 \u00a0 \u00a0Marktdaten\u00a0der Deutschen Bank3.\u00a0 \u00a0 \u00a0 \u00a0 \u00a0Ungarische\u00a0Nationalbank4.\u00a0 \u00a0 \u00a0 \u00a0 \u00a0T\u00fcrkische\u00a0Nationalbank5.\u00a0 \u00a0 \u00a0 \u00a0 \u00a0Tschechische\u00a0Nationalbank6.\u00a0 \u00a0 \u00a0 \u00a0 \u00a0Polnische\u00a0Nationalbank7.\u00a0 \u00a0 \u00a0 \u00a0 \u00a0Vereinigte\u00a0Wirtschaftsdienste GmbH8.\u00a0 \u00a0 \u00a0 \u00a0 \u00a0Bank\u00a0of Thailand9.\u00a0 \u00a0 \u00a0 \u00a0 \u00a0Banco Central do Brasil10.\u00a0 \u00a0 \u00a0 \u00a0Banca Na\u0163ional\u0103 a Rom\u00e2niei11.\u00a0 \u00a0 \u00a0 \u00a0Banco de M\u00e9xico ... weitere Datenquellen m\u00f6glich SAP zertifizierte Software L\u00f6sung Kategorie: Finanz- und Rechnungswesen\u00a0 BeschreibungBeschreibung Veraltete Wechselkurse in den SAP-Daten [...]","protected":false},"author":1,"featured_media":0,"parent":0,"menu_order":1,"comment_status":"closed","ping_status":"closed","template":"","meta":{"footnotes":""},"class_list":["post-9067","page","type-page","status-publish","hentry"],"aioseo_notices":[],"_links":{"self":[{"href":"https:\/\/www.xaption.de\/en\/wp-json\/wp\/v2\/pages\/9067","targetHints":{"allow":["GET"]}}],"collection":[{"href":"https:\/\/www.xaption.de\/en\/wp-json\/wp\/v2\/pages"}],"about":[{"href":"https:\/\/www.xaption.de\/en\/wp-json\/wp\/v2\/types\/page"}],"author":[{"embeddable":true,"href":"https:\/\/www.xaption.de\/en\/wp-json\/wp\/v2\/users\/1"}],"replies":[{"embeddable":true,"href":"https:\/\/www.xaption.de\/en\/wp-json\/wp\/v2\/comments?post=9067"}],"version-history":[{"count":21,"href":"https:\/\/www.xaption.de\/en\/wp-json\/wp\/v2\/pages\/9067\/revisions"}],"predecessor-version":[{"id":10722,"href":"https:\/\/www.xaption.de\/en\/wp-json\/wp\/v2\/pages\/9067\/revisions\/10722"}],"wp:attachment":[{"href":"https:\/\/www.xaption.de\/en\/wp-json\/wp\/v2\/media?parent=9067"}],"curies":[{"name":"wp","href":"https:\/\/api.w.org\/{rel}","templated":true}]}}