{"id":9090,"date":"2020-06-04T21:44:59","date_gmt":"2020-06-04T19:44:59","guid":{"rendered":"http:\/\/test.xaption.de\/?page_id=9090"},"modified":"2020-11-05T10:18:57","modified_gmt":"2020-11-05T09:18:57","slug":"xcfa-cash-flow-analyser","status":"publish","type":"page","link":"https:\/\/www.xaption.de\/en\/xcfa-cash-flow-analyser\/","title":{"rendered":"XCFA &#8211; Cash Flow Analyse"},"content":{"rendered":"<div class=\"vc_row wpb_row vc_row-fluid\"><div class=\"wpb_column vc_column_container vc_col-sm-6\"><div class=\"vc_column-inner\"><div class=\"wpb_wrapper\">\n\t<div  class=\"wpb_single_image wpb_content_element vc_align_center\">\n\t\t\n\t\t<figure class=\"wpb_wrapper vc_figure\">\n\t\t\t<div class=\"vc_single_image-wrapper   vc_box_border_grey\"><img loading=\"lazy\" decoding=\"async\" width=\"297\" height=\"497\" src=\"https:\/\/www.xaption.de\/wp-content\/uploads\/XCFA_box_309x517-e1597067081550.png\" class=\"vc_single_image-img attachment-full\" alt=\"\" srcset=\"https:\/\/www.xaption.de\/wp-content\/uploads\/XCFA_box_309x517-e1597067081550.png 297w, https:\/\/www.xaption.de\/wp-content\/uploads\/XCFA_box_309x517-e1597067081550-179x300.png 179w, https:\/\/www.xaption.de\/wp-content\/uploads\/XCFA_box_309x517-e1597067081550-75x125.png 75w\" sizes=\"auto, (max-width: 297px) 100vw, 297px\" \/><\/div>\n\t\t<\/figure>\n\t<\/div>\n<\/div><\/div><\/div><div class=\"wpb_column vc_column_container vc_col-sm-6\"><div class=\"vc_column-inner\"><div class=\"wpb_wrapper\">\n\t<div class=\"wpb_text_column wpb_content_element\" >\n\t\t<div class=\"wpb_wrapper\">\n\t\t\t<h3>XCFA \u2013 Cash Flow Analyse<\/h3>\n<p><span class=\"text-lg\"><strong>Features\u00a0<\/strong><\/span><\/p>\n<ul>\n<li><span class=\"text-lg\">Release status from 4.6 to the latest ERP<\/span><\/li>\n<li><span class=\"text-lg\">Customizing for free grouping of general ledger account<\/span><\/li>\n<li><span class=\"text-lg\">Current data from real documents<\/span><\/li>\n<li><span class=\"text-lg\">No BI, no extractors required<\/span><\/li>\n<li><span class=\"text-lg\">Dialogue application through best performance, therefore always up-to-date data<\/span><\/li>\n<li><span class=\"text-lg\">Drill down to the single document<\/span><\/li>\n<li><span class=\"text-lg\">Integration of the Office applications<\/span><\/li>\n<li><span class=\"text-lg\">Background knowledge<\/span><\/li>\n<li><span class=\"text-lg\">SAP certified software solution<\/span><\/li>\n<\/ul>\n<p><span class=\"posted_in text-lg\"><strong>Category:<\/strong> <a href=\"\/en\/finanz-und-rechnungswesen\/\">Finance<\/a><\/span><\/p>\n\n\t\t<\/div>\n\t<\/div>\n<\/div><\/div><\/div><\/div><div class=\"vc_row wpb_row vc_row-fluid\"><div class=\"wpb_column vc_column_container vc_col-sm-12\"><div class=\"vc_column-inner\"><div class=\"wpb_wrapper\"><div class=\"es-resp\">\t<div class=\"visible-xl\" style=\"height: 64px;\"><\/div>\t<div class=\"hidden-xl hidden-md hidden-sm hidden-ms hidden-xs\" style=\"height: 64px;\"><\/div>\t<div class=\"visible-md\" style=\"height: 64px;\"><\/div>\t<div class=\"visible-sm\" style=\"height: 64px;\"><\/div>\t<div class=\"visible-ms\" style=\"height: 32px;\"><\/div>\t<div class=\"visible-xs\" style=\"height: 32px;\"><\/div><\/div><\/div><\/div><\/div><\/div><div class=\"vc_row wpb_row vc_row-fluid\"><div class=\"wpb_column vc_column_container vc_col-sm-12\"><div class=\"vc_column-inner\"><div class=\"wpb_wrapper\"><div class=\"vc_tta-container\" data-vc-action=\"collapse\"><div class=\"vc_general vc_tta vc_tta-tabs vc_tta-color-grey vc_tta-style-classic vc_tta-shape-rounded vc_tta-spacing-1 vc_tta-tabs-position-top vc_tta-controls-align-left\"><div class=\"vc_tta-tabs-container\"><ul class=\"vc_tta-tabs-list\"><li class=\"vc_tta-tab vc_active\" data-vc-tab><a href=\"#1591343559362-7ad5f058-f576\" data-vc-tabs data-vc-container=\".vc_tta\"><span class=\"vc_tta-title-text\">Description<\/span><\/a><\/li><\/ul><\/div><div class=\"vc_tta-panels-container\"><div class=\"vc_tta-panels\"><div class=\"vc_tta-panel vc_active\" id=\"1591343559362-7ad5f058-f576\" data-vc-content=\".vc_tta-panel-body\"><div class=\"vc_tta-panel-heading\"><h4 class=\"vc_tta-panel-title\"><a href=\"#1591343559362-7ad5f058-f576\" data-vc-accordion data-vc-container=\".vc_tta-container\"><span class=\"vc_tta-title-text\">Description<\/span><\/a><\/h4><\/div><div class=\"vc_tta-panel-body\">\n\t<div class=\"wpb_text_column wpb_content_element\" >\n\t\t<div class=\"wpb_wrapper\">\n\t\t\t<p><strong><span class=\"text-lg\">XCFA &#8211; Cash Flow Analyze &#8211;\u00a0<\/span><span class=\"text-lg\">an overview of cash flows<\/span><\/strong><\/p>\n<ul>\n<li><span class=\"text-lg\"><em>How much did you pay and when for what? <\/em><\/span><\/li>\n<li><span class=\"text-lg\"><em>How much was paid for production resources and tools in a weekly comparison last year? <\/em><\/span><\/li>\n<li><span class=\"text-lg\"><em>Are there outliers and which vendors are affected? Which documents are used as a basis?<\/em><\/span><\/li>\n<\/ul>\n<p><span class=\"text-lg\">This SAP Add-on is\u00a0<\/span><span class=\"text-lg\">within a few seconds:\u00a0<\/span><\/p>\n<ul>\n<li><span class=\"text-lg\">generate a dedicated evaluation of accounting documents and\u00a0<\/span><span class=\"text-lg\">display them in an ergonomic interface - without BI (BW) <\/span><\/li>\n<li><span class=\"text-lg\">Excel integration and drill down to the single document\u00a0<\/span><\/li>\n<li><span class=\"text-lg\"><b>Customizing<\/b><\/span>\n<ul>\n<li style=\"list-style-type: none;\">\n<ul>\n<li><span class=\"text-lg\">Definition of liquidity positions<\/span><\/li>\n<li><span class=\"text-lg\">Assignment of General accounts\u00a0<\/span><span class=\"text-lg\">on liquidity positions<\/span><\/li>\n<li><span class=\"text-lg\">Grouping of liquidity positions\u00a0<\/span><span class=\"text-lg\">to account key groups<\/span><\/li>\n<\/ul>\n<\/li>\n<\/ul>\n<\/li>\n<li><span class=\"text-lg\">It is not necessary to use SAP cash accounting<\/span><\/li>\n<\/ul>\n\n\t\t<\/div>\n\t<\/div>\n<\/div><\/div><\/div><\/div><\/div><\/div><div class=\"es-resp\">\t<div class=\"visible-xl\" style=\"height: 64px;\"><\/div>\t<div class=\"hidden-xl hidden-md hidden-sm hidden-ms hidden-xs\" style=\"height: 64px;\"><\/div>\t<div class=\"visible-md\" style=\"height: 64px;\"><\/div>\t<div class=\"visible-sm\" style=\"height: 64px;\"><\/div>\t<div class=\"visible-ms\" style=\"height: 32px;\"><\/div>\t<div class=\"visible-xs\" style=\"height: 32px;\"><\/div><\/div><div class=\"btn-wrap align-center\"><a href=\"mailto:info@xaption.de?subject=XCFA\"  class=\"btn  btn-default color-hover-default align-center\" id=\"like_sc_button_17676531\">Send request or arrange a free web demo<\/a><\/div><div class=\"es-resp\">\t<div class=\"visible-xl\" style=\"height: 64px;\"><\/div>\t<div class=\"hidden-xl hidden-md hidden-sm hidden-ms hidden-xs\" style=\"height: 64px;\"><\/div>\t<div class=\"visible-md\" style=\"height: 64px;\"><\/div>\t<div class=\"visible-sm\" style=\"height: 64px;\"><\/div>\t<div class=\"visible-ms\" style=\"height: 32px;\"><\/div>\t<div class=\"visible-xs\" style=\"height: 32px;\"><\/div><\/div><div class=\"btn-wrap align-center\"><a href=\"\/en\/faq-xcfa\/\"  class=\"btn  btn-default color-hover-default align-center\" id=\"like_sc_button_179981884\">FAQ - XCFA<\/a><\/div><\/div><\/div><\/div><\/div><div class=\"vc_row wpb_row vc_row-fluid\"><div class=\"wpb_column vc_column_container vc_col-sm-12\"><div class=\"vc_column-inner\"><div class=\"wpb_wrapper\"><div class=\"heading  default align-center color-black subcolor-main transform-default icon-type-default heading-tag-h3\" id=\"like_sc_header_1970530857\"><h3 class=\"header ltx-sr-id-like_sc_header_1970530857279504893 ltx-sr ltx-sr-effect-fade_in ltx-sr-el-block ltx-sr-delay-0 ltx-sr-duration-1000 ltx-sr-sequences-0\">Other SAP Add-ons<\/h3><\/div><div class=\"es-resp\">\t<div class=\"visible-xl\" style=\"height: 64px;\"><\/div>\t<div class=\"hidden-xl hidden-md hidden-sm hidden-ms hidden-xs\" style=\"height: 64px;\"><\/div>\t<div class=\"visible-md\" style=\"height: 64px;\"><\/div>\t<div class=\"visible-sm\" style=\"height: 64px;\"><\/div>\t<div class=\"visible-ms\" style=\"height: 32px;\"><\/div>\t<div class=\"visible-xs\" style=\"height: 32px;\"><\/div><\/div><\/div><\/div><\/div><\/div><div class=\"vc_row wpb_row vc_row-fluid\"><div class=\"wpb_column vc_column_container vc_col-sm-4\"><div class=\"vc_column-inner\"><div class=\"wpb_wrapper\">\n\t<div  class=\"wpb_single_image wpb_content_element vc_align_center  wpb_animate_when_almost_visible wpb_appear appear\">\n\t\t\n\t\t<figure class=\"wpb_wrapper vc_figure\">\n\t\t\t<a href=\"\/en\/xvat-ust-idnr-pruefung\/\" target=\"_self\" class=\"vc_single_image-wrapper   vc_box_border_grey\"><img loading=\"lazy\" decoding=\"async\" width=\"309\" height=\"497\" src=\"https:\/\/www.xaption.de\/wp-content\/uploads\/XVAT_box_309x497-1.png\" class=\"vc_single_image-img attachment-full\" alt=\"\" srcset=\"https:\/\/www.xaption.de\/wp-content\/uploads\/XVAT_box_309x497-1.png 309w, https:\/\/www.xaption.de\/wp-content\/uploads\/XVAT_box_309x497-1-187x300.png 187w, https:\/\/www.xaption.de\/wp-content\/uploads\/XVAT_box_309x497-1-78x125.png 78w\" sizes=\"auto, (max-width: 309px) 100vw, 309px\" \/><\/a>\n\t\t<\/figure>\n\t<\/div>\n<div class=\"heading  default align-center color-black subcolor-main transform-default icon-type-default heading-tag-h5\" id=\"like_sc_header_2027658516\"><a href=\"\/en\/xvat-ust-idnr-pruefung\/\"><h5 class=\"header ltx-sr-id-like_sc_header_2027658516356805798 ltx-sr ltx-sr-effect-fade_in ltx-sr-el-block ltx-sr-delay-0 ltx-sr-duration-1000 ltx-sr-sequences-0\">XVAT - VAT ID No. Check<\/h5><\/a><\/div><\/div><\/div><\/div><div class=\"wpb_column vc_column_container vc_col-sm-4\"><div class=\"vc_column-inner\"><div class=\"wpb_wrapper\">\n\t<div  class=\"wpb_single_image wpb_content_element vc_align_center  wpb_animate_when_almost_visible wpb_appear appear\">\n\t\t\n\t\t<figure class=\"wpb_wrapper vc_figure\">\n\t\t\t<a href=\"\/en\/xglb-gelangensbestaetigung\/\" target=\"_self\" class=\"vc_single_image-wrapper   vc_box_border_grey\"><img loading=\"lazy\" decoding=\"async\" width=\"309\" height=\"497\" src=\"https:\/\/www.xaption.de\/wp-content\/uploads\/XGLB_box_309x497-1.png\" class=\"vc_single_image-img attachment-full\" alt=\"\" srcset=\"https:\/\/www.xaption.de\/wp-content\/uploads\/XGLB_box_309x497-1.png 309w, https:\/\/www.xaption.de\/wp-content\/uploads\/XGLB_box_309x497-1-187x300.png 187w, https:\/\/www.xaption.de\/wp-content\/uploads\/XGLB_box_309x497-1-78x125.png 78w\" sizes=\"auto, (max-width: 309px) 100vw, 309px\" \/><\/a>\n\t\t<\/figure>\n\t<\/div>\n<div class=\"heading  default align-center color-black subcolor-main transform-default icon-type-default heading-tag-h5\" id=\"like_sc_header_2035508741\"><a href=\"\/en\/xglb-gelangensbestaetigung\/\"><h5 class=\"header ltx-sr-id-like_sc_header_20355087411694546769 ltx-sr ltx-sr-effect-fade_in ltx-sr-el-block ltx-sr-delay-0 ltx-sr-duration-1000 ltx-sr-sequences-0\">XGLB \u2013 Entry Certificate<\/h5><\/a><\/div><\/div><\/div><\/div><div class=\"wpb_column vc_column_container vc_col-sm-4\"><div class=\"vc_column-inner\"><div class=\"wpb_wrapper\">\n\t<div  class=\"wpb_single_image wpb_content_element vc_align_center  wpb_animate_when_almost_visible wpb_appear appear\">\n\t\t\n\t\t<figure class=\"wpb_wrapper vc_figure\">\n\t\t\t<a href=\"\/en\/xcrl-waehrungskurse-in-sap\/\" target=\"_self\" class=\"vc_single_image-wrapper   vc_box_border_grey\"><img loading=\"lazy\" decoding=\"async\" width=\"309\" height=\"497\" src=\"https:\/\/www.xaption.de\/wp-content\/uploads\/XVAT_box_309x497-1.png\" class=\"vc_single_image-img attachment-full\" alt=\"\" srcset=\"https:\/\/www.xaption.de\/wp-content\/uploads\/XVAT_box_309x497-1.png 309w, https:\/\/www.xaption.de\/wp-content\/uploads\/XVAT_box_309x497-1-187x300.png 187w, https:\/\/www.xaption.de\/wp-content\/uploads\/XVAT_box_309x497-1-78x125.png 78w\" sizes=\"auto, (max-width: 309px) 100vw, 309px\" \/><\/a>\n\t\t<\/figure>\n\t<\/div>\n<div class=\"heading  default align-center color-black subcolor-main transform-default icon-type-default heading-tag-h5\" id=\"like_sc_header_1515590228\"><a href=\"\/en\/xclr-waehrungskurse-in-sap\/\"><h5 class=\"header ltx-sr-id-like_sc_header_15155902281480401632 ltx-sr ltx-sr-effect-fade_in ltx-sr-el-block ltx-sr-delay-0 ltx-sr-duration-1000 ltx-sr-sequences-0\">XCRL - Exchange Rates in SAP<\/h5><\/a><\/div><\/div><\/div><\/div><\/div>","protected":false},"excerpt":{"rendered":"XCFA \u2013 Cash Flow Analyse Leistungsmerkmale\u00a0 Releasestand ab 4.6 bis\u00a0zum aktuellsten ERP Customizing zur freien Gruppierung von Sachkonten Aktuelle Daten aus Echtbelegen Kein BI, keine Extraktoren erforderlich Dialoganwendung durch beste Per-formance, daher stets aktuelle Daten Drill Down bis zum Einzelbeleg Integration der Office Anwendungen Hintergrundf\u00e4hig SAP zertifizierte Software L\u00f6sung Kategorie: Finanz- und Rechnungswesen BeschreibungBeschreibung XCFA - Cash Flow Analyze -\u00a0eine \u00dcbersicht \u00fcber Zahlungsstr\u00f6me Wann haben Sie wie viel wof\u00fcr bezahlt? Wie viel wurde im w\u00f6chentlichen Vergleich\u00a0im letzten Jahr f\u00fcr Fertigungshilfsmittel bezahlt? Gibt es Ausrei\u00dfer und\u00a0welche Kreditoren betreffen diese? Welche Belege liegen zugrunde? Dieses SAP Add-On ist\u00a0innerhalb weniger Sekunden in der Lage:\u00a0 eine dezidierte Auswertungen \u00fcber Buchhaltungsbelege zu erzeugen und in einer\u00a0ergonomischen Oberfl\u00e4che darzustellen \u2013 \u00a0ohne BI (BW) Excel Integration und Drilldown bis herunter zum Einzelbeleg\u00a0 Customizing Festlegung von Liquidit\u00e4tspositionen Zuordnung von Sachkonten\u00a0zu Liquidit\u00e4tspositionen Gruppierung von Liquidit\u00e4tspositionen\u00a0zu Kontenschl\u00fcsselgruppen Ein Einsatz der SAP Liquidit\u00e4tsrechnung ist nicht erforderlich Anfrage senden oder gratis Web-Demo [...]","protected":false},"author":1,"featured_media":0,"parent":0,"menu_order":20,"comment_status":"closed","ping_status":"closed","template":"","meta":{"footnotes":""},"class_list":["post-9090","page","type-page","status-publish","hentry"],"aioseo_notices":[],"_links":{"self":[{"href":"https:\/\/www.xaption.de\/en\/wp-json\/wp\/v2\/pages\/9090","targetHints":{"allow":["GET"]}}],"collection":[{"href":"https:\/\/www.xaption.de\/en\/wp-json\/wp\/v2\/pages"}],"about":[{"href":"https:\/\/www.xaption.de\/en\/wp-json\/wp\/v2\/types\/page"}],"author":[{"embeddable":true,"href":"https:\/\/www.xaption.de\/en\/wp-json\/wp\/v2\/users\/1"}],"replies":[{"embeddable":true,"href":"https:\/\/www.xaption.de\/en\/wp-json\/wp\/v2\/comments?post=9090"}],"version-history":[{"count":14,"href":"https:\/\/www.xaption.de\/en\/wp-json\/wp\/v2\/pages\/9090\/revisions"}],"predecessor-version":[{"id":10586,"href":"https:\/\/www.xaption.de\/en\/wp-json\/wp\/v2\/pages\/9090\/revisions\/10586"}],"wp:attachment":[{"href":"https:\/\/www.xaption.de\/en\/wp-json\/wp\/v2\/media?parent=9090"}],"curies":[{"name":"wp","href":"https:\/\/api.w.org\/{rel}","templated":true}]}}