{"id":9142,"date":"2020-06-05T14:29:07","date_gmt":"2020-06-05T12:29:07","guid":{"rendered":"http:\/\/test.xaption.de\/?page_id=9142"},"modified":"2021-11-01T20:23:58","modified_gmt":"2021-11-01T19:23:58","slug":"xpam-partner-cockpit","status":"publish","type":"page","link":"https:\/\/www.xaption.de\/en\/xpam-partner-cockpit\/","title":{"rendered":"XPAM \u2013 Partner Cockpit"},"content":{"rendered":"<div class=\"vc_row wpb_row vc_row-fluid\"><div class=\"wpb_column vc_column_container vc_col-sm-6\"><div class=\"vc_column-inner\"><div class=\"wpb_wrapper\">\n\t<div  class=\"wpb_single_image wpb_content_element vc_align_center\">\n\t\t\n\t\t<figure class=\"wpb_wrapper vc_figure\">\n\t\t\t<div class=\"vc_single_image-wrapper   vc_box_border_grey\"><img loading=\"lazy\" decoding=\"async\" width=\"309\" height=\"517\" src=\"https:\/\/www.xaption.de\/wp-content\/uploads\/XPAM_box_309x517.png\" class=\"vc_single_image-img attachment-full\" alt=\"\" srcset=\"https:\/\/www.xaption.de\/wp-content\/uploads\/XPAM_box_309x517.png 309w, https:\/\/www.xaption.de\/wp-content\/uploads\/XPAM_box_309x517-179x300.png 179w, https:\/\/www.xaption.de\/wp-content\/uploads\/XPAM_box_309x517-7x12.png 7w, https:\/\/www.xaption.de\/wp-content\/uploads\/XPAM_box_309x517-75x125.png 75w\" sizes=\"auto, (max-width: 309px) 100vw, 309px\" \/><\/div>\n\t\t<\/figure>\n\t<\/div>\n<\/div><\/div><\/div><div class=\"wpb_column vc_column_container vc_col-sm-6\"><div class=\"vc_column-inner\"><div class=\"wpb_wrapper\">\n\t<div class=\"wpb_text_column wpb_content_element\" >\n\t\t<div class=\"wpb_wrapper\">\n\t\t\t<h3 class=\"product_title entry-title\">XPAM \u2013 Partner Cockpit<\/h3>\n<div class=\"woocommerce-product-details__short-description\">\n<p><span class=\"text-lg\"><b>Features<\/b><\/span><\/p>\n<ul>\n<li><span class=\"text-lg\">a fully integrated add-on in the ERP system to ensure master data maintenance<\/span><\/li>\n<li><span class=\"text-lg\">Role-based<\/span><\/li>\n<li><span class=\"text-lg\">Multilingualism<span class=\"Apple-converted-space\">\u00a0<\/span><\/span><\/li>\n<li><span class=\"text-lg\">Release mechanism with e-mail notifications<\/span><\/li>\n<li><span class=\"text-lg\">an absolutely flexible tool for the master data change process<\/span><\/li>\n<li><span class=\"text-lg\">suitable for the most diverse requirements without software adaptations<\/span><\/li>\n<li><span class=\"text-lg\">Worklists instead of SAP workflow<\/span><\/li>\n<\/ul>\n<p><span class=\"text-lg\"><strong>Category:<\/strong> <a href=\"\/en\/logistik-und-transport\/\" rel=\"tag\">Logistics<\/a><\/span><\/p>\n<\/div>\n\n\t\t<\/div>\n\t<\/div>\n<div class=\"es-resp\">\t<div class=\"visible-xl\" style=\"height: 64px;\"><\/div>\t<div class=\"hidden-xl hidden-md hidden-sm hidden-ms hidden-xs\" style=\"height: 64px;\"><\/div>\t<div class=\"visible-md\" style=\"height: 64px;\"><\/div>\t<div class=\"visible-sm\" style=\"height: 64px;\"><\/div>\t<div class=\"visible-ms\" style=\"height: 32px;\"><\/div>\t<div class=\"visible-xs\" style=\"height: 32px;\"><\/div><\/div><\/div><\/div><\/div><\/div><div class=\"vc_row wpb_row vc_row-fluid\"><div class=\"wpb_column vc_column_container vc_col-sm-12\"><div class=\"vc_column-inner\"><div class=\"wpb_wrapper\"><div class=\"vc_tta-container\" data-vc-action=\"collapse\"><div class=\"vc_general vc_tta vc_tta-tabs vc_tta-color-grey vc_tta-style-classic vc_tta-shape-rounded vc_tta-spacing-1 vc_tta-tabs-position-top vc_tta-controls-align-left\"><div class=\"vc_tta-tabs-container\"><ul class=\"vc_tta-tabs-list\"><li class=\"vc_tta-tab vc_active\" data-vc-tab><a href=\"#1591703114358-6a015a35-474e\" data-vc-tabs data-vc-container=\".vc_tta\"><span class=\"vc_tta-title-text\">Description<\/span><\/a><\/li><\/ul><\/div><div class=\"vc_tta-panels-container\"><div class=\"vc_tta-panels\"><div class=\"vc_tta-panel vc_active\" id=\"1591703114358-6a015a35-474e\" data-vc-content=\".vc_tta-panel-body\"><div class=\"vc_tta-panel-heading\"><h4 class=\"vc_tta-panel-title\"><a href=\"#1591703114358-6a015a35-474e\" data-vc-accordion data-vc-container=\".vc_tta-container\"><span class=\"vc_tta-title-text\">Description<\/span><\/a><\/h4><\/div><div class=\"vc_tta-panel-body\">\n\t<div class=\"wpb_text_column wpb_content_element\" >\n\t\t<div class=\"wpb_wrapper\">\n\t\t\t<p><span class=\"text-lg\"><b>A SAP add-on for master data management of business partners (suppliers, ...)<span class=\"Apple-converted-space\">\u00a0<\/span><\/b><\/span><\/p>\n<p><span class=\"text-lg\">Master data of business partners, such as suppliers and customers, are important databases of a company, on which numerous processes are based. Incorrect business partner master data leads to incorrect processes.<span class=\"Apple-converted-space\">\u00a0\u00a0<\/span><\/span><\/p>\n<p><span class=\"text-lg\">With regard to SOX, a complete documentation is useful. This should show who requested which change when and how it was released.<span class=\"Apple-converted-space\">\u00a0<\/span><\/span><\/p>\n<p><span class=\"text-lg\">XPAM consists of a single intelligent report that clearly displays the worklists of the change requests.<\/span><\/p>\n<ul>\n<li><span class=\"text-lg\">All change requests made by the current user himself<\/span><\/li>\n<li><span class=\"text-lg\">All change requests that are in one process step<\/span><\/li>\n<li><span class=\"text-lg\">All change requests for which the current user has approval competence\u00a0<\/span><\/li>\n<\/ul>\n<p><span class=\"text-lg\">The implementation was carried out using the proven Model-View-Controller paradigm in a very modular way, which significantly reduces maintenance efforts.<\/span><\/p>\n\n\t\t<\/div>\n\t<\/div>\n<\/div><\/div><\/div><\/div><\/div><\/div><\/div><\/div><\/div><\/div><div class=\"vc_row wpb_row vc_row-fluid\"><div class=\"wpb_column vc_column_container vc_col-sm-12\"><div class=\"vc_column-inner\"><div class=\"wpb_wrapper\"><div class=\"es-resp\">\t<div class=\"visible-xl\" style=\"height: 64px;\"><\/div>\t<div class=\"hidden-xl hidden-md hidden-sm hidden-ms hidden-xs\" style=\"height: 64px;\"><\/div>\t<div class=\"visible-md\" style=\"height: 64px;\"><\/div>\t<div class=\"visible-sm\" style=\"height: 64px;\"><\/div>\t<div class=\"visible-ms\" style=\"height: 32px;\"><\/div>\t<div class=\"visible-xs\" style=\"height: 32px;\"><\/div><\/div><div class=\"btn-wrap align-center\"><a href=\"mailto:info@xaption.de\"  class=\"btn  btn-default color-hover-default align-center\" id=\"like_sc_button_1014211212\">Send request or arrange a free web demo<\/a><\/div><div class=\"es-resp\">\t<div class=\"visible-xl\" style=\"height: 64px;\"><\/div>\t<div class=\"hidden-xl hidden-md hidden-sm hidden-ms hidden-xs\" style=\"height: 64px;\"><\/div>\t<div class=\"visible-md\" style=\"height: 64px;\"><\/div>\t<div class=\"visible-sm\" style=\"height: 64px;\"><\/div>\t<div class=\"visible-ms\" style=\"height: 32px;\"><\/div>\t<div class=\"visible-xs\" style=\"height: 32px;\"><\/div><\/div><div class=\"btn-wrap align-center\"><a href=\"\/en\/faq-xpam\/\"  class=\"btn  btn-default color-hover-default align-center\" id=\"like_sc_button_273690333\">FAQ - XPAM<\/a><\/div><\/div><\/div><\/div><\/div><div class=\"vc_row wpb_row vc_row-fluid\"><div class=\"wpb_column vc_column_container vc_col-sm-12\"><div class=\"vc_column-inner\"><div class=\"wpb_wrapper\"><div class=\"heading  default align-center color-black subcolor-main transform-default icon-type-default heading-tag-h3\" id=\"like_sc_header_1288745511\"><h3 class=\"header ltx-sr-id-like_sc_header_1288745511197245635 ltx-sr ltx-sr-effect-fade_in ltx-sr-el-block ltx-sr-delay-0 ltx-sr-duration-1000 ltx-sr-sequences-0\">More SAP add-ons<\/h3><\/div><div class=\"es-resp\">\t<div class=\"visible-xl\" style=\"height: 64px;\"><\/div>\t<div class=\"hidden-xl hidden-md hidden-sm hidden-ms hidden-xs\" style=\"height: 64px;\"><\/div>\t<div class=\"visible-md\" style=\"height: 64px;\"><\/div>\t<div class=\"visible-sm\" style=\"height: 64px;\"><\/div>\t<div class=\"visible-ms\" style=\"height: 32px;\"><\/div>\t<div class=\"visible-xs\" style=\"height: 32px;\"><\/div><\/div><\/div><\/div><\/div><\/div><div class=\"vc_row wpb_row vc_row-fluid\"><div class=\"wpb_column vc_column_container vc_col-sm-4\"><div class=\"vc_column-inner\"><div class=\"wpb_wrapper\">\n\t<div  class=\"wpb_single_image wpb_content_element vc_align_center  wpb_animate_when_almost_visible wpb_appear appear\">\n\t\t\n\t\t<figure class=\"wpb_wrapper vc_figure\">\n\t\t\t<a href=\"\/en\/xmcc-nachrichten-cockpit\/\" target=\"_self\" class=\"vc_single_image-wrapper   vc_box_border_grey\"><img loading=\"lazy\" decoding=\"async\" width=\"297\" height=\"497\" src=\"https:\/\/www.xaption.de\/wp-content\/uploads\/XMCC_box_309x517-e1591361843850.png\" class=\"vc_single_image-img attachment-full\" alt=\"\" srcset=\"https:\/\/www.xaption.de\/wp-content\/uploads\/XMCC_box_309x517-e1591361843850.png 297w, https:\/\/www.xaption.de\/wp-content\/uploads\/XMCC_box_309x517-e1591361843850-179x300.png 179w, https:\/\/www.xaption.de\/wp-content\/uploads\/XMCC_box_309x517-e1591361843850-75x125.png 75w\" sizes=\"auto, (max-width: 297px) 100vw, 297px\" \/><\/a>\n\t\t<\/figure>\n\t<\/div>\n<div class=\"heading  default align-center color-black subcolor-main transform-default icon-type-default heading-tag-h5\" id=\"like_sc_header_1097517820\"><a href=\"\/en\/xmcc-nachrichten-cockpit\/\"><h5 class=\"header ltx-sr-id-like_sc_header_10975178201349481731 ltx-sr ltx-sr-effect-fade_in ltx-sr-el-block ltx-sr-delay-0 ltx-sr-duration-1000 ltx-sr-sequences-0\">XMCC - Messages Cockpit<\/h5><\/a><\/div><\/div><\/div><\/div><div class=\"wpb_column vc_column_container vc_col-sm-4\"><div class=\"vc_column-inner\"><div class=\"wpb_wrapper\">\n\t<div  class=\"wpb_single_image wpb_content_element vc_align_center  wpb_animate_when_almost_visible wpb_appear appear\">\n\t\t\n\t\t<figure class=\"wpb_wrapper vc_figure\">\n\t\t\t<a href=\"\/en\/xprc-produktions-cockpit\/\" target=\"_self\" class=\"vc_single_image-wrapper   vc_box_border_grey\"><img loading=\"lazy\" decoding=\"async\" width=\"297\" height=\"497\" src=\"https:\/\/www.xaption.de\/wp-content\/uploads\/XPRC_box_309x519-e1591359586247.png\" class=\"vc_single_image-img attachment-full\" alt=\"\" srcset=\"https:\/\/www.xaption.de\/wp-content\/uploads\/XPRC_box_309x519-e1591359586247.png 297w, https:\/\/www.xaption.de\/wp-content\/uploads\/XPRC_box_309x519-e1591359586247-179x300.png 179w, https:\/\/www.xaption.de\/wp-content\/uploads\/XPRC_box_309x519-e1591359586247-75x125.png 75w\" sizes=\"auto, (max-width: 297px) 100vw, 297px\" \/><\/a>\n\t\t<\/figure>\n\t<\/div>\n<div class=\"heading  default align-center color-black subcolor-main transform-default icon-type-default heading-tag-h5\" id=\"like_sc_header_1923289528\"><a href=\"\/en\/xprc-produktions-cockpit\/\"><h5 class=\"header ltx-sr-id-like_sc_header_19232895281240201874 ltx-sr ltx-sr-effect-fade_in ltx-sr-el-block ltx-sr-delay-0 ltx-sr-duration-1000 ltx-sr-sequences-0\">XPRC - Production Cockpit<\/h5><\/a><\/div><\/div><\/div><\/div><div class=\"wpb_column vc_column_container vc_col-sm-4\"><div class=\"vc_column-inner\"><div class=\"wpb_wrapper\">\n\t<div  class=\"wpb_single_image wpb_content_element vc_align_center  wpb_animate_when_almost_visible wpb_appear appear\">\n\t\t\n\t\t<figure class=\"wpb_wrapper vc_figure\">\n\t\t\t<a href=\"\/en\/xipp-interner-bestellprozess\/\" target=\"_self\" class=\"vc_single_image-wrapper   vc_box_border_grey\"><img loading=\"lazy\" decoding=\"async\" width=\"297\" height=\"497\" src=\"https:\/\/www.xaption.de\/wp-content\/uploads\/XIPP_box_309x517-e1591361540527.png\" class=\"vc_single_image-img attachment-full\" alt=\"\" srcset=\"https:\/\/www.xaption.de\/wp-content\/uploads\/XIPP_box_309x517-e1591361540527.png 297w, https:\/\/www.xaption.de\/wp-content\/uploads\/XIPP_box_309x517-e1591361540527-179x300.png 179w, https:\/\/www.xaption.de\/wp-content\/uploads\/XIPP_box_309x517-e1591361540527-75x125.png 75w\" sizes=\"auto, (max-width: 297px) 100vw, 297px\" \/><\/a>\n\t\t<\/figure>\n\t<\/div>\n<div class=\"heading  default align-center color-black subcolor-main transform-default icon-type-default heading-tag-h5\" id=\"like_sc_header_591718313\"><a href=\"\/en\/xipp-interner-bestellprozess\/\"><h5 class=\"header ltx-sr-id-like_sc_header_591718313490937571 ltx-sr ltx-sr-effect-fade_in ltx-sr-el-block ltx-sr-delay-0 ltx-sr-duration-1000 ltx-sr-sequences-0\">XIPP - Internal Order Process<\/h5><\/a><\/div><\/div><\/div><\/div><\/div>","protected":false},"excerpt":{"rendered":"XPAM \u2013 Partner Cockpit Leistungsmerkmale ein voll integriertes Add-On im ERP-System zur Absicherung Stammdatenpflege Rollenbasiert Mehrsprachigkeit\u00a0 Freigabemechanismus mit E-Mail Benachrichtigungen ein absolutes flexibles Werkzeug f\u00fcr den Stammdaten-\u00c4nderungsprozess geeignet f\u00fcr die unterschiedlichsten Anforderungen ohne Software-Anpassungen Arbeitsvorr\u00e4te statt SAP-Workflow Kategorie: Logistik und Transport BeschreibungBeschreibung Ein SAP-AddOn zur Stammdatenverwaltung von Gesch\u00e4ftspartnern (Lieferanten, \u2026)\u00a0 Stammdaten von Gesch\u00e4ftspartnern wie Lieferanten und Kunden, sind wichtige Datenbest\u00e4nde eines Unternehmens, auf denen zahlreiche Prozesse basieren. Falsche Gesch\u00e4ftspartner-Stammdaten f\u00fchren zu falschen Prozessen.\u00a0\u00a0 Im Hinblick auf SOX ist eine l\u00fcckenlose Dokumentation sinnvoll. Aus dieser muss hervorgehen, wer wann welche \u00c4nderung beantragt hat und wie diese freigegeben wurde.\u00a0 XPAM besteht aus einem einzigen intelligenten Report, der die Arbeitsvorr\u00e4te der \u00c4nderungsantr\u00e4ge \u00fcbersichtlich darstellt. Alle \u00c4nderungsantr\u00e4ge die der aktuelle Anwender selbst gestellt hat Alle \u00c4nderungsantr\u00e4ge die in einem Prozessschritt stehen Alle \u00c4nderungsantr\u00e4ge f\u00fcr die der aktuelle Anwender die Genehmigungs-Kompetenz besitzt\u00a0 Die Implementierung erfolgte \u00fcber das bew\u00e4hrte Model-View-Controller Paradigma sehr modular, wodurch Wartungsaufw\u00e4nde deutlich [...]","protected":false},"author":1,"featured_media":0,"parent":0,"menu_order":3,"comment_status":"closed","ping_status":"closed","template":"","meta":{"footnotes":""},"class_list":["post-9142","page","type-page","status-publish","hentry"],"aioseo_notices":[],"_links":{"self":[{"href":"https:\/\/www.xaption.de\/en\/wp-json\/wp\/v2\/pages\/9142","targetHints":{"allow":["GET"]}}],"collection":[{"href":"https:\/\/www.xaption.de\/en\/wp-json\/wp\/v2\/pages"}],"about":[{"href":"https:\/\/www.xaption.de\/en\/wp-json\/wp\/v2\/types\/page"}],"author":[{"embeddable":true,"href":"https:\/\/www.xaption.de\/en\/wp-json\/wp\/v2\/users\/1"}],"replies":[{"embeddable":true,"href":"https:\/\/www.xaption.de\/en\/wp-json\/wp\/v2\/comments?post=9142"}],"version-history":[{"count":19,"href":"https:\/\/www.xaption.de\/en\/wp-json\/wp\/v2\/pages\/9142\/revisions"}],"predecessor-version":[{"id":10632,"href":"https:\/\/www.xaption.de\/en\/wp-json\/wp\/v2\/pages\/9142\/revisions\/10632"}],"wp:attachment":[{"href":"https:\/\/www.xaption.de\/en\/wp-json\/wp\/v2\/media?parent=9142"}],"curies":[{"name":"wp","href":"https:\/\/api.w.org\/{rel}","templated":true}]}}