{"id":9144,"date":"2020-06-05T14:34:31","date_gmt":"2020-06-05T12:34:31","guid":{"rendered":"http:\/\/test.xaption.de\/?page_id=9144"},"modified":"2020-11-04T15:51:18","modified_gmt":"2020-11-04T14:51:18","slug":"xmcc-nachrichten-cockpit","status":"publish","type":"page","link":"https:\/\/www.xaption.de\/en\/xmcc-nachrichten-cockpit\/","title":{"rendered":"XMCC - Messages Cockpit"},"content":{"rendered":"<div class=\"vc_row wpb_row vc_row-fluid\"><div class=\"wpb_column vc_column_container vc_col-sm-6\"><div class=\"vc_column-inner\"><div class=\"wpb_wrapper\">\n\t<div  class=\"wpb_single_image wpb_content_element vc_align_center\">\n\t\t\n\t\t<figure class=\"wpb_wrapper vc_figure\">\n\t\t\t<div class=\"vc_single_image-wrapper   vc_box_border_grey\"><img loading=\"lazy\" decoding=\"async\" width=\"297\" height=\"497\" src=\"https:\/\/www.xaption.de\/wp-content\/uploads\/XMCC_box_309x517-e1591361843850.png\" class=\"vc_single_image-img attachment-full\" alt=\"\" srcset=\"https:\/\/www.xaption.de\/wp-content\/uploads\/XMCC_box_309x517-e1591361843850.png 297w, https:\/\/www.xaption.de\/wp-content\/uploads\/XMCC_box_309x517-e1591361843850-179x300.png 179w, https:\/\/www.xaption.de\/wp-content\/uploads\/XMCC_box_309x517-e1591361843850-75x125.png 75w\" sizes=\"auto, (max-width: 297px) 100vw, 297px\" \/><\/div>\n\t\t<\/figure>\n\t<\/div>\n<\/div><\/div><\/div><div class=\"wpb_column vc_column_container vc_col-sm-6\"><div class=\"vc_column-inner\"><div class=\"wpb_wrapper\">\n\t<div class=\"wpb_text_column wpb_content_element\" >\n\t\t<div class=\"wpb_wrapper\">\n\t\t\t<h3 class=\"product_title entry-title\">XMCC - Messages Cockpit<\/h3>\n<div class=\"woocommerce-product-details__short-description\">\n<p><strong><span class=\"text-lg\">Features<\/span><\/strong><\/p>\n<ul>\n<li><span class=\"text-lg\">a fully integrated SAP add-on in the ERP system for the approval process<\/span><\/li>\n<li><span class=\"text-lg\">User group-based authorization check<\/span><\/li>\n<li><span class=\"text-lg\">Role-based authorization check<\/span><\/li>\n<li><span class=\"text-lg\">Integration in output processing (print programs)<\/span><\/li>\n<li><span class=\"text-lg\">an absolutely flexible tool for the approval process<\/span><\/li>\n<li><span class=\"text-lg\">suitable for the most diverse requirements without software adaptations<\/span><\/li>\n<li><span class=\"text-lg\">Worklists instead of SAP workflow<\/span><\/li>\n<\/ul>\n<p><span class=\"text-lg\"><strong>Category:<\/strong> <a href=\"\/en\/logistik-und-transport\/\" rel=\"tag\">Logistics<\/a><\/span><\/p>\n<\/div>\n\n\t\t<\/div>\n\t<\/div>\n<div class=\"es-resp\">\t<div class=\"visible-xl\" style=\"height: 64px;\"><\/div>\t<div class=\"hidden-xl hidden-md hidden-sm hidden-ms hidden-xs\" style=\"height: 64px;\"><\/div>\t<div class=\"visible-md\" style=\"height: 64px;\"><\/div>\t<div class=\"visible-sm\" style=\"height: 64px;\"><\/div>\t<div class=\"visible-ms\" style=\"height: 32px;\"><\/div>\t<div class=\"visible-xs\" style=\"height: 32px;\"><\/div><\/div><\/div><\/div><\/div><\/div><div class=\"vc_row wpb_row vc_row-fluid\"><div class=\"wpb_column vc_column_container vc_col-sm-12\"><div class=\"vc_column-inner\"><div class=\"wpb_wrapper\"><div class=\"vc_tta-container\" data-vc-action=\"collapse\"><div class=\"vc_general vc_tta vc_tta-tabs vc_tta-color-grey vc_tta-style-classic vc_tta-shape-rounded vc_tta-spacing-1 vc_tta-tabs-position-top vc_tta-controls-align-left\"><div class=\"vc_tta-tabs-container\"><ul class=\"vc_tta-tabs-list\"><li class=\"vc_tta-tab vc_active\" data-vc-tab><a href=\"#1591705917583-cc4f1719-0a9b\" data-vc-tabs data-vc-container=\".vc_tta\"><span class=\"vc_tta-title-text\">Description<\/span><\/a><\/li><\/ul><\/div><div class=\"vc_tta-panels-container\"><div class=\"vc_tta-panels\"><div class=\"vc_tta-panel vc_active\" id=\"1591705917583-cc4f1719-0a9b\" data-vc-content=\".vc_tta-panel-body\"><div class=\"vc_tta-panel-heading\"><h4 class=\"vc_tta-panel-title\"><a href=\"#1591705917583-cc4f1719-0a9b\" data-vc-accordion data-vc-container=\".vc_tta-container\"><span class=\"vc_tta-title-text\">Description<\/span><\/a><\/h4><\/div><div class=\"vc_tta-panel-body\">\n\t<div class=\"wpb_text_column wpb_content_element\" >\n\t\t<div class=\"wpb_wrapper\">\n\t\t\t<p><strong><span class=\"text-lg\">An SAP add-on for release and management of SAP Message Control messages<\/span><\/strong><\/p>\n<p><span class=\"text-lg\">Worklists instead of SAP workflow<\/span><\/p>\n<p><span class=\"text-lg\">An ordered overview of all processes assigned to the current user provides a better ergonomic working basis than the mechanisms of SAP workflow. For this reason, XMCC essentially consists of a single intelligent report that clearly displays the worklists.<\/span><\/p>\n<p><span class=\"text-lg\">Included in the worklist are<\/span><\/p>\n<ul>\n<li><span class=\"text-lg\">All messages that the current user is allowed to release<\/span><\/li>\n<li><span class=\"text-lg\">All messages that the current user may output<\/span><\/li>\n<\/ul>\n<p><span class=\"text-lg\"><span class=\"Apple-converted-space\">When implementing XMCC, the focus was on creating a highly flexible tool for the approval process, which can be used for a wide range of requirements without software adjustments. <\/span><\/span><\/p>\n<p><span class=\"text-lg\">The implementation was carried out using the proven Model-View-Controller paradigm in a highly modular way, which significantly reduces maintenance efforts.\u00a0<\/span><\/p>\n\n\t\t<\/div>\n\t<\/div>\n<\/div><\/div><\/div><\/div><\/div><\/div><\/div><\/div><\/div><\/div><div class=\"vc_row wpb_row vc_row-fluid\"><div class=\"wpb_column vc_column_container vc_col-sm-12\"><div class=\"vc_column-inner\"><div class=\"wpb_wrapper\"><div class=\"es-resp\">\t<div class=\"visible-xl\" style=\"height: 64px;\"><\/div>\t<div class=\"hidden-xl hidden-md hidden-sm hidden-ms hidden-xs\" style=\"height: 64px;\"><\/div>\t<div class=\"visible-md\" style=\"height: 64px;\"><\/div>\t<div class=\"visible-sm\" style=\"height: 64px;\"><\/div>\t<div class=\"visible-ms\" style=\"height: 32px;\"><\/div>\t<div class=\"visible-xs\" style=\"height: 32px;\"><\/div><\/div><div class=\"btn-wrap align-center\"><a href=\"mailto:info@xaption.de?subject=XMCC\"  class=\"btn  btn-default color-hover-default align-center\" id=\"like_sc_button_255328747\">Send request or arrange a free web demo<\/a><\/div><div class=\"es-resp\">\t<div class=\"visible-xl\" style=\"height: 64px;\"><\/div>\t<div class=\"hidden-xl hidden-md hidden-sm hidden-ms hidden-xs\" style=\"height: 64px;\"><\/div>\t<div class=\"visible-md\" style=\"height: 64px;\"><\/div>\t<div class=\"visible-sm\" style=\"height: 64px;\"><\/div>\t<div class=\"visible-ms\" style=\"height: 32px;\"><\/div>\t<div class=\"visible-xs\" style=\"height: 32px;\"><\/div><\/div><div class=\"btn-wrap align-center\"><a href=\"\/en\/faq-xmcc\/\"  class=\"btn  btn-default color-hover-default align-center\" id=\"like_sc_button_145424880\">FAQ - XMCC<\/a><\/div><\/div><\/div><\/div><\/div><div class=\"vc_row wpb_row vc_row-fluid\"><div class=\"wpb_column vc_column_container vc_col-sm-12\"><div class=\"vc_column-inner\"><div class=\"wpb_wrapper\"><div class=\"heading  default align-center color-black subcolor-main transform-default icon-type-default heading-tag-h3\" id=\"like_sc_header_1776492737\"><h3 class=\"header ltx-sr-id-like_sc_header_1776492737564907520 ltx-sr ltx-sr-effect-fade_in ltx-sr-el-block ltx-sr-delay-0 ltx-sr-duration-1000 ltx-sr-sequences-0\">Other SAP Add-ons<\/h3><\/div><div class=\"es-resp\">\t<div class=\"visible-xl\" style=\"height: 64px;\"><\/div>\t<div class=\"hidden-xl hidden-md hidden-sm hidden-ms hidden-xs\" style=\"height: 64px;\"><\/div>\t<div class=\"visible-md\" style=\"height: 64px;\"><\/div>\t<div class=\"visible-sm\" style=\"height: 64px;\"><\/div>\t<div class=\"visible-ms\" style=\"height: 32px;\"><\/div>\t<div class=\"visible-xs\" style=\"height: 32px;\"><\/div><\/div><\/div><\/div><\/div><\/div><div class=\"vc_row wpb_row vc_row-fluid\"><div class=\"wpb_column vc_column_container vc_col-sm-4\"><div class=\"vc_column-inner\"><div class=\"wpb_wrapper\">\n\t<div  class=\"wpb_single_image wpb_content_element vc_align_center  wpb_animate_when_almost_visible wpb_appear appear\">\n\t\t\n\t\t<figure class=\"wpb_wrapper vc_figure\">\n\t\t\t<a href=\"\/en\/xpam-partner-cockpit\/\" target=\"_self\" class=\"vc_single_image-wrapper   vc_box_border_grey\"><\/a>\n\t\t<\/figure>\n\t<\/div>\n<div class=\"heading  default align-center color-black subcolor-main transform-default icon-type-default heading-tag-h5\" id=\"like_sc_header_985983269\"><a href=\"\/en\/xpam-partner-cockpit\/\"><h5 class=\"header ltx-sr-id-like_sc_header_9859832692023713182 ltx-sr ltx-sr-effect-fade_in ltx-sr-el-block ltx-sr-delay-0 ltx-sr-duration-1000 ltx-sr-sequences-0\">XPAM \u2013 Partner Cockpit<\/h5><\/a><\/div><\/div><\/div><\/div><div class=\"wpb_column vc_column_container vc_col-sm-4\"><div class=\"vc_column-inner\"><div class=\"wpb_wrapper\">\n\t<div  class=\"wpb_single_image wpb_content_element vc_align_center  wpb_animate_when_almost_visible wpb_appear appear\">\n\t\t\n\t\t<figure class=\"wpb_wrapper vc_figure\">\n\t\t\t<a href=\"\/en\/xprc-produktions-cockpit\/\" target=\"_self\" class=\"vc_single_image-wrapper   vc_box_border_grey\"><img loading=\"lazy\" decoding=\"async\" width=\"297\" height=\"497\" src=\"https:\/\/www.xaption.de\/wp-content\/uploads\/XPRC_box_309x519-e1591359586247.png\" class=\"vc_single_image-img attachment-full\" alt=\"\" srcset=\"https:\/\/www.xaption.de\/wp-content\/uploads\/XPRC_box_309x519-e1591359586247.png 297w, https:\/\/www.xaption.de\/wp-content\/uploads\/XPRC_box_309x519-e1591359586247-179x300.png 179w, https:\/\/www.xaption.de\/wp-content\/uploads\/XPRC_box_309x519-e1591359586247-75x125.png 75w\" sizes=\"auto, (max-width: 297px) 100vw, 297px\" \/><\/a>\n\t\t<\/figure>\n\t<\/div>\n<div class=\"heading  default align-center color-black subcolor-main transform-default icon-type-default heading-tag-h5\" id=\"like_sc_header_1231992169\"><a href=\"\/en\/xprc-produktions-cockpit\/\"><h5 class=\"header ltx-sr-id-like_sc_header_12319921691272995357 ltx-sr ltx-sr-effect-fade_in ltx-sr-el-block ltx-sr-delay-0 ltx-sr-duration-1000 ltx-sr-sequences-0\">XPRC - Production Cockpit<\/h5><\/a><\/div><\/div><\/div><\/div><div class=\"wpb_column vc_column_container vc_col-sm-4\"><div class=\"vc_column-inner\"><div class=\"wpb_wrapper\">\n\t<div  class=\"wpb_single_image wpb_content_element vc_align_center  wpb_animate_when_almost_visible wpb_appear appear\">\n\t\t\n\t\t<figure class=\"wpb_wrapper vc_figure\">\n\t\t\t<a href=\"\/en\/xipp-interner-bestellprozess\/\" target=\"_self\" class=\"vc_single_image-wrapper   vc_box_border_grey\"><img loading=\"lazy\" decoding=\"async\" width=\"297\" height=\"497\" src=\"https:\/\/www.xaption.de\/wp-content\/uploads\/XIPP_box_309x517-e1591361540527.png\" class=\"vc_single_image-img attachment-full\" alt=\"\" srcset=\"https:\/\/www.xaption.de\/wp-content\/uploads\/XIPP_box_309x517-e1591361540527.png 297w, https:\/\/www.xaption.de\/wp-content\/uploads\/XIPP_box_309x517-e1591361540527-179x300.png 179w, https:\/\/www.xaption.de\/wp-content\/uploads\/XIPP_box_309x517-e1591361540527-75x125.png 75w\" sizes=\"auto, (max-width: 297px) 100vw, 297px\" \/><\/a>\n\t\t<\/figure>\n\t<\/div>\n<div class=\"heading  default align-center color-black subcolor-main transform-default icon-type-default heading-tag-h5\" id=\"like_sc_header_1813909877\"><a href=\"\/en\/xipp-interner-bestellprozess\/\"><h5 class=\"header ltx-sr-id-like_sc_header_18139098771400835012 ltx-sr ltx-sr-effect-fade_in ltx-sr-el-block ltx-sr-delay-0 ltx-sr-duration-1000 ltx-sr-sequences-0\">XIPP - Internal Order Process<\/h5><\/a><\/div><\/div><\/div><\/div><\/div>","protected":false},"excerpt":{"rendered":"XMCC Nachrichten-Cockpit Leistungsmerkmale ein voll integriertes SAP Add-On im ERP-System f\u00fcr den Genehmigungsprozess Benutzergruppen-basierte Berechtigungspr\u00fcfung Rollenbasierte Berechtigungspr\u00fcfung Integration in die Nachrichtenverarbeitung (Druckprogramme) ein absolutes flexibles Werkzeug f\u00fcr den Genehmigungsprozess geeignet f\u00fcr die unterschiedlichsten Anforderungen ohne Software-Anpassungen Arbeitsvorr\u00e4te statt SAP-Workflow Kategorie: Logistik und Transport BeschreibungBeschreibung Ein SAP-Add-On\u00a0f\u00fcr Freigabe und Verwaltung von Nachrichten der SAP-Nachrichtensteuerung Arbeitsvorr\u00e4te statt SAP-Workflow Eine geordnete \u00dcbersicht \u00fcber alle dem aktuellen Anwender zugeordneten Vorg\u00e4nge bildet eine bessere ergonomischere Arbeitsgrundlage als die Mechanismen des SAP-Workflow. Aus diesem Grund besteht XMCC im Wesentlichen aus einem einzigen intelligenten Report, der die Arbeitsvorr\u00e4te \u00fcbersichtlich darstellt. Im Arbeitsvorrat sind enthalten: Alle Nachrichten die der aktuelle Anwender freigeben\u00a0darf Alle Nachrichten die der aktuelle Anwender ausgeben\u00a0darf Bei der Realisierung von XMCC lag der Fokus darin, ein in h\u00f6chstem Ma\u00dfe flexibles Werkzeug f\u00fcr den Genehmigungsprozess zu erschaffen, welches f\u00fcr unterschiedlichste Erfordernisse ohne Software-Anpassungen verwendet werden kann. Die Implementierung erfolgte \u00fcber das bew\u00e4hrte Model-View-Controller Paradigma ausgesprochen modular, [...]","protected":false},"author":1,"featured_media":0,"parent":0,"menu_order":17,"comment_status":"closed","ping_status":"closed","template":"","meta":{"footnotes":""},"class_list":["post-9144","page","type-page","status-publish","hentry"],"aioseo_notices":[],"_links":{"self":[{"href":"https:\/\/www.xaption.de\/en\/wp-json\/wp\/v2\/pages\/9144","targetHints":{"allow":["GET"]}}],"collection":[{"href":"https:\/\/www.xaption.de\/en\/wp-json\/wp\/v2\/pages"}],"about":[{"href":"https:\/\/www.xaption.de\/en\/wp-json\/wp\/v2\/types\/page"}],"author":[{"embeddable":true,"href":"https:\/\/www.xaption.de\/en\/wp-json\/wp\/v2\/users\/1"}],"replies":[{"embeddable":true,"href":"https:\/\/www.xaption.de\/en\/wp-json\/wp\/v2\/comments?post=9144"}],"version-history":[{"count":23,"href":"https:\/\/www.xaption.de\/en\/wp-json\/wp\/v2\/pages\/9144\/revisions"}],"predecessor-version":[{"id":10559,"href":"https:\/\/www.xaption.de\/en\/wp-json\/wp\/v2\/pages\/9144\/revisions\/10559"}],"wp:attachment":[{"href":"https:\/\/www.xaption.de\/en\/wp-json\/wp\/v2\/media?parent=9144"}],"curies":[{"name":"wp","href":"https:\/\/api.w.org\/{rel}","templated":true}]}}