{"id":9159,"date":"2020-06-05T15:29:04","date_gmt":"2020-06-05T13:29:04","guid":{"rendered":"http:\/\/test.xaption.de\/?page_id=9159"},"modified":"2020-11-04T15:49:21","modified_gmt":"2020-11-04T14:49:21","slug":"xemail-adresspruefung","status":"publish","type":"page","link":"https:\/\/www.xaption.de\/en\/xemail-adresspruefung\/","title":{"rendered":"XEMAIL - Email address check"},"content":{"rendered":"<div class=\"vc_row wpb_row vc_row-fluid\"><div class=\"wpb_column vc_column_container vc_col-sm-6\"><div class=\"vc_column-inner\"><div class=\"wpb_wrapper\">\n\t<div  class=\"wpb_single_image wpb_content_element vc_align_center\">\n\t\t\n\t\t<figure class=\"wpb_wrapper vc_figure\">\n\t\t\t<div class=\"vc_single_image-wrapper   vc_box_border_grey\"><img loading=\"lazy\" decoding=\"async\" width=\"297\" height=\"497\" src=\"https:\/\/www.xaption.de\/wp-content\/uploads\/XEMAIL_box_309x517-e1591364430292.png\" class=\"vc_single_image-img attachment-full\" alt=\"\" srcset=\"https:\/\/www.xaption.de\/wp-content\/uploads\/XEMAIL_box_309x517-e1591364430292.png 297w, https:\/\/www.xaption.de\/wp-content\/uploads\/XEMAIL_box_309x517-e1591364430292-179x300.png 179w, https:\/\/www.xaption.de\/wp-content\/uploads\/XEMAIL_box_309x517-e1591364430292-75x125.png 75w\" sizes=\"auto, (max-width: 297px) 100vw, 297px\" \/><\/div>\n\t\t<\/figure>\n\t<\/div>\n<\/div><\/div><\/div><div class=\"wpb_column vc_column_container vc_col-sm-6\"><div class=\"vc_column-inner\"><div class=\"wpb_wrapper\">\n\t<div class=\"wpb_text_column wpb_content_element\" >\n\t\t<div class=\"wpb_wrapper\">\n\t\t\t<h3 class=\"product_title entry-title\">XEMAIL - Email address check<\/h3>\n<div class=\"woocommerce-product-details__short-description\">\n<p><span class=\"text-lg\"><b>Features\u00a0<\/b><\/span><\/p>\n<ul>\n<li><span class=\"text-lg\">checks e-mail addresses for deliverability without sending an e-mail<\/span><\/li>\n<li><span class=\"text-lg\">is integrated in the master data maintenance of<\/span>\n<ul>\n<li style=\"list-style-type: none;\">\n<ul>\n<li><span class=\"text-lg\">Debtors and creditors<\/span><\/li>\n<li><span class=\"text-lg\">Business partners and persons<span class=\"Apple-converted-space\">\u00a0<\/span><\/span><\/li>\n<li><span class=\"text-lg\">during operation with other processes for example SAP message control<span class=\"Apple-converted-space\">\u00a0<\/span><\/span><\/li>\n<\/ul>\n<\/li>\n<\/ul>\n<\/li>\n<li><span class=\"text-lg\">is cloud-based<span class=\"Apple-converted-space\">\u00a0<\/span><\/span><\/li>\n<li><span class=\"text-lg\">Logs check requests in database tables in your SAP system<span class=\"Apple-converted-space\">\u00a0<\/span><\/span><\/li>\n<li><span class=\"text-lg\">Positive test results have an adjustable validity period<span class=\"Apple-converted-space\">\u00a0<\/span><\/span><\/li>\n<\/ul>\n<p><strong style=\"font-size: 18px;\">Category: <\/strong><a style=\"font-size: 18px;\" href=\"\/en\/product-category\/sap-add-ons\/tools\/\" rel=\"tag\">Tools<\/a><\/p>\n<\/div>\n\n\t\t<\/div>\n\t<\/div>\n<\/div><\/div><\/div><\/div><div class=\"vc_row wpb_row vc_row-fluid\"><div class=\"wpb_column vc_column_container vc_col-sm-12\"><div class=\"vc_column-inner\"><div class=\"wpb_wrapper\"><div class=\"vc_tta-container\" data-vc-action=\"collapse\"><div class=\"vc_general vc_tta vc_tta-tabs vc_tta-color-grey vc_tta-style-classic vc_tta-shape-rounded vc_tta-spacing-1 vc_tta-tabs-position-top vc_tta-controls-align-left\"><div class=\"vc_tta-tabs-container\"><ul class=\"vc_tta-tabs-list\"><li class=\"vc_tta-tab vc_active\" data-vc-tab><a href=\"#1591789247868-e51325af-2346\" data-vc-tabs data-vc-container=\".vc_tta\"><span class=\"vc_tta-title-text\">Description<\/span><\/a><\/li><\/ul><\/div><div class=\"vc_tta-panels-container\"><div class=\"vc_tta-panels\"><div class=\"vc_tta-panel vc_active\" id=\"1591789247868-e51325af-2346\" data-vc-content=\".vc_tta-panel-body\"><div class=\"vc_tta-panel-heading\"><h4 class=\"vc_tta-panel-title\"><a href=\"#1591789247868-e51325af-2346\" data-vc-accordion data-vc-container=\".vc_tta-container\"><span class=\"vc_tta-title-text\">Description<\/span><\/a><\/h4><\/div><div class=\"vc_tta-panel-body\">\n\t<div class=\"wpb_text_column wpb_content_element\" >\n\t\t<div class=\"wpb_wrapper\">\n\t\t\t<p><span class=\"text-lg\"><b>An SAP add-on for checking any e-mail addresses via the chk.email check service<\/b><\/span><\/p>\n<p><span class=\"text-lg\">XEMAIL is our first cloud-based inspection service that we have implemented in our new XCHK architecture.<\/span><\/p>\n<p><span class=\"text-lg\"><strong>Requirements:\u00a0<\/strong>Connection of the XCHK Cloud Server via RFC destination with encrypted data transfer (HTTPS).<span class=\"Apple-converted-space\">\u00a0<\/span><\/span><\/p>\n<p><span class=\"text-lg\">XEMAIL comes with 5 enhancement implementations that automatically integrate XEMAIL into the central address management. Thus, if an e-mail address is entered or changed somewhere during master data or document maintenance, XEMAIL jumps to the e-mail address and carries out the check.<span class=\"Apple-converted-space\">\u00a0<\/span><\/span><span class=\"text-lg\">All software components of XCHK and XEMAIL are located in the Xaption namespace and can therefore be easily imported into any SAP ERP landscape.<span class=\"Apple-converted-space\">\u00a0<\/span><\/span><\/p>\n<p><span class=\"text-lg\">The delivery takes place in the form of an e-mail with transport orders in which the current version number and a list of changes are recorded. The installation is carried out with the standard SAP tools.<span class=\"Apple-converted-space\">\u00a0<\/span><\/span><\/p>\n\n\t\t<\/div>\n\t<\/div>\n<\/div><\/div><\/div><\/div><\/div><\/div><\/div><\/div><\/div><\/div><div class=\"vc_row wpb_row vc_row-fluid\"><div class=\"wpb_column vc_column_container vc_col-sm-12\"><div class=\"vc_column-inner\"><div class=\"wpb_wrapper\"><div class=\"heading  default align-center color-black subcolor-main transform-default icon-type-default heading-tag-h3\" id=\"like_sc_header_358247427\"><h3 class=\"header ltx-sr-id-like_sc_header_35824742721047951 ltx-sr ltx-sr-effect-fade_in ltx-sr-el-block ltx-sr-delay-0 ltx-sr-duration-1000 ltx-sr-sequences-0\">Architecture<\/h3><\/div><div class=\"es-resp\">\t<div class=\"visible-xl\" style=\"height: 64px;\"><\/div>\t<div class=\"hidden-xl hidden-md hidden-sm hidden-ms hidden-xs\" style=\"height: 64px;\"><\/div>\t<div class=\"visible-md\" style=\"height: 64px;\"><\/div>\t<div class=\"visible-sm\" style=\"height: 64px;\"><\/div>\t<div class=\"visible-ms\" style=\"height: 32px;\"><\/div>\t<div class=\"visible-xs\" style=\"height: 32px;\"><\/div><\/div>\n\t<div  class=\"wpb_single_image wpb_content_element vc_align_center\">\n\t\t\n\t\t<figure class=\"wpb_wrapper vc_figure\">\n\t\t\t<div class=\"vc_single_image-wrapper   vc_box_border_grey\"><img loading=\"lazy\" decoding=\"async\" width=\"1024\" height=\"788\" src=\"https:\/\/www.xaption.de\/wp-content\/uploads\/Bildschirmfoto-2020-08-04-um-13.48.45-1024x788.png\" class=\"vc_single_image-img attachment-large\" alt=\"\" srcset=\"https:\/\/www.xaption.de\/wp-content\/uploads\/Bildschirmfoto-2020-08-04-um-13.48.45-1024x788.png 1024w, https:\/\/www.xaption.de\/wp-content\/uploads\/Bildschirmfoto-2020-08-04-um-13.48.45-300x231.png 300w, https:\/\/www.xaption.de\/wp-content\/uploads\/Bildschirmfoto-2020-08-04-um-13.48.45-768x591.png 768w, https:\/\/www.xaption.de\/wp-content\/uploads\/Bildschirmfoto-2020-08-04-um-13.48.45-1536x1181.png 1536w, https:\/\/www.xaption.de\/wp-content\/uploads\/Bildschirmfoto-2020-08-04-um-13.48.45-340x261.png 340w, https:\/\/www.xaption.de\/wp-content\/uploads\/Bildschirmfoto-2020-08-04-um-13.48.45-600x461.png 600w, https:\/\/www.xaption.de\/wp-content\/uploads\/Bildschirmfoto-2020-08-04-um-13.48.45-125x96.png 125w, https:\/\/www.xaption.de\/wp-content\/uploads\/Bildschirmfoto-2020-08-04-um-13.48.45.png 2018w\" sizes=\"auto, (max-width: 1024px) 100vw, 1024px\" \/><\/div>\n\t\t<\/figure>\n\t<\/div>\n<div class=\"es-resp\">\t<div class=\"visible-xl\" style=\"height: 64px;\"><\/div>\t<div class=\"hidden-xl hidden-md hidden-sm hidden-ms hidden-xs\" style=\"height: 64px;\"><\/div>\t<div class=\"visible-md\" style=\"height: 64px;\"><\/div>\t<div class=\"visible-sm\" style=\"height: 64px;\"><\/div>\t<div class=\"visible-ms\" style=\"height: 32px;\"><\/div>\t<div class=\"visible-xs\" style=\"height: 32px;\"><\/div><\/div><\/div><\/div><\/div><\/div><div class=\"vc_row wpb_row vc_row-fluid\"><div class=\"wpb_column vc_column_container vc_col-sm-12\"><div class=\"vc_column-inner\"><div class=\"wpb_wrapper\"><div class=\"btn-wrap align-center\"><a href=\"mailto:info@xaption.de?subject=XEMAIL\"  class=\"btn  btn-default color-hover-default align-center\" id=\"like_sc_button_827354898\">Send request or arrange a free web demo<\/a><\/div><\/div><\/div><\/div><\/div><div class=\"vc_row wpb_row vc_row-fluid\"><div class=\"wpb_column vc_column_container vc_col-sm-12\"><div class=\"vc_column-inner\"><div class=\"wpb_wrapper\"><div class=\"heading  default align-center color-black subcolor-main transform-default icon-type-default heading-tag-h3\" id=\"like_sc_header_1480706390\"><h3 class=\"header ltx-sr-id-like_sc_header_14807063901720290947 ltx-sr ltx-sr-effect-fade_in ltx-sr-el-block ltx-sr-delay-0 ltx-sr-duration-1000 ltx-sr-sequences-0\">Other SAP Add-ons<\/h3><\/div><div class=\"es-resp\">\t<div class=\"visible-xl\" style=\"height: 64px;\"><\/div>\t<div class=\"hidden-xl hidden-md hidden-sm hidden-ms hidden-xs\" style=\"height: 64px;\"><\/div>\t<div class=\"visible-md\" style=\"height: 64px;\"><\/div>\t<div class=\"visible-sm\" style=\"height: 64px;\"><\/div>\t<div class=\"visible-ms\" style=\"height: 32px;\"><\/div>\t<div class=\"visible-xs\" style=\"height: 32px;\"><\/div><\/div><\/div><\/div><\/div><\/div><div class=\"vc_row wpb_row vc_row-fluid\"><div class=\"wpb_column vc_column_container vc_col-sm-4\"><div class=\"vc_column-inner\"><div class=\"wpb_wrapper\">\n\t<div  class=\"wpb_single_image wpb_content_element vc_align_center  wpb_animate_when_almost_visible wpb_appear appear\">\n\t\t\n\t\t<figure class=\"wpb_wrapper vc_figure\">\n\t\t\t<a href=\"\/en\/xted-grafischer-texteditor\/\" target=\"_self\" class=\"vc_single_image-wrapper   vc_box_border_grey\"><img loading=\"lazy\" decoding=\"async\" width=\"296\" height=\"497\" src=\"https:\/\/www.xaption.de\/wp-content\/uploads\/XTED_box_309x518-e1591363506815.png\" class=\"vc_single_image-img attachment-full\" alt=\"\" srcset=\"https:\/\/www.xaption.de\/wp-content\/uploads\/XTED_box_309x518-e1591363506815.png 296w, https:\/\/www.xaption.de\/wp-content\/uploads\/XTED_box_309x518-e1591363506815-179x300.png 179w, https:\/\/www.xaption.de\/wp-content\/uploads\/XTED_box_309x518-e1591363506815-74x125.png 74w\" sizes=\"auto, (max-width: 296px) 100vw, 296px\" \/><\/a>\n\t\t<\/figure>\n\t<\/div>\n<div class=\"heading  default align-center color-black subcolor-main transform-default icon-type-default heading-tag-h5\" id=\"like_sc_header_515099447\"><a href=\"\/en\/xted-grafischer-texteditor\/\"><h5 class=\"header ltx-sr-id-like_sc_header_5150994471036460994 ltx-sr ltx-sr-effect-fade_in ltx-sr-el-block ltx-sr-delay-0 ltx-sr-duration-1000 ltx-sr-sequences-0\">XTED - Graphical text editor<\/h5><\/a><\/div><\/div><\/div><\/div><div class=\"wpb_column vc_column_container vc_col-sm-4\"><div class=\"vc_column-inner\"><div class=\"wpb_wrapper\">\n\t<div  class=\"wpb_single_image wpb_content_element vc_align_center  wpb_animate_when_almost_visible wpb_appear appear\">\n\t\t\n\t\t<figure class=\"wpb_wrapper vc_figure\">\n\t\t\t<a href=\"\/en\/xpdf-translator\/\" target=\"_self\" class=\"vc_single_image-wrapper   vc_box_border_grey\"><img loading=\"lazy\" decoding=\"async\" width=\"297\" height=\"497\" src=\"https:\/\/www.xaption.de\/wp-content\/uploads\/XPDF_box_309x517-1-e1591363315453.png\" class=\"vc_single_image-img attachment-full\" alt=\"\" srcset=\"https:\/\/www.xaption.de\/wp-content\/uploads\/XPDF_box_309x517-1-e1591363315453.png 297w, https:\/\/www.xaption.de\/wp-content\/uploads\/XPDF_box_309x517-1-e1591363315453-179x300.png 179w, https:\/\/www.xaption.de\/wp-content\/uploads\/XPDF_box_309x517-1-e1591363315453-75x125.png 75w\" sizes=\"auto, (max-width: 297px) 100vw, 297px\" \/><\/a>\n\t\t<\/figure>\n\t<\/div>\n<div class=\"heading  default align-center color-black subcolor-main transform-default icon-type-default heading-tag-h5\" id=\"like_sc_header_592195711\"><a href=\"\/en\/xpdf-translator\/\"><h5 class=\"header ltx-sr-id-like_sc_header_592195711193123518 ltx-sr ltx-sr-effect-fade_in ltx-sr-el-block ltx-sr-delay-0 ltx-sr-duration-1000 ltx-sr-sequences-0\">XPDF \u2013 Translator<\/h5><\/a><\/div><\/div><\/div><\/div><div class=\"wpb_column vc_column_container vc_col-sm-4\"><div class=\"vc_column-inner\"><div class=\"wpb_wrapper\">\n\t<div  class=\"wpb_single_image wpb_content_element vc_align_center  wpb_animate_when_almost_visible wpb_appear appear\">\n\t\t\n\t\t<figure class=\"wpb_wrapper vc_figure\">\n\t\t\t<a href=\"\/en\/xam-attachment-manager\/\" target=\"_self\" class=\"vc_single_image-wrapper   vc_box_border_grey\"><img loading=\"lazy\" decoding=\"async\" width=\"297\" height=\"497\" src=\"https:\/\/www.xaption.de\/wp-content\/uploads\/XAM_box_309x517-e1594908256727.png\" class=\"vc_single_image-img attachment-full\" alt=\"\" srcset=\"https:\/\/www.xaption.de\/wp-content\/uploads\/XAM_box_309x517-e1594908256727.png 297w, https:\/\/www.xaption.de\/wp-content\/uploads\/XAM_box_309x517-e1594908256727-179x300.png 179w, https:\/\/www.xaption.de\/wp-content\/uploads\/XAM_box_309x517-e1594908256727-75x125.png 75w\" sizes=\"auto, (max-width: 297px) 100vw, 297px\" \/><\/a>\n\t\t<\/figure>\n\t<\/div>\n<div class=\"heading  default align-center color-black subcolor-main transform-default icon-type-default heading-tag-h5\" id=\"like_sc_header_101989881\"><a href=\"\/en\/xam-attachment-manager\/\"><h5 class=\"header ltx-sr-id-like_sc_header_101989881917937829 ltx-sr ltx-sr-effect-fade_in ltx-sr-el-block ltx-sr-delay-0 ltx-sr-duration-1000 ltx-sr-sequences-0\">XAM - Attachment Manager<\/h5><\/a><\/div><\/div><\/div><\/div><\/div>","protected":false},"excerpt":{"rendered":"XEMAIL \u2013 E-Mail Adresspr\u00fcfung Leistungsmerkmale\u00a0 pr\u00fcft E-Mail-Adressen auf Zustellbarkeit ohne dabei eine E-Mail zu versenden ist eingebunden in der Stammdatenpflege von Debitoren und Kreditoren Gesch\u00e4ftspartnern und Personen\u00a0 im laufenden Betrieb bei anderen Prozessen z.B. SAP Nachrichtensteuerung\u00a0 ist cloud-basiert\u00a0 protokolliert Pr\u00fcfanfragen in Datenbanktabellen in Ihrem SAP-System\u00a0 Positive Pr\u00fcfergebnisse haben eine einstellbare Lebensdauer der G\u00fcltigkeit.\u00a0 Kategorie: Tools BeschreibungBeschreibung Ein SAP-Add-On zur Pr\u00fcfung beliebiger E-Mail Adressen \u00fcber den chk.email Pr\u00fcfdienst XEMAIL ist unser erste Cloud-basierte Pr\u00fcfdienst, den wir in unserer neuen XCHK-Architektur implementiert haben. Voraussetzungen:\u00a0Anbindung des XCHK Cloud Servers per RFC-Destination mit verschl\u00fcsselter Daten\u00fcbertragung (HTTPS).\u00a0 Mit XEMAIL sind 5 Enhancement-Implementationen ausgeliefert, \u00fcber die XEMAIL automatisch in der zentralen Adressverwaltung eingebunden. Wenn somit irgendwo bei der Stammdaten- oder Belegpflege eine E-Mail-Adresse erfasst oder ge\u00e4ndert wird, springt XEMAIL an und f\u00fchrt die Pr\u00fcfung durch.\u00a0S\u00e4mtliche Software-Komponenten von XCHK und \u00a0XEMAIL liegen im Xaption-Namensraum und sind somit problemlos in jede SAP-ERP-Landschaft einzuspielen.\u00a0 Die Auslieferung erfolgt in Form [...]","protected":false},"author":1,"featured_media":0,"parent":0,"menu_order":16,"comment_status":"closed","ping_status":"closed","template":"","meta":{"footnotes":""},"class_list":["post-9159","page","type-page","status-publish","hentry"],"aioseo_notices":[],"_links":{"self":[{"href":"https:\/\/www.xaption.de\/en\/wp-json\/wp\/v2\/pages\/9159","targetHints":{"allow":["GET"]}}],"collection":[{"href":"https:\/\/www.xaption.de\/en\/wp-json\/wp\/v2\/pages"}],"about":[{"href":"https:\/\/www.xaption.de\/en\/wp-json\/wp\/v2\/types\/page"}],"author":[{"embeddable":true,"href":"https:\/\/www.xaption.de\/en\/wp-json\/wp\/v2\/users\/1"}],"replies":[{"embeddable":true,"href":"https:\/\/www.xaption.de\/en\/wp-json\/wp\/v2\/comments?post=9159"}],"version-history":[{"count":18,"href":"https:\/\/www.xaption.de\/en\/wp-json\/wp\/v2\/pages\/9159\/revisions"}],"predecessor-version":[{"id":10558,"href":"https:\/\/www.xaption.de\/en\/wp-json\/wp\/v2\/pages\/9159\/revisions\/10558"}],"wp:attachment":[{"href":"https:\/\/www.xaption.de\/en\/wp-json\/wp\/v2\/media?parent=9159"}],"curies":[{"name":"wp","href":"https:\/\/api.w.org\/{rel}","templated":true}]}}