{"id":9327,"date":"2020-06-12T13:49:16","date_gmt":"2020-06-12T11:49:16","guid":{"rendered":"http:\/\/test.xaption.de\/?page_id=9327"},"modified":"2025-01-03T11:52:57","modified_gmt":"2025-01-03T10:52:57","slug":"faq","status":"publish","type":"page","link":"https:\/\/www.xaption.de\/en\/faq\/","title":{"rendered":"FAQ"},"content":{"rendered":"<div data-vc-full-width=\"true\" data-vc-full-width-init=\"false\" class=\"vc_row wpb_row vc_row-fluid bg-color-white\"><div class=\"wpb_column vc_column_container vc_col-sm-4 bg-color-white\"><div class=\"vc_column-inner\"><div class=\"wpb_wrapper\"><div class=\"heading  heading-sm default align-center color-black subcolor-main transform-header-up icon-type-default heading-tag-h6 heading-icon\" id=\"like_sc_header_1319874463\"><a href=\"\/en\/faq-xvat\/\"><img decoding=\"async\" src=\"https:\/\/www.xaption.de\/wp-content\/uploads\/5_xaption_logo-XVAT_circle-e1598449683924.png\" class=\"heading-icon\" alt=\"XVAT - USt.-Id.Nr Pr\u00fcfung\"><div class=\"heading-content\"><h6 class=\"header ltx-sr-id-like_sc_header_1319874463734301218 ltx-sr ltx-sr-effect-fade_in ltx-sr-el-block ltx-sr-delay-0 ltx-sr-duration-1000 ltx-sr-sequences-0\">XVAT - USt.-Id.Nr Pr\u00fcfung<\/h6><\/div><\/a><\/div><div class=\"es-resp\">\t<div class=\"visible-xl\" style=\"height: 64px;\"><\/div>\t<div class=\"hidden-xl hidden-md hidden-sm hidden-ms hidden-xs\" style=\"height: 64px;\"><\/div>\t<div class=\"visible-md\" style=\"height: 64px;\"><\/div>\t<div class=\"visible-sm\" style=\"height: 64px;\"><\/div>\t<div class=\"visible-ms\" style=\"height: 32px;\"><\/div>\t<div class=\"visible-xs\" style=\"height: 32px;\"><\/div><\/div><\/div><\/div><\/div><div class=\"wpb_column vc_column_container vc_col-sm-4 bg-color-white\"><div class=\"vc_column-inner\"><div class=\"wpb_wrapper\"><div class=\"heading  heading-sm default align-center color-black subcolor-main transform-header-up icon-type-default heading-tag-h6 heading-icon\" id=\"like_sc_header_443434058\"><a href=\"\/en\/faq-xglb\/\"><img decoding=\"async\" src=\"https:\/\/www.xaption.de\/wp-content\/uploads\/1_xaption_logo-XGLB_circle-e1597933659872.png\" class=\"heading-icon\" alt=\"XGLB - Gelangensbest\u00e4tigung\"><div class=\"heading-content\"><h6 class=\"header ltx-sr-id-like_sc_header_4434340581978081798 ltx-sr ltx-sr-effect-fade_in ltx-sr-el-block ltx-sr-delay-0 ltx-sr-duration-1000 ltx-sr-sequences-0\">XGLB - Confirmation of Receipt<\/h6><\/div><\/a><\/div><div class=\"es-resp\">\t<div class=\"visible-xl\" style=\"height: 64px;\"><\/div>\t<div class=\"hidden-xl hidden-md hidden-sm hidden-ms hidden-xs\" style=\"height: 64px;\"><\/div>\t<div class=\"visible-md\" style=\"height: 64px;\"><\/div>\t<div class=\"visible-sm\" style=\"height: 64px;\"><\/div>\t<div class=\"visible-ms\" style=\"height: 32px;\"><\/div>\t<div class=\"visible-xs\" style=\"height: 32px;\"><\/div><\/div><\/div><\/div><\/div><div class=\"wpb_column vc_column_container vc_col-sm-4 bg-color-white\"><div class=\"vc_column-inner\"><div class=\"wpb_wrapper\"><div class=\"heading  heading-sm default align-center color-black subcolor-main transform-header-up icon-type-default heading-tag-h6 heading-icon\" id=\"like_sc_header_1530541265\"><a href=\"\/en\/faq-xclr\/\"><img decoding=\"async\" src=\"https:\/\/www.xaption.de\/wp-content\/uploads\/4_xaption_logo-XCRL_circle-e1597933712691.png\" class=\"heading-icon\" alt=\"XCLR - W\u00e4hrungskurse in SAP\"><div class=\"heading-content\"><h6 class=\"header ltx-sr-id-like_sc_header_1530541265603975976 ltx-sr ltx-sr-effect-fade_in ltx-sr-el-block ltx-sr-delay-0 ltx-sr-duration-1000 ltx-sr-sequences-0\">XCRL - Exchange Rates in SAP<\/h6><\/div><\/a><\/div><div class=\"es-resp\">\t<div class=\"visible-xl\" style=\"height: 64px;\"><\/div>\t<div class=\"hidden-xl hidden-md hidden-sm hidden-ms hidden-xs\" style=\"height: 64px;\"><\/div>\t<div class=\"visible-md\" style=\"height: 64px;\"><\/div>\t<div class=\"visible-sm\" style=\"height: 64px;\"><\/div>\t<div class=\"visible-ms\" style=\"height: 32px;\"><\/div>\t<div class=\"visible-xs\" style=\"height: 32px;\"><\/div><\/div><\/div><\/div><\/div><\/div><div class=\"vc_row-full-width vc_clearfix\"><\/div>","protected":false},"excerpt":{"rendered":"XVAT - USt.-Id.Nr Pr\u00fcfung XGLB - Gelangensbest\u00e4tigung XCLR - W\u00e4hrungskurse in SAP","protected":false},"author":1,"featured_media":0,"parent":0,"menu_order":14,"comment_status":"closed","ping_status":"closed","template":"","meta":{"footnotes":""},"class_list":["post-9327","page","type-page","status-publish","hentry"],"aioseo_notices":[],"_links":{"self":[{"href":"https:\/\/www.xaption.de\/en\/wp-json\/wp\/v2\/pages\/9327","targetHints":{"allow":["GET"]}}],"collection":[{"href":"https:\/\/www.xaption.de\/en\/wp-json\/wp\/v2\/pages"}],"about":[{"href":"https:\/\/www.xaption.de\/en\/wp-json\/wp\/v2\/types\/page"}],"author":[{"embeddable":true,"href":"https:\/\/www.xaption.de\/en\/wp-json\/wp\/v2\/users\/1"}],"replies":[{"embeddable":true,"href":"https:\/\/www.xaption.de\/en\/wp-json\/wp\/v2\/comments?post=9327"}],"version-history":[{"count":172,"href":"https:\/\/www.xaption.de\/en\/wp-json\/wp\/v2\/pages\/9327\/revisions"}],"predecessor-version":[{"id":10718,"href":"https:\/\/www.xaption.de\/en\/wp-json\/wp\/v2\/pages\/9327\/revisions\/10718"}],"wp:attachment":[{"href":"https:\/\/www.xaption.de\/en\/wp-json\/wp\/v2\/media?parent=9327"}],"curies":[{"name":"wp","href":"https:\/\/api.w.org\/{rel}","templated":true}]}}