{"id":9921,"date":"2020-08-10T11:38:14","date_gmt":"2020-08-10T09:38:14","guid":{"rendered":"http:\/\/test.xaption.de\/?page_id=9921"},"modified":"2020-11-13T23:35:35","modified_gmt":"2020-11-13T22:35:35","slug":"faq-xvat","status":"publish","type":"page","link":"https:\/\/www.xaption.de\/en\/faq-xvat\/","title":{"rendered":"FAQ &#8211; XVAT"},"content":{"rendered":"<div class=\"vc_row wpb_row vc_row-fluid\"><div class=\"wpb_column vc_column_container vc_col-sm-6\"><div class=\"vc_column-inner\"><div class=\"wpb_wrapper\"><div  class=\"vc_toggle vc_toggle_default vc_toggle_color_default  vc_toggle_size_md\"><div class=\"vc_toggle_title\"><h4 style=\"font-size: 25px;text-align: justify;font-family:Basic;font-weight:400;font-style:normal\" class=\"vc_custom_heading\" >Warum ist die Dokumentation zu XVAT so umfangreich?<\/h4><i class=\"vc_toggle_icon\"><\/i><\/div><div class=\"vc_toggle_content\"><p>Toggle content goes here, click edit button to change this text.<\/p>\n<\/div><\/div><div class=\"es-resp\">\t<div class=\"visible-xl\" style=\"height: 64px;\"><\/div>\t<div class=\"hidden-xl hidden-md hidden-sm hidden-ms hidden-xs\" style=\"height: 64px;\"><\/div>\t<div class=\"visible-md\" style=\"height: 64px;\"><\/div>\t<div class=\"visible-sm\" style=\"height: 64px;\"><\/div>\t<div class=\"visible-ms\" style=\"height: 32px;\"><\/div>\t<div class=\"visible-xs\" style=\"height: 32px;\"><\/div><\/div><\/div><\/div><\/div><div class=\"wpb_column vc_column_container vc_col-sm-6\"><div class=\"vc_column-inner\"><div class=\"wpb_wrapper\"><div  class=\"vc_toggle vc_toggle_default vc_toggle_color_default  vc_toggle_size_md\"><div class=\"vc_toggle_title\"><h4 style=\"font-size: 25px;text-align: justify;font-family:Basic;font-weight:400;font-style:normal\" class=\"vc_custom_heading\" >Wie erfolgt die Anbindung an die Beh\u00f6rdenserver?<\/h4><i class=\"vc_toggle_icon\"><\/i><\/div><div class=\"vc_toggle_content\"><p>Toggle content goes here, click edit button to change this text.<\/p>\n<\/div><\/div><div class=\"es-resp\">\t<div class=\"visible-xl\" style=\"height: 64px;\"><\/div>\t<div class=\"hidden-xl hidden-md hidden-sm hidden-ms hidden-xs\" style=\"height: 64px;\"><\/div>\t<div class=\"visible-md\" style=\"height: 64px;\"><\/div>\t<div class=\"visible-sm\" style=\"height: 64px;\"><\/div>\t<div class=\"visible-ms\" style=\"height: 32px;\"><\/div>\t<div class=\"visible-xs\" style=\"height: 32px;\"><\/div><\/div><\/div><\/div><\/div><\/div><div class=\"vc_row wpb_row vc_row-fluid\"><div class=\"wpb_column vc_column_container vc_col-sm-6\"><div class=\"vc_column-inner\"><div class=\"wpb_wrapper\"><div  class=\"vc_toggle vc_toggle_default vc_toggle_color_default  vc_toggle_size_md\"><div class=\"vc_toggle_title\"><h4 style=\"font-size: 25px;text-align: justify;font-family:Basic;font-weight:400;font-style:normal\" class=\"vc_custom_heading\" >Ruft XVAT selbstt\u00e4tig Pr\u00fcfergebnisse ab?<\/h4><i class=\"vc_toggle_icon\"><\/i><\/div><div class=\"vc_toggle_content\"><p>Toggle content goes here, click edit button to change this text.<\/p>\n<\/div><\/div><div class=\"es-resp\">\t<div class=\"visible-xl\" style=\"height: 64px;\"><\/div>\t<div class=\"hidden-xl hidden-md hidden-sm hidden-ms hidden-xs\" style=\"height: 64px;\"><\/div>\t<div class=\"visible-md\" style=\"height: 64px;\"><\/div>\t<div class=\"visible-sm\" style=\"height: 64px;\"><\/div>\t<div class=\"visible-ms\" style=\"height: 32px;\"><\/div>\t<div class=\"visible-xs\" style=\"height: 32px;\"><\/div><\/div><\/div><\/div><\/div><div class=\"wpb_column vc_column_container vc_col-sm-6\"><div class=\"vc_column-inner\"><div class=\"wpb_wrapper\"><div  class=\"vc_toggle vc_toggle_default vc_toggle_color_default  vc_toggle_size_md\"><div class=\"vc_toggle_title\"><h4 style=\"font-size: 25px;text-align: justify;font-family:Basic;font-weight:400;font-style:normal\" class=\"vc_custom_heading\" >Warum kann f\u00fcr Deutsche USt-IdNr. keine qualifizierte Pr\u00fcfung stattfinden?<\/h4><i class=\"vc_toggle_icon\"><\/i><\/div><div class=\"vc_toggle_content\"><p>Toggle content goes here, click edit button to change this text.<\/p>\n<\/div><\/div><div class=\"es-resp\">\t<div class=\"visible-xl\" style=\"height: 64px;\"><\/div>\t<div class=\"hidden-xl hidden-md hidden-sm hidden-ms hidden-xs\" style=\"height: 64px;\"><\/div>\t<div class=\"visible-md\" style=\"height: 64px;\"><\/div>\t<div class=\"visible-sm\" style=\"height: 64px;\"><\/div>\t<div class=\"visible-ms\" style=\"height: 32px;\"><\/div>\t<div class=\"visible-xs\" style=\"height: 32px;\"><\/div><\/div><\/div><\/div><\/div><\/div><div class=\"vc_row wpb_row vc_row-fluid\"><div class=\"wpb_column vc_column_container vc_col-sm-6\"><div class=\"vc_column-inner\"><div class=\"wpb_wrapper\"><div  class=\"vc_toggle vc_toggle_default vc_toggle_color_default  vc_toggle_size_md\"><div class=\"vc_toggle_title\"><h4 style=\"font-size: 25px;text-align: justify;font-family:Basic;font-weight:400;font-style:normal\" class=\"vc_custom_heading\" >Wie kann ich die bei der Beh\u00f6rde gespeicherten Adressdaten f\u00fcr Deutsche Gesch\u00e4ftspartner anfragen?<\/h4><i class=\"vc_toggle_icon\"><\/i><\/div><div class=\"vc_toggle_content\"><p>Toggle content goes here, click edit button to change this text.<\/p>\n<\/div><\/div><div class=\"es-resp\">\t<div class=\"visible-xl\" style=\"height: 64px;\"><\/div>\t<div class=\"hidden-xl hidden-md hidden-sm hidden-ms hidden-xs\" style=\"height: 64px;\"><\/div>\t<div class=\"visible-md\" style=\"height: 64px;\"><\/div>\t<div class=\"visible-sm\" style=\"height: 64px;\"><\/div>\t<div class=\"visible-ms\" style=\"height: 32px;\"><\/div>\t<div class=\"visible-xs\" style=\"height: 32px;\"><\/div><\/div><\/div><\/div><\/div><div class=\"wpb_column vc_column_container vc_col-sm-6\"><div class=\"vc_column-inner\"><div class=\"wpb_wrapper\"><div  class=\"vc_toggle vc_toggle_default vc_toggle_color_default  vc_toggle_size_md\"><div class=\"vc_toggle_title\"><h4 style=\"font-size: 25px;text-align: justify;font-family:Basic;font-weight:400;font-style:normal\" class=\"vc_custom_heading\" >Warum ist der Zugriff auf das Bundeszentralamt f\u00fcr Steuern nur Tags\u00fcber m\u00f6glich? Was passiert, wenn au\u00dferhalb der Verf\u00fcgbarkeit eine Pr\u00fcfung angesto\u00dfen wird?<\/h4><i class=\"vc_toggle_icon\"><\/i><\/div><div class=\"vc_toggle_content\"><p>Toggle content goes here, click edit button to change this text.<\/p>\n<\/div><\/div><div class=\"es-resp\">\t<div class=\"visible-xl\" style=\"height: 64px;\"><\/div>\t<div class=\"hidden-xl hidden-md hidden-sm hidden-ms hidden-xs\" style=\"height: 64px;\"><\/div>\t<div class=\"visible-md\" style=\"height: 64px;\"><\/div>\t<div class=\"visible-sm\" style=\"height: 64px;\"><\/div>\t<div class=\"visible-ms\" style=\"height: 32px;\"><\/div>\t<div class=\"visible-xs\" style=\"height: 32px;\"><\/div><\/div><\/div><\/div><\/div><\/div><div class=\"vc_row wpb_row vc_row-fluid\"><div class=\"wpb_column vc_column_container vc_col-sm-6\"><div class=\"vc_column-inner\"><div class=\"wpb_wrapper\"><div  class=\"vc_toggle vc_toggle_default vc_toggle_color_default  vc_toggle_size_md\"><div class=\"vc_toggle_title\"><h4 style=\"font-size: 25px;text-align: justify;font-family:Basic;font-weight:400;font-style:normal\" class=\"vc_custom_heading\" >Unsere ausl\u00e4ndischen Business-Units sollen ebenfalls die USt-IdNrn. ihrer Gesch\u00e4ftspartner pr\u00fcfen. Welchen Dienst k\u00f6nnen diese nutzen?<\/h4><i class=\"vc_toggle_icon\"><\/i><\/div><div class=\"vc_toggle_content\"><p>Toggle content goes here, click edit button to change this text.<\/p>\n<\/div><\/div><div class=\"es-resp\">\t<div class=\"visible-xl\" style=\"height: 64px;\"><\/div>\t<div class=\"hidden-xl hidden-md hidden-sm hidden-ms hidden-xs\" style=\"height: 64px;\"><\/div>\t<div class=\"visible-md\" style=\"height: 64px;\"><\/div>\t<div class=\"visible-sm\" style=\"height: 64px;\"><\/div>\t<div class=\"visible-ms\" style=\"height: 32px;\"><\/div>\t<div class=\"visible-xs\" style=\"height: 32px;\"><\/div><\/div><\/div><\/div><\/div><div class=\"wpb_column vc_column_container vc_col-sm-6\"><div class=\"vc_column-inner\"><div class=\"wpb_wrapper\"><div  class=\"vc_toggle vc_toggle_default vc_toggle_color_default  vc_toggle_size_md\"><div class=\"vc_toggle_title\"><h4 style=\"font-size: 25px;text-align: justify;font-family:Basic;font-weight:400;font-style:normal\" class=\"vc_custom_heading\" >Welche Pr\u00fcfdienste sind im Standardumfang der Software enthalten?<\/h4><i class=\"vc_toggle_icon\"><\/i><\/div><div class=\"vc_toggle_content\"><p>Toggle content goes here, click edit button to change this text.<\/p>\n<\/div><\/div><div class=\"es-resp\">\t<div class=\"visible-xl\" style=\"height: 64px;\"><\/div>\t<div class=\"hidden-xl hidden-md hidden-sm hidden-ms hidden-xs\" style=\"height: 64px;\"><\/div>\t<div class=\"visible-md\" style=\"height: 64px;\"><\/div>\t<div class=\"visible-sm\" style=\"height: 64px;\"><\/div>\t<div class=\"visible-ms\" style=\"height: 32px;\"><\/div>\t<div class=\"visible-xs\" style=\"height: 32px;\"><\/div><\/div><\/div><\/div><\/div><\/div><div class=\"vc_row wpb_row vc_row-fluid\"><div class=\"wpb_column vc_column_container vc_col-sm-6\"><div class=\"vc_column-inner\"><div class=\"wpb_wrapper\"><div  class=\"vc_toggle vc_toggle_default vc_toggle_color_default  vc_toggle_size_md\"><div class=\"vc_toggle_title\"><h4 style=\"font-size: 25px;text-align: justify;font-family:Basic;font-weight:400;font-style:normal\" class=\"vc_custom_heading\" >Ab welchem ERP-Releasestand ist XVAT nutzbar?<\/h4><i class=\"vc_toggle_icon\"><\/i><\/div><div class=\"vc_toggle_content\"><p>Toggle content goes here, click edit button to change this text.<\/p>\n<\/div><\/div><div class=\"es-resp\">\t<div class=\"visible-xl\" style=\"height: 64px;\"><\/div>\t<div class=\"hidden-xl hidden-md hidden-sm hidden-ms hidden-xs\" style=\"height: 64px;\"><\/div>\t<div class=\"visible-md\" style=\"height: 64px;\"><\/div>\t<div class=\"visible-sm\" style=\"height: 64px;\"><\/div>\t<div class=\"visible-ms\" style=\"height: 32px;\"><\/div>\t<div class=\"visible-xs\" style=\"height: 32px;\"><\/div><\/div><\/div><\/div><\/div><div class=\"wpb_column vc_column_container vc_col-sm-6\"><div class=\"vc_column-inner\"><div class=\"wpb_wrapper\"><div  class=\"vc_toggle vc_toggle_default vc_toggle_color_default  vc_toggle_size_md\"><div class=\"vc_toggle_title\"><h4 style=\"font-size: 25px;text-align: justify;font-family:Basic;font-weight:400;font-style:normal\" class=\"vc_custom_heading\" >Was m\u00fcssen wir tun, wenn wir nach S\/4HANA migrieren? Wie hoch ist der Umstellungsaufwand?<\/h4><i class=\"vc_toggle_icon\"><\/i><\/div><div class=\"vc_toggle_content\"><p>Toggle content goes here, click edit button to change this text.<\/p>\n<\/div><\/div><div class=\"es-resp\">\t<div class=\"visible-xl\" style=\"height: 64px;\"><\/div>\t<div class=\"hidden-xl hidden-md hidden-sm hidden-ms hidden-xs\" style=\"height: 64px;\"><\/div>\t<div class=\"visible-md\" style=\"height: 64px;\"><\/div>\t<div class=\"visible-sm\" style=\"height: 64px;\"><\/div>\t<div class=\"visible-ms\" style=\"height: 32px;\"><\/div>\t<div class=\"visible-xs\" style=\"height: 32px;\"><\/div><\/div><\/div><\/div><\/div><\/div><div class=\"vc_row wpb_row vc_row-fluid\"><div class=\"wpb_column vc_column_container vc_col-sm-6\"><div class=\"vc_column-inner\"><div class=\"wpb_wrapper\"><div  class=\"vc_toggle vc_toggle_default vc_toggle_color_default  vc_toggle_size_md\"><div class=\"vc_toggle_title\"><h4 style=\"font-size: 25px;text-align: justify;font-family:Basic;font-weight:400;font-style:normal\" class=\"vc_custom_heading\" >Wenn ich S\/4HANA eintippe, und versehentlich bei der 4 die Shift-Taste gedr\u00fcckt habe, kommt S\/$ heraus. Hat dies etwas zu bedeuten?<\/h4><i class=\"vc_toggle_icon\"><\/i><\/div><div class=\"vc_toggle_content\"><p>Toggle content goes here, click edit button to change this text.<\/p>\n<\/div><\/div><div class=\"es-resp\">\t<div class=\"visible-xl\" style=\"height: 64px;\"><\/div>\t<div class=\"hidden-xl hidden-md hidden-sm hidden-ms hidden-xs\" style=\"height: 64px;\"><\/div>\t<div class=\"visible-md\" style=\"height: 64px;\"><\/div>\t<div class=\"visible-sm\" style=\"height: 64px;\"><\/div>\t<div class=\"visible-ms\" style=\"height: 32px;\"><\/div>\t<div class=\"visible-xs\" style=\"height: 32px;\"><\/div><\/div><\/div><\/div><\/div><div class=\"wpb_column vc_column_container vc_col-sm-6\"><div class=\"vc_column-inner\"><div class=\"wpb_wrapper\"><div  class=\"vc_toggle vc_toggle_default vc_toggle_color_default  vc_toggle_size_md\"><div class=\"vc_toggle_title\"><h4 style=\"font-size: 25px;text-align: justify;font-family:Basic;font-weight:400;font-style:normal\" class=\"vc_custom_heading\" >Ist XVAT mehrsprachig?<\/h4><i class=\"vc_toggle_icon\"><\/i><\/div><div class=\"vc_toggle_content\"><p>Toggle content goes here, click edit button to change this text.<\/p>\n<\/div><\/div><div class=\"es-resp\">\t<div class=\"visible-xl\" style=\"height: 64px;\"><\/div>\t<div class=\"hidden-xl hidden-md hidden-sm hidden-ms hidden-xs\" style=\"height: 64px;\"><\/div>\t<div class=\"visible-md\" style=\"height: 64px;\"><\/div>\t<div class=\"visible-sm\" style=\"height: 64px;\"><\/div>\t<div class=\"visible-ms\" style=\"height: 32px;\"><\/div>\t<div class=\"visible-xs\" style=\"height: 32px;\"><\/div><\/div><\/div><\/div><\/div><\/div><div class=\"vc_row wpb_row vc_row-fluid\"><div class=\"wpb_column vc_column_container vc_col-sm-6\"><div class=\"vc_column-inner\"><div class=\"wpb_wrapper\"><div  class=\"vc_toggle vc_toggle_default vc_toggle_color_default  vc_toggle_size_md\"><div class=\"vc_toggle_title\"><h4 style=\"font-size: 25px;text-align: justify;font-family:Basic;font-weight:400;font-style:normal\" class=\"vc_custom_heading\" >Wie wird beim Pr\u00fcfdienst der Europ.Kommission festgelegt, wann eine rote Ampel im Popup erscheint.<\/h4><i class=\"vc_toggle_icon\"><\/i><\/div><div class=\"vc_toggle_content\"><p>Toggle content goes here, click edit button to change this text.<\/p>\n<\/div><\/div><div class=\"es-resp\">\t<div class=\"visible-xl\" style=\"height: 64px;\"><\/div>\t<div class=\"hidden-xl hidden-md hidden-sm hidden-ms hidden-xs\" style=\"height: 64px;\"><\/div>\t<div class=\"visible-md\" style=\"height: 64px;\"><\/div>\t<div class=\"visible-sm\" style=\"height: 64px;\"><\/div>\t<div class=\"visible-ms\" style=\"height: 32px;\"><\/div>\t<div class=\"visible-xs\" style=\"height: 32px;\"><\/div><\/div><\/div><\/div><\/div><div class=\"wpb_column vc_column_container vc_col-sm-6\"><div class=\"vc_column-inner\"><div class=\"wpb_wrapper\"><div  class=\"vc_toggle vc_toggle_default vc_toggle_color_default  vc_toggle_size_md\"><div class=\"vc_toggle_title\"><h4 style=\"font-size: 25px;text-align: justify;font-family:Basic;font-weight:400;font-style:normal\" class=\"vc_custom_heading\" >Wie wird festgelegt, wann eine Fehlermeldung erfolgt?<\/h4><i class=\"vc_toggle_icon\"><\/i><\/div><div class=\"vc_toggle_content\"><p>Toggle content goes here, click edit button to change this text.<\/p>\n<\/div><\/div><div class=\"es-resp\">\t<div class=\"visible-xl\" style=\"height: 64px;\"><\/div>\t<div class=\"hidden-xl hidden-md hidden-sm hidden-ms hidden-xs\" style=\"height: 64px;\"><\/div>\t<div class=\"visible-md\" style=\"height: 64px;\"><\/div>\t<div class=\"visible-sm\" style=\"height: 64px;\"><\/div>\t<div class=\"visible-ms\" style=\"height: 32px;\"><\/div>\t<div class=\"visible-xs\" style=\"height: 32px;\"><\/div><\/div><\/div><\/div><\/div><\/div><div class=\"vc_row wpb_row vc_row-fluid\"><div class=\"wpb_column vc_column_container vc_col-sm-6\"><div class=\"vc_column-inner\"><div class=\"wpb_wrapper\"><div  class=\"vc_toggle vc_toggle_default vc_toggle_color_default  vc_toggle_size_md\"><div class=\"vc_toggle_title\"><h4 style=\"font-size: 25px;text-align: justify;font-family:Basic;font-weight:400;font-style:normal\" class=\"vc_custom_heading\" >Wenn bei der Fakturierung die Pr\u00fcfung stattfindet und eine ung\u00fcltige USt-IdNr. vorliegt, kann dann die Erzeugung der Faktura geblockt werden?<\/h4><i class=\"vc_toggle_icon\"><\/i><\/div><div class=\"vc_toggle_content\"><p>Toggle content goes here, click edit button to change this text.<\/p>\n<\/div><\/div><div class=\"es-resp\">\t<div class=\"visible-xl\" style=\"height: 64px;\"><\/div>\t<div class=\"hidden-xl hidden-md hidden-sm hidden-ms hidden-xs\" style=\"height: 64px;\"><\/div>\t<div class=\"visible-md\" style=\"height: 64px;\"><\/div>\t<div class=\"visible-sm\" style=\"height: 64px;\"><\/div>\t<div class=\"visible-ms\" style=\"height: 32px;\"><\/div>\t<div class=\"visible-xs\" style=\"height: 32px;\"><\/div><\/div><\/div><\/div><\/div><div class=\"wpb_column vc_column_container vc_col-sm-6\"><div class=\"vc_column-inner\"><div class=\"wpb_wrapper\"><div  class=\"vc_toggle vc_toggle_default vc_toggle_color_default  vc_toggle_size_md\"><div class=\"vc_toggle_title\"><h4 style=\"font-size: 25px;text-align: justify;font-family:Basic;font-weight:400;font-style:normal\" class=\"vc_custom_heading\" >Wir m\u00f6chten eine Pr\u00fcfung bei der Auftragserfassung. Die Vertriebsprozesse sollen aber nicht behindert werden. Wie l\u00f6st XVAT diese Anforderung?<\/h4><i class=\"vc_toggle_icon\"><\/i><\/div><div class=\"vc_toggle_content\"><p>Toggle content goes here, click edit button to change this text.<\/p>\n<\/div><\/div><div class=\"es-resp\">\t<div class=\"visible-xl\" style=\"height: 64px;\"><\/div>\t<div class=\"hidden-xl hidden-md hidden-sm hidden-ms hidden-xs\" style=\"height: 64px;\"><\/div>\t<div class=\"visible-md\" style=\"height: 64px;\"><\/div>\t<div class=\"visible-sm\" style=\"height: 64px;\"><\/div>\t<div class=\"visible-ms\" style=\"height: 32px;\"><\/div>\t<div class=\"visible-xs\" style=\"height: 32px;\"><\/div><\/div><\/div><\/div><\/div><\/div><div class=\"vc_row wpb_row vc_row-fluid\"><div class=\"wpb_column vc_column_container vc_col-sm-12\"><div class=\"vc_column-inner\"><div class=\"wpb_wrapper\"><div class=\"heading  default align-center color-black subcolor-main transform-default icon-type-default heading-tag-h4\" id=\"like_sc_header_572389474\"><a href=\"\/en\/category\/forum\/sap-add-ons\/xvat-ust-idnr-pruefung\/\"><h4 class=\"header ltx-sr-id-like_sc_header_572389474311965916 ltx-sr ltx-sr-effect-fade_in ltx-sr-el-block ltx-sr-delay-0 ltx-sr-duration-1000 ltx-sr-sequences-0\">weitere n\u00fctzliche Informationen finden Sie in unserem Forum <\/h4><\/a><\/div><\/div><\/div><\/div><\/div>","protected":false},"excerpt":{"rendered":"Warum ist die Dokumentation zu XVAT so umfangreich?Toggle content goes here, click edit button to change this text. Wie erfolgt die Anbindung an die Beh\u00f6rdenserver?Toggle content goes here, click edit button to change this text. Ruft XVAT selbstt\u00e4tig Pr\u00fcfergebnisse ab?Toggle content goes here, click edit button to change this text. Warum kann f\u00fcr Deutsche USt-IdNr. keine qualifizierte Pr\u00fcfung stattfinden?Toggle content goes here, click edit button to change this text. Wie kann ich die bei der Beh\u00f6rde gespeicherten Adressdaten f\u00fcr Deutsche Gesch\u00e4ftspartner anfragen?Toggle content goes here, click edit button to change this text. Warum ist der Zugriff auf das Bundeszentralamt f\u00fcr Steuern nur Tags\u00fcber m\u00f6glich? Was passiert, wenn au\u00dferhalb der Verf\u00fcgbarkeit eine Pr\u00fcfung angesto\u00dfen wird?Toggle content goes here, click edit button to change this text. Unsere ausl\u00e4ndischen Business-Units sollen ebenfalls die USt-IdNrn. ihrer Gesch\u00e4ftspartner pr\u00fcfen. Welchen Dienst k\u00f6nnen diese nutzen?Toggle content goes here, click edit button to change this text. Welche [...]","protected":false},"author":1,"featured_media":0,"parent":0,"menu_order":13,"comment_status":"closed","ping_status":"closed","template":"","meta":{"footnotes":""},"class_list":["post-9921","page","type-page","status-publish","hentry"],"aioseo_notices":[],"_links":{"self":[{"href":"https:\/\/www.xaption.de\/en\/wp-json\/wp\/v2\/pages\/9921","targetHints":{"allow":["GET"]}}],"collection":[{"href":"https:\/\/www.xaption.de\/en\/wp-json\/wp\/v2\/pages"}],"about":[{"href":"https:\/\/www.xaption.de\/en\/wp-json\/wp\/v2\/types\/page"}],"author":[{"embeddable":true,"href":"https:\/\/www.xaption.de\/en\/wp-json\/wp\/v2\/users\/1"}],"replies":[{"embeddable":true,"href":"https:\/\/www.xaption.de\/en\/wp-json\/wp\/v2\/comments?post=9921"}],"version-history":[{"count":12,"href":"https:\/\/www.xaption.de\/en\/wp-json\/wp\/v2\/pages\/9921\/revisions"}],"predecessor-version":[{"id":10404,"href":"https:\/\/www.xaption.de\/en\/wp-json\/wp\/v2\/pages\/9921\/revisions\/10404"}],"wp:attachment":[{"href":"https:\/\/www.xaption.de\/en\/wp-json\/wp\/v2\/media?parent=9921"}],"curies":[{"name":"wp","href":"https:\/\/api.w.org\/{rel}","templated":true}]}}