{"id":7628,"date":"2020-04-29T10:55:57","date_gmt":"2020-04-29T08:55:57","guid":{"rendered":"http:\/\/test.xaption.de\/?post_type=product&#038;p=7628"},"modified":"2020-09-02T19:13:46","modified_gmt":"2020-09-02T17:13:46","slug":"xcrl-wechselkurse","status":"publish","type":"product","link":"https:\/\/www.xaption.de\/en\/product\/xcrl-wechselkurse\/","title":{"rendered":"XCRL - Exchange Rates in SAP"},"content":{"rendered":"<p>Obsolete exchange rates in the SAP data lead to postings in the currency difference accounts for incoming and outgoing payments that do not reflect the true exchange rate fluctuations.\u00a0Correct financial controlling is therefore hardly possible.<\/p>\n<p>XCRL Wechselkurse bietet Ihnen die L\u00f6sung.<\/p>","protected":false},"excerpt":{"rendered":"<p><strong>Features\u00a0<\/strong><\/p>\n<ul>\n<li>liefert aktuelle Wechselkurse f\u00fcr \u00fcber 30 f\u00fchrende W\u00e4hrungen<\/li>\n<li>T\u00e4gliche Aktualisierung der SAP Wechselkurs-Umrechnungstabellen mit abgesicherten Daten<\/li>\n<li>Free service from the ECB<\/li>\n<li>Schnelle, schlanke L\u00f6sung \u00fcber einen SAP-Hintergrund-Job<\/li>\n<li>Keine Registrierung erforderlich, keine laufenden Kosten<\/li>\n<li>Reliable data sources<\/li>\n<li>Integration weiterer Datenquellen leicht m\u00f6glich<\/li>\n<li>SAP certified software solution<\/li>\n<\/ul>","protected":false},"featured_media":10465,"template":"","meta":[],"product_brand":[],"product_cat":[296,209],"product_tag":[],"class_list":{"0":"post-7628","1":"product","2":"type-product","3":"status-publish","4":"has-post-thumbnail","6":"product_cat-finanz-und-rechnungswesen","7":"product_cat-sap-add-ons","10":"first","11":"instock","12":"shipping-taxable","13":"product-type-simple"},"aioseo_notices":[],"_links":{"self":[{"href":"https:\/\/www.xaption.de\/en\/wp-json\/wp\/v2\/product\/7628","targetHints":{"allow":["GET"]}}],"collection":[{"href":"https:\/\/www.xaption.de\/en\/wp-json\/wp\/v2\/product"}],"about":[{"href":"https:\/\/www.xaption.de\/en\/wp-json\/wp\/v2\/types\/product"}],"wp:featuredmedia":[{"embeddable":true,"href":"https:\/\/www.xaption.de\/en\/wp-json\/wp\/v2\/media\/10465"}],"wp:attachment":[{"href":"https:\/\/www.xaption.de\/en\/wp-json\/wp\/v2\/media?parent=7628"}],"wp:term":[{"taxonomy":"product_brand","embeddable":true,"href":"https:\/\/www.xaption.de\/en\/wp-json\/wp\/v2\/product_brand?post=7628"},{"taxonomy":"product_cat","embeddable":true,"href":"https:\/\/www.xaption.de\/en\/wp-json\/wp\/v2\/product_cat?post=7628"},{"taxonomy":"product_tag","embeddable":true,"href":"https:\/\/www.xaption.de\/en\/wp-json\/wp\/v2\/product_tag?post=7628"}],"curies":[{"name":"wp","href":"https:\/\/api.w.org\/{rel}","templated":true}]}}