{"id":7641,"date":"2020-04-29T11:50:00","date_gmt":"2020-04-29T09:50:00","guid":{"rendered":"http:\/\/test.xaption.de\/?post_type=product&#038;p=7641"},"modified":"2020-06-03T15:02:36","modified_gmt":"2020-06-03T13:02:36","slug":"xprc-produktions-cockpit","status":"publish","type":"product","link":"https:\/\/www.xaption.de\/en\/product\/xprc-produktions-cockpit\/","title":{"rendered":"XPRC - Production Cockpit"},"content":{"rendered":"<p>Flexible Einstiegsm\u00f6glichkeiten zeigen eine aussagekr\u00e4ftige \u00dcbersicht \u00fcber den aktuellen Bestand an Plan- und Fertigungsauftr\u00e4gen.\u00a0Das XPRC \u00a0Produktions Cockpit erm\u00f6glicht den passenden Einstieg in die aktuellen Arbeitsvorr\u00e4te f\u00fcr Ihre Mitarbeiter in den Leitst\u00e4nden von Fertigung und Montage.<\/p>","protected":false},"excerpt":{"rendered":"<p><strong>Key Benefits<\/strong><\/p>\n<ul>\n<li>Access via sales orders, requirement plans or planned\/production orders<\/li>\n<li>Status selection (inclusion and exclusion)<\/li>\n<li>Arbeitspl\u00e4tze<\/li>\n<li>Order and operation level<\/li>\n<li><span class=\"s1\">Sofortiger <\/span><span class=\"s2\">Fehlteil-Ausweis<\/span><\/li>\n<li><span class=\"s2\">Status overview<\/span><\/li>\n<li><span class=\"s2\">Umfangreiche Bearbeitungsfunktionen wie z.B. Umwandeln, Umterminieren, R\u00fcckmelden<\/span><\/li>\n<li><span class=\"s2\">Switching options to numerous standard transactions<\/span><\/li>\n<li><span class=\"s2\">Kapa-\u00dcbersicht<\/span><\/li>\n<li><span class=\"s2\">Integration of document display<\/span><\/li>\n<\/ul>","protected":false},"featured_media":8677,"template":"","meta":[],"product_brand":[],"product_cat":[297,209],"product_tag":[],"class_list":{"0":"post-7641","1":"product","2":"type-product","3":"status-publish","4":"has-post-thumbnail","6":"product_cat-logistik-und-transport","7":"product_cat-sap-add-ons","10":"first","11":"instock","12":"shipping-taxable","13":"product-type-simple"},"aioseo_notices":[],"_links":{"self":[{"href":"https:\/\/www.xaption.de\/en\/wp-json\/wp\/v2\/product\/7641","targetHints":{"allow":["GET"]}}],"collection":[{"href":"https:\/\/www.xaption.de\/en\/wp-json\/wp\/v2\/product"}],"about":[{"href":"https:\/\/www.xaption.de\/en\/wp-json\/wp\/v2\/types\/product"}],"wp:featuredmedia":[{"embeddable":true,"href":"https:\/\/www.xaption.de\/en\/wp-json\/wp\/v2\/media\/8677"}],"wp:attachment":[{"href":"https:\/\/www.xaption.de\/en\/wp-json\/wp\/v2\/media?parent=7641"}],"wp:term":[{"taxonomy":"product_brand","embeddable":true,"href":"https:\/\/www.xaption.de\/en\/wp-json\/wp\/v2\/product_brand?post=7641"},{"taxonomy":"product_cat","embeddable":true,"href":"https:\/\/www.xaption.de\/en\/wp-json\/wp\/v2\/product_cat?post=7641"},{"taxonomy":"product_tag","embeddable":true,"href":"https:\/\/www.xaption.de\/en\/wp-json\/wp\/v2\/product_tag?post=7641"}],"curies":[{"name":"wp","href":"https:\/\/api.w.org\/{rel}","templated":true}]}}