{"id":7646,"date":"2020-04-29T13:19:51","date_gmt":"2020-04-29T11:19:51","guid":{"rendered":"http:\/\/test.xaption.de\/?post_type=product&#038;p=7646"},"modified":"2020-11-01T13:43:21","modified_gmt":"2020-11-01T12:43:21","slug":"xam-attachment-manager","status":"publish","type":"product","link":"https:\/\/www.xaption.de\/en\/product\/xam-attachment-manager\/","title":{"rendered":"XAM - Attachment Manager"},"content":{"rendered":"<p class=\"Titel\"><strong>XAM \u2013 Attachment Manager \u2013\u00a0Versenden von Emails mit Anhang direkt aus SAP<\/strong><\/p>\n<p align=\"left\">Im SAP Standard ist die z.B. innerhalb der Nachrichtensteuerung nicht m\u00f6glich.\u00a0Auch k\u00f6nnen die \u00e4lteren Druckl\u00f6sungen SAPScript und Smart Forms keine hochaufl\u00f6senden Bilder oder sonstige Anlagen ausgeben.<\/p>\n<p align=\"left\">Mit\u00a0XAM schlie\u00dft genau diese L\u00fccke: Getriggert \u00fcber die Nachrichtensteuerung erkennt die Applikation, ob f\u00fcr die betreffende Nachricht Anlagen vorhanden sind und f\u00fcgt diese dem Prozess hinzu. Hierbei werden die Ausgabemedien \u201eEmail\u201c und \u201eAusdruck\u201c unterst\u00fctzt.<\/p>","protected":false},"excerpt":{"rendered":"<p align=\"left\"><strong>Key Benefits\u00a0<\/strong><\/p>\n<ul>\n<li>Versand, Sichtung und Ausdruck von technischen Dokumenten als Anlage zu beliebigen SAP-Nachrichten.<\/li>\n<li>Anbindung an die Standard-SAP-Nachrichtensteuerung.<\/li>\n<li>Versand auch im Hintergrund.<\/li>\n<li>Generische Fileserver- oder Dokumentendatenbank-Anbindung.<\/li>\n<li>Im Dialog: Ausdruck von Dokumenten und Grafiken (auch JPEG) zusammen mit dem zugeh\u00f6rigen Belegen.<\/li>\n<li>Integration of the Windows display within the print preview<\/li>\n<li>(Acrobat Reader, Bildbetrachter, \u2026).<\/li>\n<li>Hohe Akzeptanz durch intuitive Bedienung \u00fcber die SAP- und Windows-Standardfunktionen.<\/li>\n<li>OO-Programmierung: Hochgradig anpassungsf\u00e4hig an Ihre Dokumentenmanagement-Umgebung.<\/li>\n<\/ul>","protected":false},"featured_media":9335,"template":"","meta":[],"product_brand":[],"product_cat":[298,209],"product_tag":[],"class_list":{"0":"post-7646","1":"product","2":"type-product","3":"status-publish","4":"has-post-thumbnail","6":"product_cat-tools","7":"product_cat-sap-add-ons","10":"first","11":"instock","12":"shipping-taxable","13":"product-type-simple"},"aioseo_notices":[],"_links":{"self":[{"href":"https:\/\/www.xaption.de\/en\/wp-json\/wp\/v2\/product\/7646","targetHints":{"allow":["GET"]}}],"collection":[{"href":"https:\/\/www.xaption.de\/en\/wp-json\/wp\/v2\/product"}],"about":[{"href":"https:\/\/www.xaption.de\/en\/wp-json\/wp\/v2\/types\/product"}],"wp:featuredmedia":[{"embeddable":true,"href":"https:\/\/www.xaption.de\/en\/wp-json\/wp\/v2\/media\/9335"}],"wp:attachment":[{"href":"https:\/\/www.xaption.de\/en\/wp-json\/wp\/v2\/media?parent=7646"}],"wp:term":[{"taxonomy":"product_brand","embeddable":true,"href":"https:\/\/www.xaption.de\/en\/wp-json\/wp\/v2\/product_brand?post=7646"},{"taxonomy":"product_cat","embeddable":true,"href":"https:\/\/www.xaption.de\/en\/wp-json\/wp\/v2\/product_cat?post=7646"},{"taxonomy":"product_tag","embeddable":true,"href":"https:\/\/www.xaption.de\/en\/wp-json\/wp\/v2\/product_tag?post=7646"}],"curies":[{"name":"wp","href":"https:\/\/api.w.org\/{rel}","templated":true}]}}