{"id":7648,"date":"2020-04-29T13:22:21","date_gmt":"2020-04-29T11:22:21","guid":{"rendered":"http:\/\/test.xaption.de\/?post_type=product&#038;p=7648"},"modified":"2020-06-03T18:42:20","modified_gmt":"2020-06-03T16:42:20","slug":"xpdf-translator","status":"publish","type":"product","link":"https:\/\/www.xaption.de\/en\/product\/xpdf-translator\/","title":{"rendered":"XPDF \u2013 Translator"},"content":{"rendered":"<p class=\"Titel\"><strong>XPDF - Translator - Comfortable translation of SAP Adobe forms<\/strong><\/p>\n<p>Die SAP Standard Transaktion SE63 f\u00fcr die \u00dcbersetzung von PDF Formularen hat gewisse Einschr\u00e4nkungen. XPDF ersetzt diese Transaktion und hat folgende Vorteile.<\/p>","protected":false},"excerpt":{"rendered":"<p><strong>Key Benefits<\/strong><\/p>\n<ul>\n<li>Simultaneous translations into several languages<\/li>\n<li>Editieren von Texten ohne XML<\/li>\n<li>Download\/Upload the translation as Excel file<\/li>\n<li>Tabellarische oder hierarchische Darstellung<br \/>\ndes Formulars mit Volltextsuche<\/li>\n<li>Translation suggestions from the DDIC<\/li>\n<li>Integration with customer-specific term databases<\/li>\n<li>Partial support of truly interactive forms<\/li>\n<li>Simultaneous translation of PDF forms into multiple languages<\/li>\n<li>Editing of texts is now possible without XML<\/li>\n<li>Einfacher Down-\/Upload der \u00dcbersetzungen als Excel Datei<\/li>\n<\/ul>","protected":false},"featured_media":8993,"template":"","meta":[],"product_brand":[],"product_cat":[298,209],"product_tag":[],"class_list":{"0":"post-7648","1":"product","2":"type-product","3":"status-publish","4":"has-post-thumbnail","6":"product_cat-tools","7":"product_cat-sap-add-ons","10":"first","11":"instock","12":"shipping-taxable","13":"product-type-simple"},"aioseo_notices":[],"_links":{"self":[{"href":"https:\/\/www.xaption.de\/en\/wp-json\/wp\/v2\/product\/7648","targetHints":{"allow":["GET"]}}],"collection":[{"href":"https:\/\/www.xaption.de\/en\/wp-json\/wp\/v2\/product"}],"about":[{"href":"https:\/\/www.xaption.de\/en\/wp-json\/wp\/v2\/types\/product"}],"wp:featuredmedia":[{"embeddable":true,"href":"https:\/\/www.xaption.de\/en\/wp-json\/wp\/v2\/media\/8993"}],"wp:attachment":[{"href":"https:\/\/www.xaption.de\/en\/wp-json\/wp\/v2\/media?parent=7648"}],"wp:term":[{"taxonomy":"product_brand","embeddable":true,"href":"https:\/\/www.xaption.de\/en\/wp-json\/wp\/v2\/product_brand?post=7648"},{"taxonomy":"product_cat","embeddable":true,"href":"https:\/\/www.xaption.de\/en\/wp-json\/wp\/v2\/product_cat?post=7648"},{"taxonomy":"product_tag","embeddable":true,"href":"https:\/\/www.xaption.de\/en\/wp-json\/wp\/v2\/product_tag?post=7648"}],"curies":[{"name":"wp","href":"https:\/\/api.w.org\/{rel}","templated":true}]}}