{"id":7652,"date":"2020-04-29T13:27:27","date_gmt":"2020-04-29T11:27:27","guid":{"rendered":"http:\/\/test.xaption.de\/?post_type=product&#038;p=7652"},"modified":"2020-06-03T15:06:36","modified_gmt":"2020-06-03T13:06:36","slug":"xum-software-update-manager","status":"publish","type":"product","link":"https:\/\/www.xaption.de\/en\/product\/xum-software-update-manager\/","title":{"rendered":"XUM \u2013 Software Update Manager"},"content":{"rendered":"<p class=\"Titel\"><strong>XUM \u2013\u00a0Software Updates leicht gemacht \u2013 und mit \u00dcberblick<\/strong><\/p>\n<p class=\"p1\">Die Wartung von Software-L\u00f6sungen auf Kundenseite im SAP Kontext ist oftmals schwierig und aufwendig.<\/p>\n<p class=\"p1\">Gr\u00fcnde hierf\u00fcr sind:<\/p>\n<ul>\n<li class=\"li1\">Die Bereitstellung neuer Software-Versionen erfolgt zu Zeitpunkten, die nicht immer in die Projektsituation passen.<\/li>\n<li class=\"li1\">Der Belieferte muss selbst festlegen k\u00f6nnen, wann neue Software installiert wird<\/li>\n<li class=\"li1\">Auslieferungsumf\u00e4nge bauen oft aufeinander auf.<\/li>\n<li class=\"li1\">Auslieferungsumf\u00e4nge werden manchmal verpasst und \u00fcbersprungen, so kommt es beim Import zu Syntaxfehlern weil ein vorheriger Stand noch fehlt.<\/li>\n<li class=\"li1\">Eine \u00dcbersicht \u00fcber die vorliegenden Software-St\u00e4nde ist nur schwer zu erhalten.<\/li>\n<li class=\"li1\">Der Installationsvorgang selbst ist durch zahlreiche manuelle Schritte gepr\u00e4gt.<\/li>\n<\/ul>\n<p>Die Xaption GmbH stellt <strong>allen ihren Kunden kostenlos<\/strong> die Management-Software \u201eXaption Update Manager\u201c (XUM) vor, mit deren Hilfe der gesamte \u00dcberwachungs- und Pflegeprozess in einer Oberfl\u00e4che weitgehend automatisch und sicher abgewickelt werden kann.<\/p>","protected":false},"excerpt":{"rendered":"<p>Die Xaption GmbH stellt <strong>allen ihren Kunden kostenlos<\/strong> die Management-Software \u201eXaption Update Manager\u201c (XUM) vor, mit deren Hilfe der gesamte \u00dcberwachungs- und Pflegeprozess in einer Oberfl\u00e4che weitgehend automatisch und sicher abgewickelt werden kann.<\/p>","protected":false},"featured_media":8681,"template":"","meta":[],"product_brand":[],"product_cat":[298,209],"product_tag":[],"class_list":{"0":"post-7652","1":"product","2":"type-product","3":"status-publish","4":"has-post-thumbnail","6":"product_cat-tools","7":"product_cat-sap-add-ons","10":"first","11":"instock","12":"downloadable","13":"shipping-taxable","14":"product-type-simple"},"aioseo_notices":[],"_links":{"self":[{"href":"https:\/\/www.xaption.de\/en\/wp-json\/wp\/v2\/product\/7652","targetHints":{"allow":["GET"]}}],"collection":[{"href":"https:\/\/www.xaption.de\/en\/wp-json\/wp\/v2\/product"}],"about":[{"href":"https:\/\/www.xaption.de\/en\/wp-json\/wp\/v2\/types\/product"}],"wp:featuredmedia":[{"embeddable":true,"href":"https:\/\/www.xaption.de\/en\/wp-json\/wp\/v2\/media\/8681"}],"wp:attachment":[{"href":"https:\/\/www.xaption.de\/en\/wp-json\/wp\/v2\/media?parent=7652"}],"wp:term":[{"taxonomy":"product_brand","embeddable":true,"href":"https:\/\/www.xaption.de\/en\/wp-json\/wp\/v2\/product_brand?post=7652"},{"taxonomy":"product_cat","embeddable":true,"href":"https:\/\/www.xaption.de\/en\/wp-json\/wp\/v2\/product_cat?post=7652"},{"taxonomy":"product_tag","embeddable":true,"href":"https:\/\/www.xaption.de\/en\/wp-json\/wp\/v2\/product_tag?post=7652"}],"curies":[{"name":"wp","href":"https:\/\/api.w.org\/{rel}","templated":true}]}}