{"id":8958,"date":"2020-06-03T10:07:05","date_gmt":"2020-06-03T08:07:05","guid":{"rendered":"http:\/\/test.xaption.de\/?post_type=product&#038;p=8958"},"modified":"2020-06-03T15:01:06","modified_gmt":"2020-06-03T13:01:06","slug":"xpam-partner-cockpit","status":"publish","type":"product","link":"https:\/\/www.xaption.de\/en\/product\/xpam-partner-cockpit\/","title":{"rendered":"XPAM &#8211; Partner Management"},"content":{"rendered":"<p><span class=\"Apple-converted-space\">\u00a0<\/span><b>A SAP add-on for master data management of business partners (suppliers, ...)<span class=\"Apple-converted-space\">\u00a0<\/span><\/b><\/p>\n<p>Master data of business partners, such as suppliers and customers, are important databases of a company, on which numerous processes are based. Incorrect business partner master data leads to incorrect processes.<span class=\"Apple-converted-space\">\u00a0\u00a0<\/span><\/p>\n<p>Auch im Hinblick auf SOX ist eine l\u00fcckenlose Dokumentation sinnvoll, aus der hervorgeht, wer wann welche \u00c4nderung beantragt hat und wie diese freigegeben wurde.<span class=\"Apple-converted-space\">\u00a0<\/span><\/p>\n<p>XPAM consists of a single intelligent report that clearly displays the worklists of the change requests.<\/p>\n<ul>\n<li style=\"list-style-type: none;\">\n<ul>\n<li>Alle \u00c4nderungsantr\u00e4ge, die der aktuelle Anwender selbst gestellt hat.<\/li>\n<li>Alle \u00c4nderungsantr\u00e4ge, die in einem Prozessschritt stehen, f\u00fcr die der aktuelle Anwender die Genehmigungs-Kompetenz besitzt.<\/li>\n<\/ul>\n<\/li>\n<\/ul>\n<p>The implementation was carried out using the proven Model-View-Controller paradigm in a very modular way, which significantly reduces maintenance efforts.<\/p>\n<p>&nbsp;<\/p>","protected":false},"excerpt":{"rendered":"<p><strong>Key Benefits\u00a0<\/strong><\/p>\n<ul>\n<li>a fully integrated add-on in the ERP system to ensure master data maintenance<\/li>\n<li>Role-based<\/li>\n<li>Multilingualism<span class=\"Apple-converted-space\">\u00a0<\/span><\/li>\n<li>Release mechanism with e-mail notifications<\/li>\n<li>an absolutely flexible tool for the master data change process<\/li>\n<li>suitable for the most diverse requirements without software adaptations<\/li>\n<li>Worklists instead of SAP workflow<\/li>\n<\/ul>\n<p>&nbsp;<\/p>\n<p>&nbsp;<\/p>","protected":false},"featured_media":0,"template":"","meta":[],"product_brand":[],"product_cat":[297,209],"product_tag":[],"class_list":{"0":"post-8958","1":"product","2":"type-product","3":"status-publish","5":"product_cat-logistik-und-transport","6":"product_cat-sap-add-ons","8":"first","9":"instock","10":"shipping-taxable","11":"product-type-simple"},"aioseo_notices":[],"_links":{"self":[{"href":"https:\/\/www.xaption.de\/en\/wp-json\/wp\/v2\/product\/8958","targetHints":{"allow":["GET"]}}],"collection":[{"href":"https:\/\/www.xaption.de\/en\/wp-json\/wp\/v2\/product"}],"about":[{"href":"https:\/\/www.xaption.de\/en\/wp-json\/wp\/v2\/types\/product"}],"wp:attachment":[{"href":"https:\/\/www.xaption.de\/en\/wp-json\/wp\/v2\/media?parent=8958"}],"wp:term":[{"taxonomy":"product_brand","embeddable":true,"href":"https:\/\/www.xaption.de\/en\/wp-json\/wp\/v2\/product_brand?post=8958"},{"taxonomy":"product_cat","embeddable":true,"href":"https:\/\/www.xaption.de\/en\/wp-json\/wp\/v2\/product_cat?post=8958"},{"taxonomy":"product_tag","embeddable":true,"href":"https:\/\/www.xaption.de\/en\/wp-json\/wp\/v2\/product_tag?post=8958"}],"curies":[{"name":"wp","href":"https:\/\/api.w.org\/{rel}","templated":true}]}}