{"id":8970,"date":"2020-06-03T13:43:13","date_gmt":"2020-06-03T11:43:13","guid":{"rendered":"http:\/\/test.xaption.de\/?post_type=product&#038;p=8970"},"modified":"2020-06-04T15:38:56","modified_gmt":"2020-06-04T13:38:56","slug":"xemail-e-mail-check-service","status":"publish","type":"product","link":"https:\/\/www.xaption.de\/en\/product\/xemail-e-mail-check-service\/","title":{"rendered":"XEMAIL - Email Check Service"},"content":{"rendered":"<p><span class=\"Apple-converted-space\">\u00a0<\/span><b>Ein SAP-AddOn zur Pr\u00fcfung beliebiger E-Mail Adressen \u00fcber den chk.email Pr\u00fcfdienst<span class=\"Apple-converted-space\">\u00a0<\/span><\/b><\/p>\n<p>XEMAIL ist der erste Cloud-basierte Pr\u00fcfdienst, den wir in unserer neuen XCHK-Architektur implementiert haben.<\/p>\n<p><strong>Requirements:\u00a0<\/strong>Connection of the XCHK Cloud Server via RFC destination with encrypted data transfer (HTTPS).<span class=\"Apple-converted-space\">\u00a0<\/span><\/p>\n<p>XEMAIL comes with 5 enhancement implementations that automatically integrate XEMAIL into the central address management. Thus, if an e-mail address is entered or changed somewhere during master data or document maintenance, XEMAIL jumps to the e-mail address and carries out the check.<span class=\"Apple-converted-space\">\u00a0<\/span><\/p>\n<p>All software components of XCHK and XEMAIL are located in the Xaption namespace and can therefore be easily imported into any SAP ERP landscape.<span class=\"Apple-converted-space\">\u00a0<\/span><\/p>\n<p>The delivery takes place in the form of an e-mail with transport orders in which the current version number and a list of changes are recorded. The installation is carried out with the standard SAP tools.<span class=\"Apple-converted-space\">\u00a0<\/span><\/p>\n<p align=\"left\">","protected":false},"excerpt":{"rendered":"<p><b>Key Benefits:<\/b><\/p>\n<ul>\n<li>checks e-mail addresses for deliverability without sending an e-mail<span class=\"Apple-converted-space\">\u00a0<\/span><\/li>\n<li>is integrated in the master data maintenance of\n<ul>\n<li style=\"list-style-type: none;\">\n<ul>\n<li>Debitoren\/Kreditoren,<\/li>\n<li>Business partners and persons<span class=\"Apple-converted-space\">\u00a0<\/span><\/li>\n<li>during operation with other processes for example SAP message control<span class=\"Apple-converted-space\">\u00a0<\/span><\/li>\n<\/ul>\n<\/li>\n<\/ul>\n<\/li>\n<li>is cloud-based<span class=\"Apple-converted-space\">\u00a0<\/span><\/li>\n<li>Logs check requests in database tables in your SAP system<span class=\"Apple-converted-space\">\u00a0<\/span><\/li>\n<li>Positive test results have an adjustable validity period<span class=\"Apple-converted-space\">\u00a0<\/span><\/li>\n<\/ul>","protected":false},"featured_media":8679,"template":"","meta":[],"product_brand":[],"product_cat":[298,209],"product_tag":[],"class_list":{"0":"post-8970","1":"product","2":"type-product","3":"status-publish","4":"has-post-thumbnail","6":"product_cat-tools","7":"product_cat-sap-add-ons","10":"first","11":"instock","12":"shipping-taxable","13":"product-type-simple"},"aioseo_notices":[],"_links":{"self":[{"href":"https:\/\/www.xaption.de\/en\/wp-json\/wp\/v2\/product\/8970","targetHints":{"allow":["GET"]}}],"collection":[{"href":"https:\/\/www.xaption.de\/en\/wp-json\/wp\/v2\/product"}],"about":[{"href":"https:\/\/www.xaption.de\/en\/wp-json\/wp\/v2\/types\/product"}],"wp:featuredmedia":[{"embeddable":true,"href":"https:\/\/www.xaption.de\/en\/wp-json\/wp\/v2\/media\/8679"}],"wp:attachment":[{"href":"https:\/\/www.xaption.de\/en\/wp-json\/wp\/v2\/media?parent=8970"}],"wp:term":[{"taxonomy":"product_brand","embeddable":true,"href":"https:\/\/www.xaption.de\/en\/wp-json\/wp\/v2\/product_brand?post=8970"},{"taxonomy":"product_cat","embeddable":true,"href":"https:\/\/www.xaption.de\/en\/wp-json\/wp\/v2\/product_cat?post=8970"},{"taxonomy":"product_tag","embeddable":true,"href":"https:\/\/www.xaption.de\/en\/wp-json\/wp\/v2\/product_tag?post=8970"}],"curies":[{"name":"wp","href":"https:\/\/api.w.org\/{rel}","templated":true}]}}